{"id":1331,"date":"2021-09-10T10:39:13","date_gmt":"2021-09-10T08:39:13","guid":{"rendered":"https:\/\/antcube.shop\/?page_id=1331"},"modified":"2023-12-15T12:23:13","modified_gmt":"2023-12-15T11:23:13","slug":"gnezdo-v-zemlji","status":"publish","type":"page","link":"https:\/\/antcube.shop\/sl\/iskalnik-formicarium-finder\/tip-gnezda\/gnezdo-v-zemlji\/","title":{"rendered":"Gnezdo v tleh"},"content":{"rendered":"<div id=\"gap-643823358\" class=\"gap-element clearfix\" style=\"display:block; height:auto;\">\n\t\t\n<style>\n#gap-643823358 {\n  padding-top: 197px;\n}\n@media (min-width:550px) {\n  #gap-643823358 {\n    padding-top: 200px;\n  }\n}\n@media (min-width:850px) {\n  #gap-643823358 {\n    padding-top: 171px;\n  }\n}\n<\/style>\n\t<\/div>\n\t\n\n<div class=\"row\"  id=\"row-1312104706\">\n\n\n\t<div id=\"col-1951379873\" class=\"col small-12 large-12\"  >\n\t\t\t\t<div class=\"col-inner\"  >\n\t\t\t\n\t\t\t\n\n\t<div id=\"text-3912138128\" class=\"text\">\n\t\t\n\n<p><strong>Vpra\u0161anje: <\/strong><strong>Od kod prihaja \u017eelena vrsta mravelj ali kateri habitat ima najraje?<\/strong><\/p>\n\t\t\n<style>\n#text-3912138128 {\n  font-size: 1.45rem;\n  text-align: center;\n}\n@media (min-width:550px) {\n  #text-3912138128 {\n    font-size: 1.95rem;\n  }\n}\n<\/style>\n\t<\/div>\n\t\n\t<div id=\"text-2628156468\" class=\"text\">\n\t\t\n\n<p style=\"text-align: center;\"><strong>V tem koraku iskanja formikarijev se morate odlo\u010diti, iz katerega habitata ali naravnega okolja prihaja va\u0161a vrsta mravlje. <\/strong>\u010ce niste prepri\u010dani, preverite ustrezen opis izdelka za \u017eeleno vrsto mravelj. Tam boste na\u0161li informacije.<\/p>\n\t\t\n<style>\n#text-2628156468 {\n  text-align: center;\n}\n<\/style>\n\t<\/div>\n\t\n\n\t\t<\/div>\n\t\t\t\t\t<\/div>\n\n\t\n\n<\/div>\n<div class=\"row\"  id=\"row-137890936\">\n\n\n\t<div id=\"col-2139642937\" class=\"col medium-3 small-6 large-3\"  >\n\t\t\t\t<div class=\"col-inner\"  >\n\t\t\t\n\t\t\t\n\n\n  <div class=\"banner has-hover\" id=\"banner-2113547885\">\n          <div class=\"banner-inner fill\">\n        <div class=\"banner-bg fill\" >\n            <img loading=\"lazy\" decoding=\"async\" width=\"906\" height=\"600\" src=\"https:\/\/i0.wp.com\/antcube.shop\/wp-content\/uploads\/2021\/08\/walter-sturn-HOCCH6oPVmw-unsplash-scaled.jpg?fit=906%2C600&amp;ssl=1\" class=\"bg attachment-large size-large\" alt=\"\" \/>                        <div class=\"overlay\"><\/div>            \n                    <\/div>\n\t\t\n        <div class=\"banner-layers container\">\n            <a class=\"fill\" href=\"https:\/\/antcube.shop\/formicarium-finder\/nest-type\/soil-nest\/habitat-meadow\/\"><div class=\"fill banner-link\"><\/div><\/a>            \n\n   <div id=\"text-box-288269075\" class=\"text-box banner-layer x50 md-x50 lg-x50 y5 md-y5 lg-y20 res-text\">\n                                <div class=\"text-box-content text dark text-shadow-5\">\n              \n              <div class=\"text-inner text-center\">\n                  \n\n\t<div id=\"text-306164971\" class=\"text\">\n\t\t\n\n<h3 class=\"uppercase\"><strong>Meadow<\/strong><\/h3>\n\t\t\n<style>\n#text-306164971 {\n  font-size: 0.75rem;\n}\n@media (min-width:550px) {\n  #text-306164971 {\n    font-size: 0.75rem;\n  }\n}\n@media (min-width:850px) {\n  #text-306164971 {\n    font-size: 1.1rem;\n  }\n}\n<\/style>\n\t<\/div>\n\t\n\n              <\/div>\n           <\/div>\n                            \n<style>\n#text-box-288269075 {\n  width: 100%;\n}\n#text-box-288269075 .text-box-content {\n  font-size: 100%;\n}\n@media (min-width:550px) {\n  #text-box-288269075 {\n    width: 100%;\n  }\n}\n@media (min-width:850px) {\n  #text-box-288269075 {\n    width: 60%;\n  }\n}\n<\/style>\n    <\/div>\n \n\n        <\/div>\n      <\/div>\n\n            \n<style>\n#banner-2113547885 {\n  padding-top: 99.99%;\n}\n#banner-2113547885 .overlay {\n  background-color: rgba(0, 0, 0, 0);\n}\n<\/style>\n  <\/div>\n\n\n\n\t\t<\/div>\n\t\t\t\t\t<\/div>\n\n\t\n\n\t<div id=\"col-1641085477\" class=\"col medium-3 small-6 large-3\"  >\n\t\t\t\t<div class=\"col-inner\"  >\n\t\t\t\n\t\t\t\n\n\n  <div class=\"banner has-hover\" id=\"banner-51525039\">\n          <div class=\"banner-inner fill\">\n        <div class=\"banner-bg fill\" >\n            <img loading=\"lazy\" decoding=\"async\" width=\"401\" height=\"600\" src=\"https:\/\/i0.wp.com\/antcube.shop\/wp-content\/uploads\/2021\/08\/daniel-sessler-78kaMQmUUq4-unsplash-scaled.jpg?fit=401%2C600&amp;ssl=1\" class=\"bg attachment-large size-large\" alt=\"\" \/>                        <div class=\"overlay\"><\/div>            \n                    <\/div>\n\t\t\n        <div class=\"banner-layers container\">\n            <a class=\"fill\" href=\"https:\/\/antcube.shop\/formicarium-finder\/nest-type\/soil-nest\/habitat-forest\/\"><div class=\"fill banner-link\"><\/div><\/a>            \n\n   <div id=\"text-box-1096788987\" class=\"text-box banner-layer x50 md-x50 lg-x50 y5 md-y5 lg-y20 res-text\">\n                                <div class=\"text-box-content text dark text-shadow-5\">\n              \n              <div class=\"text-inner text-center\">\n                  \n\n\t<div id=\"text-1748367500\" class=\"text\">\n\t\t\n\n<h3 class=\"uppercase\"><strong>Forest<\/strong><\/h3>\n\t\t\n<style>\n#text-1748367500 {\n  font-size: 0.75rem;\n}\n@media (min-width:550px) {\n  #text-1748367500 {\n    font-size: 0.75rem;\n  }\n}\n@media (min-width:850px) {\n  #text-1748367500 {\n    font-size: 1.1rem;\n  }\n}\n<\/style>\n\t<\/div>\n\t\n\n              <\/div>\n           <\/div>\n                            \n<style>\n#text-box-1096788987 {\n  width: 100%;\n}\n#text-box-1096788987 .text-box-content {\n  font-size: 100%;\n}\n@media (min-width:550px) {\n  #text-box-1096788987 {\n    width: 100%;\n  }\n}\n@media (min-width:850px) {\n  #text-box-1096788987 {\n    width: 60%;\n  }\n}\n<\/style>\n    <\/div>\n \n\n        <\/div>\n      <\/div>\n\n            \n<style>\n#banner-51525039 {\n  padding-top: 99.99%;\n}\n#banner-51525039 .overlay {\n  background-color: rgba(0, 0, 0, 0);\n}\n#banner-51525039 .banner-bg img {\n  object-position: 25% 69%;\n}\n<\/style>\n  <\/div>\n\n\n\n\t\t<\/div>\n\t\t\t\t\t<\/div>\n\n\t\n\n\t<div id=\"col-263364039\" class=\"col medium-3 small-6 large-3\"  >\n\t\t\t\t<div class=\"col-inner\"  >\n\t\t\t\n\t\t\t\n\n\n  <div class=\"banner has-hover\" id=\"banner-845024009\">\n          <div class=\"banner-inner fill\">\n        <div class=\"banner-bg fill\" >\n            <img loading=\"lazy\" decoding=\"async\" width=\"400\" height=\"600\" src=\"https:\/\/i0.wp.com\/antcube.shop\/wp-content\/uploads\/2021\/08\/huper-by-joshua-earle-mErSbLOqSJk-unsplash-scaled.jpg?fit=400%2C600&amp;ssl=1\" class=\"bg attachment-large size-large\" alt=\"\" \/>                        <div class=\"overlay\"><\/div>            \n                    <\/div>\n\t\t\n        <div class=\"banner-layers container\">\n            <a class=\"fill\" href=\"https:\/\/antcube.shop\/formicarium-finder\/nest-type\/soil-nest\/habitat-desert\/\"><div class=\"fill banner-link\"><\/div><\/a>            \n\n   <div id=\"text-box-172328498\" class=\"text-box banner-layer x0 md-x50 lg-x50 y0 md-y5 lg-y10 res-text\">\n                                <div class=\"text-box-content text dark text-shadow-5\">\n              \n              <div class=\"text-inner text-center\">\n                  \n\n\t<div id=\"text-230684357\" class=\"text\">\n\t\t\n\n<h3 class=\"uppercase\"><strong>Pu\u0161\u010dave ali stepe<\/strong><\/h3>\n\t\t\n<style>\n#text-230684357 {\n  font-size: 0.75rem;\n  text-align: center;\n}\n@media (min-width:550px) {\n  #text-230684357 {\n    font-size: 0.75rem;\n  }\n}\n@media (min-width:850px) {\n  #text-230684357 {\n    font-size: 1.1rem;\n  }\n}\n<\/style>\n\t<\/div>\n\t\n\n              <\/div>\n           <\/div>\n                            \n<style>\n#text-box-172328498 {\n  width: 100%;\n}\n#text-box-172328498 .text-box-content {\n  font-size: 100%;\n}\n@media (min-width:550px) {\n  #text-box-172328498 {\n    width: 100%;\n  }\n}\n@media (min-width:850px) {\n  #text-box-172328498 {\n    width: 60%;\n  }\n}\n<\/style>\n    <\/div>\n \n\n        <\/div>\n      <\/div>\n\n            \n<style>\n#banner-845024009 {\n  padding-top: 99.99%;\n}\n#banner-845024009 .overlay {\n  background-color: rgba(0, 0, 0, 0);\n}\n#banner-845024009 .banner-bg img {\n  object-position: 51% 61%;\n}\n<\/style>\n  <\/div>\n\n\n\n\t\t<\/div>\n\t\t\t\t\t<\/div>\n\n\t\n\n\t<div id=\"col-227189583\" class=\"col medium-3 small-6 large-3\"  >\n\t\t\t\t<div class=\"col-inner\"  >\n\t\t\t\n\t\t\t\n\n\n  <div class=\"banner has-hover\" id=\"banner-1437002044\">\n          <div class=\"banner-inner fill\">\n        <div class=\"banner-bg fill\" >\n            <img loading=\"lazy\" decoding=\"async\" width=\"402\" height=\"600\" src=\"https:\/\/i0.wp.com\/antcube.shop\/wp-content\/uploads\/2021\/08\/david-clode-SF4Gj1xvqk0-unsplash-scaled.jpg?fit=402%2C600&amp;ssl=1\" class=\"bg attachment-large size-large\" alt=\"\" \/>                        <div class=\"overlay\"><\/div>            \n                    <\/div>\n\t\t\n        <div class=\"banner-layers container\">\n            <a class=\"fill\" href=\"https:\/\/antcube.shop\/formicarium-finder\/nest-type\/soil-nest\/habitat-rainforest\/\"><div class=\"fill banner-link\"><\/div><\/a>            \n\n   <div id=\"text-box-761283897\" class=\"text-box banner-layer x0 md-x0 lg-x50 y5 md-y5 lg-y20 res-text\">\n                                <div class=\"text-box-content text dark text-shadow-5\">\n              \n              <div class=\"text-inner text-center\">\n                  \n\n\t<div id=\"text-4083324944\" class=\"text\">\n\t\t\n\n<h3 class=\"uppercase\"><strong>De\u017eevni gozd<\/strong><\/h3>\n\t\t\n<style>\n#text-4083324944 {\n  font-size: 0.75rem;\n  text-align: center;\n}\n@media (min-width:550px) {\n  #text-4083324944 {\n    font-size: 0.75rem;\n  }\n}\n@media (min-width:850px) {\n  #text-4083324944 {\n    font-size: 1.1rem;\n  }\n}\n<\/style>\n\t<\/div>\n\t\n\n              <\/div>\n           <\/div>\n                            \n<style>\n#text-box-761283897 {\n  width: 100%;\n}\n#text-box-761283897 .text-box-content {\n  font-size: 100%;\n}\n@media (min-width:550px) {\n  #text-box-761283897 {\n    width: 100%;\n  }\n}\n@media (min-width:850px) {\n  #text-box-761283897 {\n    width: 82%;\n  }\n}\n<\/style>\n    <\/div>\n \n\n        <\/div>\n      <\/div>\n\n            \n<style>\n#banner-1437002044 {\n  padding-top: 99.99%;\n}\n#banner-1437002044 .overlay {\n  background-color: rgba(0, 0, 0, 0);\n}\n#banner-1437002044 .banner-bg img {\n  object-position: 65% 69%;\n}\n<\/style>\n  <\/div>\n\n\n\n\t\t<\/div>\n\t\t\t\t\t<\/div>\n\n\t\n\n<\/div>\n\t<div id=\"gap-1740557002\" class=\"gap-element clearfix\" style=\"display:block; height:auto;\">\n\t\t\n<style>\n#gap-1740557002 {\n  padding-top: 50px;\n}\n<\/style>\n\t<\/div>","protected":false},"excerpt":{"rendered":"","protected":false},"author":1,"featured_media":0,"parent":1264,"menu_order":0,"comment_status":"closed","ping_status":"closed","template":"","meta":{"_acf_changed":false,"content-type":"","_monsterinsights_skip_tracking":false,"_monsterinsights_sitenote_active":false,"_monsterinsights_sitenote_note":"","_monsterinsights_sitenote_category":0,"footnotes":""},"class_list":["post-1331","page","type-page","status-publish","hentry"],"acf":[],"aioseo_notices":[],"jetpack_sharing_enabled":true,"_links":{"self":[{"href":"https:\/\/antcube.shop\/sl\/wp-json\/wp\/v2\/pages\/1331","targetHints":{"allow":["GET"]}}],"collection":[{"href":"https:\/\/antcube.shop\/sl\/wp-json\/wp\/v2\/pages"}],"about":[{"href":"https:\/\/antcube.shop\/sl\/wp-json\/wp\/v2\/types\/page"}],"author":[{"embeddable":true,"href":"https:\/\/antcube.shop\/sl\/wp-json\/wp\/v2\/users\/1"}],"replies":[{"embeddable":true,"href":"https:\/\/antcube.shop\/sl\/wp-json\/wp\/v2\/comments?post=1331"}],"version-history":[{"count":10,"href":"https:\/\/antcube.shop\/sl\/wp-json\/wp\/v2\/pages\/1331\/revisions"}],"predecessor-version":[{"id":6850,"href":"https:\/\/antcube.shop\/sl\/wp-json\/wp\/v2\/pages\/1331\/revisions\/6850"}],"up":[{"embeddable":true,"href":"https:\/\/antcube.shop\/sl\/wp-json\/wp\/v2\/pages\/1264"}],"wp:attachment":[{"href":"https:\/\/antcube.shop\/sl\/wp-json\/wp\/v2\/media?parent=1331"}],"curies":[{"name":"wp","href":"https:\/\/api.w.org\/{rel}","templated":true}]}}