{"id":1135,"date":"2021-09-08T09:48:21","date_gmt":"2021-09-08T07:48:21","guid":{"rendered":"https:\/\/antcube.shop\/?page_id=1135"},"modified":"2024-10-24T14:32:46","modified_gmt":"2024-10-24T12:32:46","slug":"trajnostni-razvoj","status":"publish","type":"page","link":"https:\/\/antcube.shop\/sl\/o-nas\/trajnostni-razvoj\/","title":{"rendered":"Trajnostni razvoj"},"content":{"rendered":"<div id=\"gap-1454020880\" class=\"gap-element clearfix\" style=\"display:block; height:auto;\">\n\t\t\n<style>\n#gap-1454020880 {\n  padding-top: 181px;\n}\n@media (min-width:850px) {\n  #gap-1454020880 {\n    padding-top: 75px;\n  }\n}\n<\/style>\n\t<\/div>\n\t\n\n\n  <div class=\"banner has-hover\" id=\"banner-1623259969\">\n          <div class=\"banner-inner fill\">\n        <div class=\"banner-bg fill\" >\n            <img data-recalc-dims=\"1\" loading=\"lazy\" decoding=\"async\" width=\"1020\" height=\"574\" src=\"https:\/\/i0.wp.com\/antcube.shop\/wp-content\/uploads\/2021\/08\/caspian-dahlstrom-xXbaTOP31M4-unsplash-scaled.jpg?resize=1020%2C574&#038;ssl=1\" class=\"bg attachment-original size-original\" alt=\"\" \/>                        <div class=\"overlay\"><\/div>            \n                    <\/div>\n\t\t\n        <div class=\"banner-layers container\">\n            <div class=\"fill banner-link\"><\/div>            \n\n   <div id=\"text-box-1225561360\" class=\"text-box banner-layer x50 md-x50 lg-x50 y50 md-y50 lg-y50 res-text\">\n                                <div class=\"text-box-content text dark\">\n              \n              <div class=\"text-inner text-center\">\n                  \n\n<h3 class=\"uppercase\"><strong>Trajnostni razvoj<\/strong><\/h3>\n<p>\u00a0<\/p>\n\n              <\/div>\n           <\/div>\n                            \n<style>\n#text-box-1225561360 {\n  width: 60%;\n}\n#text-box-1225561360 .text-box-content {\n  font-size: 100%;\n}\n<\/style>\n    <\/div>\n \n\n        <\/div>\n      <\/div>\n\n            \n<style>\n#banner-1623259969 {\n  padding-top: 60%;\n}\n#banner-1623259969 .overlay {\n  background-color: rgba(0, 0, 0, 0);\n}\n#banner-1623259969 .banner-bg img {\n  object-position: 51% 51%;\n}\n@media (min-width:550px) {\n  #banner-1623259969 {\n    padding-top: 500px;\n  }\n}\n<\/style>\n  <\/div>\n\n\n\t<div id=\"gap-218042889\" class=\"gap-element clearfix\" style=\"display:block; height:auto;\">\n\t\t\n<style>\n#gap-218042889 {\n  padding-top: 40px;\n}\n<\/style>\n\t<\/div>\n\t\n\n<div class=\"row\"  id=\"row-2121111170\">\n\n\n\t<div id=\"col-575867293\" class=\"col medium-7 small-12 large-6\"  >\n\t\t\t\t<div class=\"col-inner\"  >\n\t\t\t\n\t\t\t\n\n\t<div id=\"text-2906865063\" class=\"text\">\n\t\t\n\n<h2>Kako si prizadevamo postati okolju prijaznej\u0161i<\/h2>\n<p align=\"CENTER\"><strong><span style=\"color: #ff0000;\">Vsi smo odgovorni za ta planet!<\/span><\/strong><\/p>\n<p>To je imel v mislih \u017ee na\u0161 ustanovitelj, ko je pred 20 leti ustanovil trgovino ANTSTORE. Ohranjanje narave z uporabo stekla za mravlji\u0161\u010da namesto akrilnih nastavkov.<\/p>\n<p>Razumemo, da Zemlja ne potrebuje nas, ampak mi potrebujemo ta \u010dudoviti planet. Zato si skupaj prizadevajmo za ohranitev na\u0161e narave in smo hvale\u017eni za vsako pomo\u010d pri raziskavah in razvoju okolju prijazne in reciklabilne embala\u017ee, da ne bi ve\u010d pove\u010devali dele\u017ea polietilenskih delcev v na\u0161i vodi.<\/p>\n<p>Zato zdaj delamo prve korake, da bomo po letu 2022 uporabljali le okolju prijazno embala\u017eo. Zavedamo se, da je sprememba embala\u017ee le majhen korak k trajnostnemu razvoju podjetja, zato si prizadevamo tudi za digitalizacijo, optimizacijo transportnih poti in izobra\u017eevanje.<\/p>\n<p>Z nakupom na\u0161ih izdelkov nas lahko podprete. Pomagajte nam izpolniti na\u0161o dol\u017enost ohranjanja tega \u010dudovitega zelenega planeta z vsemi njegovimi raznolikimi oblikami \u017eivljenja. Z nakupom spodbujate na\u0161 oddelek za raziskave in razvoj k oblikovanju \u0161e bolj trajnostnih re\u0161itev v korist vseh nas.<\/p>\n<p>Poleg tega nameravamo sodelovati s fundacijo \"posadi drevo\", da bi na\u0161i gozdovi spet za\u010deli rasti. Ti so eden najpomembnej\u0161ih habitatov tudi za mravlje! Kmalu vas bomo obve\u0161\u010dali o novostih.<\/p>\n\t\t\n<style>\n#text-2906865063 {\n  text-align: center;\n}\n<\/style>\n\t<\/div>\n\t\n\n\t\t<\/div>\n\t\t\t\t\t<\/div>\n\n\t\n\n\t<div id=\"col-1129563581\" class=\"col medium-5 small-12 large-6\"  >\n\t\t\t\t<div class=\"col-inner\"  >\n\t\t\t\n\t\t\t\n\n\t<div class=\"img has-hover x md-x lg-x y md-y lg-y\" id=\"image_1104301370\">\n\t\t\t\t\t\t\t\t<div class=\"img-inner dark\" >\n\t\t\t<img data-recalc-dims=\"1\" loading=\"lazy\" decoding=\"async\" width=\"1020\" height=\"681\" src=\"https:\/\/i0.wp.com\/antcube.shop\/wp-content\/uploads\/2021\/08\/mark-AddyORqTyCg-unsplash-scaled.jpg?resize=1020%2C681&#038;ssl=1\" class=\"attachment-original size-original\" alt=\"\" srcset=\"https:\/\/i0.wp.com\/antcube.shop\/wp-content\/uploads\/2021\/08\/mark-AddyORqTyCg-unsplash-scaled.jpg?w=2560&amp;ssl=1 2560w, https:\/\/i0.wp.com\/antcube.shop\/wp-content\/uploads\/2021\/08\/mark-AddyORqTyCg-unsplash-scaled.jpg?resize=510%2C341&amp;ssl=1 510w, https:\/\/i0.wp.com\/antcube.shop\/wp-content\/uploads\/2021\/08\/mark-AddyORqTyCg-unsplash-scaled.jpg?resize=599%2C400&amp;ssl=1 599w, https:\/\/i0.wp.com\/antcube.shop\/wp-content\/uploads\/2021\/08\/mark-AddyORqTyCg-unsplash-scaled.jpg?resize=1198%2C800&amp;ssl=1 1198w, https:\/\/i0.wp.com\/antcube.shop\/wp-content\/uploads\/2021\/08\/mark-AddyORqTyCg-unsplash-scaled.jpg?resize=768%2C513&amp;ssl=1 768w, https:\/\/i0.wp.com\/antcube.shop\/wp-content\/uploads\/2021\/08\/mark-AddyORqTyCg-unsplash-scaled.jpg?resize=1536%2C1026&amp;ssl=1 1536w, https:\/\/i0.wp.com\/antcube.shop\/wp-content\/uploads\/2021\/08\/mark-AddyORqTyCg-unsplash-scaled.jpg?resize=2048%2C1368&amp;ssl=1 2048w\" sizes=\"auto, (max-width: 1020px) 100vw, 1020px\" \/>\t\t\t\t\t\t\n\t\t\t\t\t<\/div>\n\t\t\t\t\t\t\t\t\n<style>\n#image_1104301370 {\n  width: 100%;\n}\n<\/style>\n\t<\/div>\n\t\n\n\n\t\t<\/div>\n\t\t\t\t\t<\/div>\n\n\t\n\n<\/div>","protected":false},"excerpt":{"rendered":"","protected":false},"author":1,"featured_media":0,"parent":104,"menu_order":0,"comment_status":"closed","ping_status":"closed","template":"","meta":{"_acf_changed":false,"content-type":"","_monsterinsights_skip_tracking":false,"_monsterinsights_sitenote_active":false,"_monsterinsights_sitenote_note":"","_monsterinsights_sitenote_category":0,"footnotes":""},"class_list":["post-1135","page","type-page","status-publish","hentry"],"acf":[],"aioseo_notices":[],"jetpack_sharing_enabled":true,"_links":{"self":[{"href":"https:\/\/antcube.shop\/sl\/wp-json\/wp\/v2\/pages\/1135","targetHints":{"allow":["GET"]}}],"collection":[{"href":"https:\/\/antcube.shop\/sl\/wp-json\/wp\/v2\/pages"}],"about":[{"href":"https:\/\/antcube.shop\/sl\/wp-json\/wp\/v2\/types\/page"}],"author":[{"embeddable":true,"href":"https:\/\/antcube.shop\/sl\/wp-json\/wp\/v2\/users\/1"}],"replies":[{"embeddable":true,"href":"https:\/\/antcube.shop\/sl\/wp-json\/wp\/v2\/comments?post=1135"}],"version-history":[{"count":10,"href":"https:\/\/antcube.shop\/sl\/wp-json\/wp\/v2\/pages\/1135\/revisions"}],"predecessor-version":[{"id":10349,"href":"https:\/\/antcube.shop\/sl\/wp-json\/wp\/v2\/pages\/1135\/revisions\/10349"}],"up":[{"embeddable":true,"href":"https:\/\/antcube.shop\/sl\/wp-json\/wp\/v2\/pages\/104"}],"wp:attachment":[{"href":"https:\/\/antcube.shop\/sl\/wp-json\/wp\/v2\/media?parent=1135"}],"curies":[{"name":"wp","href":"https:\/\/api.w.org\/{rel}","templated":true}]}}