{"id":102,"date":"2013-08-11T19:22:53","date_gmt":"2013-08-11T19:22:53","guid":{"rendered":"http:\/\/localhost:8888\/test\/?page_id=532"},"modified":"2026-04-17T10:49:38","modified_gmt":"2026-04-17T08:49:38","slug":"kontaktirajte","status":"publish","type":"page","link":"https:\/\/antcube.shop\/sl\/kontaktirajte\/","title":{"rendered":"Pi\u0161ite na"},"content":{"rendered":"<div id=\"gap-2104674166\" class=\"gap-element clearfix\" style=\"display:block; height:auto;\">\n\t\t\n<style>\n#gap-2104674166 {\n  padding-top: 30px;\n}\n<\/style>\n\t<\/div>\n\t\n\n<div class=\"row\"  id=\"row-1257643886\">\n\n\n\t<div id=\"col-898402749\" class=\"col medium-6 large-6\"  >\n\t\t\t\t<div class=\"col-inner\"  >\n\t\t\t\n\t\t\t\n\n<div class=\"container section-title-container\" ><h3 class=\"section-title section-title-normal\"><b aria-hidden=\"true\"><\/b><span class=\"section-title-main\" >Pogosto zastavljena vpra\u0161anja<\/span><b aria-hidden=\"true\"><\/b><\/h3><\/div>\n\n<p class=\"lead\">Preberite na\u0161e <a href=\"https:\/\/antcube.shop\/faq-shop\/\">POGOSTA VPRA\u0160ANJA<\/a> preden nam po\u0161ljete sporo\u010dilo.<\/p>\n<div class=\"accordion\">\n\n\t<div id=\"accordion-3755620271\" class=\"accordion-item\">\n\t\t<a id=\"accordion-3755620271-label\" class=\"accordion-title plain\" href=\"#accordion-item-you-do-not-know-what-ant-species-to-keep-or-which-formicarium-you-should-use?\" aria-expanded=\"false\" aria-controls=\"accordion-3755620271-content\">\n\t\t\t<button class=\"toggle\" aria-label=\"Toggle\"><i class=\"icon-angle-down\" aria-hidden=\"true\"><\/i><\/button>\n\t\t\t<span>Ne veste, katere vrste mravelj gojiti ali kateri formikarij uporabiti?<\/span>\n\t\t<\/a>\n\t\t<div id=\"accordion-3755620271-content\" class=\"accordion-inner\" aria-labelledby=\"accordion-3755620271-label\">\n\t\t\t\n\n<p>Poskusite z na\u0161im \"iskalnikom mravelj\" ali \"iskalnikom formikarijev\" - Na\u0161a spletna storitev za stranke<\/p>\n<p><a href=\"https:\/\/antcube.shop\/ant-finder\/\">Poi\u0161\u010dite svojo vrsto mravelj<\/a><\/p>\n<p><a href=\"https:\/\/antcube.shop\/formicarium-finder\/\">Poi\u0161\u010dite svoj formikarij<\/a><\/p>\n\n\t\t<\/div>\n\t<\/div>\n\t\n\t<div id=\"accordion-608639243\" class=\"accordion-item\">\n\t\t<a id=\"accordion-608639243-label\" class=\"accordion-title plain\" href=\"#accordion-item-what-are-the-delivery-times-and-charges-for-orders-from-the-online-shop?\" aria-expanded=\"false\" aria-controls=\"accordion-608639243-content\">\n\t\t\t<button class=\"toggle\" aria-label=\"Toggle\"><i class=\"icon-angle-down\" aria-hidden=\"true\"><\/i><\/button>\n\t\t\t<span>Kak\u0161ni so dobavni roki in stro\u0161ki za naro\u010dila iz spletne trgovine?<\/span>\n\t\t<\/a>\n\t\t<div id=\"accordion-608639243-content\" class=\"accordion-inner\" aria-labelledby=\"accordion-608639243-label\">\n\t\t\t\n\n<p>Informacije o predvidenem \u010dasu dostave najdete tukaj:<\/p>\n<p><a href=\"https:\/\/antcube.shop\/delivery-times\/\">\u010cas dostave<\/a><\/p>\n<p>\u010ce \u017eelite izvedeti o predvidenih stro\u0161kih dostave in omejitvah dostave, si oglejte tukaj:<\/p>\n<p><a href=\"https:\/\/antcube.shop\/shipping-costs-delivery-restrictions\/\">Stro\u0161ki dostave\/omejitve dostave<\/a><\/p>\n\n\t\t<\/div>\n\t<\/div>\n\t\n\t<div id=\"accordion-2505101071\" class=\"accordion-item\">\n\t\t<a id=\"accordion-2505101071-label\" class=\"accordion-title plain\" href=\"#accordion-item-you-have-questions-about-returns-or-refunds?\" aria-expanded=\"false\" aria-controls=\"accordion-2505101071-content\">\n\t\t\t<button class=\"toggle\" aria-label=\"Toggle\"><i class=\"icon-angle-down\" aria-hidden=\"true\"><\/i><\/button>\n\t\t\t<span>Imate vpra\u0161anja o vra\u010dilih ali povra\u010dilih?<\/span>\n\t\t<\/a>\n\t\t<div id=\"accordion-2505101071-content\" class=\"accordion-inner\" aria-labelledby=\"accordion-2505101071-label\">\n\t\t\t\n\n<p><a href=\"https:\/\/antcube.shop\/refund-policy\/\">Pravilnik o vra\u010dilu denarja<\/a><\/p>\n<p><a href=\"https:\/\/antcube.shop\/terms-and-conditions\/\">Pogoji in dolo\u010dila<\/a><\/p>\n\n\t\t<\/div>\n\t<\/div>\n\t\n\t<div id=\"accordion-1172134907\" class=\"accordion-item\">\n\t\t<a id=\"accordion-1172134907-label\" class=\"accordion-title plain\" href=\"#accordion-item-which-payment-methods-are-accepted-in-the-online-shop?\" aria-expanded=\"false\" aria-controls=\"accordion-1172134907-content\">\n\t\t\t<button class=\"toggle\" aria-label=\"Toggle\"><i class=\"icon-angle-down\" aria-hidden=\"true\"><\/i><\/button>\n\t\t\t<span>Kateri na\u010dini pla\u010dila so sprejeti v spletni trgovini?<\/span>\n\t\t<\/a>\n\t\t<div id=\"accordion-1172134907-content\" class=\"accordion-inner\" aria-labelledby=\"accordion-1172134907-label\">\n\t\t\t\n\n<p>Pregled na\u0161ih sprejetih na\u010dinov pla\u010dila najdete tukaj:<\/p>\n<p><a href=\"https:\/\/antcube.shop\/payment-methods\/\">Na\u010dini pla\u010dila<\/a><\/p>\n\n\t\t<\/div>\n\t<\/div>\n\t\n\t<div id=\"accordion-217134314\" class=\"accordion-item\">\n\t\t<a id=\"accordion-217134314-label\" class=\"accordion-title plain\" href=\"#accordion-item-you-are-looking-for-user-manuals-for-your-starter-set?\" aria-expanded=\"false\" aria-controls=\"accordion-217134314-content\">\n\t\t\t<button class=\"toggle\" aria-label=\"Toggle\"><i class=\"icon-angle-down\" aria-hidden=\"true\"><\/i><\/button>\n\t\t\t<span>I\u0161\u010dete uporabni\u0161ka navodila za za\u010detni komplet?<\/span>\n\t\t<\/a>\n\t\t<div id=\"accordion-217134314-content\" class=\"accordion-inner\" aria-labelledby=\"accordion-217134314-label\">\n\t\t\t\n\n<p>Tu poi\u0161\u010dite uporabni\u0161ka navodila PDF za tiskanje ali prenos:<\/p>\n<p><a href=\"https:\/\/antcube.shop\/download\/\">Prenesi<\/a><\/p>\n\n\t\t<\/div>\n\t<\/div>\n\t\n\t<div id=\"accordion-3574852352\" class=\"accordion-item\">\n\t\t<a id=\"accordion-3574852352-label\" class=\"accordion-title plain\" href=\"#accordion-item-you-need-more-information-about-certain-ant-species-or-ant-keeping-in-general?\" aria-expanded=\"false\" aria-controls=\"accordion-3574852352-content\">\n\t\t\t<button class=\"toggle\" aria-label=\"Toggle\"><i class=\"icon-angle-down\" aria-hidden=\"true\"><\/i><\/button>\n\t\t\t<span>Potrebujete ve\u010d informacij o dolo\u010denih vrstah mravelj ali o mravlji\u0161\u010darstvu na splo\u0161no?<\/span>\n\t\t<\/a>\n\t\t<div id=\"accordion-3574852352-content\" class=\"accordion-inner\" aria-labelledby=\"accordion-3574852352-label\">\n\t\t\t\n\n<p>Tukaj najdete pogosto zastavljena vpra\u0161anja o mravljah in njihovem gojenju:<\/p>\n<p><a href=\"https:\/\/antcube.shop\/faq-ants\/\">Pogosta vpra\u0161anja o mravljah<\/a><\/p>\n<p><a href=\"https:\/\/antcube.shop\/catching-queen-ants\/\">Kako ujeti mravljinjo kraljico<\/a><\/p>\n<p><a href=\"https:\/\/antcube.shop\/ant-species\/\">Preberite ve\u010d o mravljah<\/a><\/p>\n<p><a href=\"https:\/\/antcube.shop\/social-media\/\">Oglejte si na\u0161e kanale YouTube, kjer lahko najdete koristne nasvete in informacije.<\/a><\/p>\n\n\t\t<\/div>\n\t<\/div>\n\t\n\t<div id=\"accordion-2347941534\" class=\"accordion-item\">\n\t\t<a id=\"accordion-2347941534-label\" class=\"accordion-title plain\" href=\"#accordion-item-you-have-questions-about-our-products?\" aria-expanded=\"false\" aria-controls=\"accordion-2347941534-content\">\n\t\t\t<button class=\"toggle\" aria-label=\"Toggle\"><i class=\"icon-angle-down\" aria-hidden=\"true\"><\/i><\/button>\n\t\t\t<span>Imate vpra\u0161anja o na\u0161ih izdelkih?<\/span>\n\t\t<\/a>\n\t\t<div id=\"accordion-2347941534-content\" class=\"accordion-inner\" aria-labelledby=\"accordion-2347941534-label\">\n\t\t\t\n\n<p>\u010ce imate vpra\u0161anja o na\u0161ih izdelkih, si najprej oglejte ustrezen opis izdelka v na\u0161i trgovini.<\/p>\n<p>Sicer pa lahko ve\u010d informacij najdete tukaj:<\/p>\n<p><a href=\"https:\/\/antcube.shop\/product-information\/\">Informacije o izdelku<\/a><\/p>\n\n\t\t<\/div>\n\t<\/div>\n\t\n\n<\/div>\n\t<div id=\"gap-1918271723\" class=\"gap-element clearfix\" style=\"display:block; height:auto;\">\n\t\t\n<style>\n#gap-1918271723 {\n  padding-top: 60px;\n}\n<\/style>\n\t<\/div>\n\t\n\n\t<div class=\"img has-hover x md-x lg-x y md-y lg-y\" id=\"image_1795579274\">\n\t\t\t\t\t\t\t\t<div class=\"img-inner dark\" >\n\t\t\t<img data-recalc-dims=\"1\" loading=\"lazy\" decoding=\"async\" width=\"900\" height=\"900\" src=\"https:\/\/i0.wp.com\/antcube.shop\/wp-content\/uploads\/2021\/09\/Firmeneingang.jpg?resize=900%2C900&#038;ssl=1\" class=\"attachment-original size-original\" alt=\"Vhod v trgovino ANTSTORE\" srcset=\"https:\/\/i0.wp.com\/antcube.shop\/wp-content\/uploads\/2021\/09\/Firmeneingang.jpg?w=900&amp;ssl=1 900w, https:\/\/i0.wp.com\/antcube.shop\/wp-content\/uploads\/2021\/09\/Firmeneingang.jpg?resize=247%2C247&amp;ssl=1 247w, https:\/\/i0.wp.com\/antcube.shop\/wp-content\/uploads\/2021\/09\/Firmeneingang.jpg?resize=100%2C100&amp;ssl=1 100w, https:\/\/i0.wp.com\/antcube.shop\/wp-content\/uploads\/2021\/09\/Firmeneingang.jpg?resize=510%2C510&amp;ssl=1 510w, https:\/\/i0.wp.com\/antcube.shop\/wp-content\/uploads\/2021\/09\/Firmeneingang.jpg?resize=400%2C400&amp;ssl=1 400w, https:\/\/i0.wp.com\/antcube.shop\/wp-content\/uploads\/2021\/09\/Firmeneingang.jpg?resize=800%2C800&amp;ssl=1 800w, https:\/\/i0.wp.com\/antcube.shop\/wp-content\/uploads\/2021\/09\/Firmeneingang.jpg?resize=280%2C280&amp;ssl=1 280w, https:\/\/i0.wp.com\/antcube.shop\/wp-content\/uploads\/2021\/09\/Firmeneingang.jpg?resize=768%2C768&amp;ssl=1 768w\" sizes=\"auto, (max-width: 900px) 100vw, 900px\" \/>\t\t\t\t\t\t\n\t\t\t\t\t<\/div>\n\t\t\t\t\t\t\t\t\n<style>\n#image_1795579274 {\n  width: 100%;\n}\n<\/style>\n\t<\/div>\n\t\n\n\n\t\t<\/div>\n\t\t\t\t\t<\/div>\n\n\t\n\n\t<div id=\"col-1008501475\" class=\"col medium-6 large-6\"  >\n\t\t\t\t<div class=\"col-inner\"  >\n\t\t\t\n\t\t\t\n\n<div class=\"container section-title-container\" ><h3 class=\"section-title section-title-normal\"><b aria-hidden=\"true\"><\/b><span class=\"section-title-main\" >Pi\u0161ite nam<\/span><b aria-hidden=\"true\"><\/b><\/h3><\/div>\n\n<ul>\n<li><strong>E-naslov<\/strong>: support@ants.de<\/li>\n<li><strong>Telefon<\/strong>: <a href=\"tel:+49 30 439703870\">+49 30 439703870<\/a><\/li>\n<\/ul>\n<p><strong>Delovni \u010das <\/strong>(UTC\/GMT +1):<\/p>\n<ul>\n<li>Od torka do petka od 10:00 do 12:00 in od 13:00 do 18:00<\/li>\n<\/ul>\n\n<div class=\"container section-title-container\" ><h3 class=\"section-title section-title-normal\"><b aria-hidden=\"true\"><\/b><span class=\"section-title-main\" >Obi\u0161\u010dite na\u0161o trgovino<\/span><b aria-hidden=\"true\"><\/b><\/h3><\/div>\n\n<p><strong>Naslov:<\/strong><\/p>\n<ul>\n<li>Ulica: Selerweg 41<\/li>\n<li>Po\u0161tna \u0161tevilka: D - 12169<\/li>\n<li>Mesto: Berlin<\/li>\n<li>Dr\u017eava: Nem\u010dija<\/li>\n<li>Okro\u017eje: Steglitz-Zehlendorf<\/li>\n<\/ul>\n<p><strong>Delovni \u010das<\/strong> (UTC\/GMT +1)<\/p>\n<ul>\n<li>Od torka do petka od 13:00 do 18:00<\/li>\n<\/ul>\n<p><iframe loading=\"lazy\" style=\"border: 0;\" src=\"https:\/\/www.google.com\/maps\/embed?pb=!1m18!1m12!1m3!1d2431.3708399886823!2d13.335121715997175!3d52.454311048847416!2m3!1f0!2f0!3f0!3m2!1i1024!2i768!4f13.1!3m3!1m2!1s0x47a85a9242e5bc07%3A0xc44ee1d5a0728440!2sANTSTORE!5e0!3m2!1sde!2sde!4v1632470583913!5m2!1sde!2sde\" width=\"600\" height=\"450\" allowfullscreen=\"allowfullscreen\"><\/iframe><\/p>\n\n\t\t<\/div>\n\t\t\t\t\t<\/div>\n\n\t\n\n<\/div>","protected":false},"excerpt":{"rendered":"","protected":false},"author":1,"featured_media":27,"parent":0,"menu_order":0,"comment_status":"closed","ping_status":"closed","template":"page-blank.php","meta":{"_acf_changed":false,"content-type":"","_monsterinsights_skip_tracking":false,"_monsterinsights_sitenote_active":false,"_monsterinsights_sitenote_note":"","_monsterinsights_sitenote_category":0,"footnotes":""},"class_list":["post-102","page","type-page","status-publish","has-post-thumbnail","hentry"],"acf":[],"aioseo_notices":[],"jetpack_sharing_enabled":true,"_links":{"self":[{"href":"https:\/\/antcube.shop\/sl\/wp-json\/wp\/v2\/pages\/102","targetHints":{"allow":["GET"]}}],"collection":[{"href":"https:\/\/antcube.shop\/sl\/wp-json\/wp\/v2\/pages"}],"about":[{"href":"https:\/\/antcube.shop\/sl\/wp-json\/wp\/v2\/types\/page"}],"author":[{"embeddable":true,"href":"https:\/\/antcube.shop\/sl\/wp-json\/wp\/v2\/users\/1"}],"replies":[{"embeddable":true,"href":"https:\/\/antcube.shop\/sl\/wp-json\/wp\/v2\/comments?post=102"}],"version-history":[{"count":10,"href":"https:\/\/antcube.shop\/sl\/wp-json\/wp\/v2\/pages\/102\/revisions"}],"predecessor-version":[{"id":13417,"href":"https:\/\/antcube.shop\/sl\/wp-json\/wp\/v2\/pages\/102\/revisions\/13417"}],"wp:featuredmedia":[{"embeddable":true,"href":"https:\/\/antcube.shop\/sl\/wp-json\/wp\/v2\/media\/27"}],"wp:attachment":[{"href":"https:\/\/antcube.shop\/sl\/wp-json\/wp\/v2\/media?parent=102"}],"curies":[{"name":"wp","href":"https:\/\/api.w.org\/{rel}","templated":true}]}}