{"id":9887,"date":"2024-10-08T15:19:57","date_gmt":"2024-10-08T13:19:57","guid":{"rendered":"https:\/\/antcube.shop\/en\/product\/ameisenarena-rahmen-60x30-5cm\/"},"modified":"2026-04-05T20:47:18","modified_gmt":"2026-04-05T18:47:18","slug":"mravenisko-ram-60x30-5cm","status":"publish","type":"product","link":"https:\/\/antcube.shop\/sk\/produkt\/mravenisko-ram-60x30-5cm\/","title":{"rendered":"R\u00e1m mraveniska 60\u00d730 - 5 cm"},"content":{"rendered":"<p><strong>Rozmery (Dx\u0160xV):<\/strong> 60x30x0,4 cm<br \/>\n\u0160\u00edrka 5 cm<\/p>\n<p><span data-text-color=\"alert\"><strong>UPOZORNENIE: Vhodn\u00e9 len pre na\u0161e kryty na sklo + mrie\u017eku 60 \u00d7 30!<\/strong><\/span><\/p>\n<p><strong>Materi\u00e1l:<\/strong> Plav\u00e1kov\u00e9 sklo<\/p>\n<p><strong>Farba:<\/strong> kri\u0161t\u00e1\u013eovo \u010dist\u00fd \/ prieh\u013eadn\u00fd<\/p>\n<p><strong>Obsah:<\/strong><br \/>\n1x r\u00e1m mraveniska<\/p>\n<p><strong>Popis: V s\u00fa\u010dasnosti je na trhu viac ako 10 000 zariaden\u00ed, ktor\u00e9 s\u00fa ur\u010den\u00e9 na predaj:<\/strong><br \/>\nSklenen\u00fd r\u00e1m pre mravenisko ako ochrana pred \u00fanikom<\/p>\n<p><strong>Pou\u017eitie:<\/strong><br \/>\nR\u00e1m mraveniska je r\u00e1m vyroben\u00fd zo skla, ktor\u00fd sa umiestni na vrch mraveniska a na spodnej strane je opatren\u00fd ochranou proti \u00faniku (olej, pr\u00e1\u0161ok alebo lak), aby sa zabr\u00e1nilo \u00faniku mravcov.<\/p>\n<p><strong>Pozn\u00e1mka:<\/strong><br \/>\nKe\u010f\u017ee je v\u00fdrobok vyroben\u00fd zo skla, a preto je krehk\u00fd, malo by sa s n\u00edm zaobch\u00e1dza\u0165 ve\u013emi opatrne. Sklo sa br\u00fasi na mieru pod\u013ea normy DIN 1249 s toleranciou +\/- 1 mm. V pr\u00edpade extr\u00e9mne mal\u00fdch druhov mravcov je nevyhnutn\u00e1 dodato\u010dn\u00e1 ochrana proti rozbitiu.<\/p>","protected":false},"excerpt":{"rendered":"<p>Rozmery (Dx\u0160xV): 60x30x0,4 cm \u0161\u00edrka 5 cm UPOZORNENIE: Vhodn\u00e9 len pre na\u0161e kryty na sklo+mrie\u017eku 60\u00d730! Materi\u00e1l: Materi\u00e1l: plav\u00e1kov\u00e9 sklo Farba: kri\u0161t\u00e1\u013eovo \u010d\u00edra \/ prieh\u013eadn\u00e1 Obsah: Obsah: 1x r\u00e1mik na mravenisko Popis: R\u00e1mik na mravenisko je vyroben\u00fd zo sklenen\u00e9ho materi\u00e1lu: Sklenen\u00fd r\u00e1m pre mravenisko ako ochrana pred \u00fanikom Pou\u017eitie: Sklenen\u00fd r\u00e1m pre mravenisko s povrchovou \u00fapravou, s povrchovou \u00fapravou z 30x30x30 cm: R\u00e1m mraveniska je r\u00e1m zo skla, ktor\u00fd sa umiest\u0148uje na vrchn\u00fa \u010das\u0165 mraveniska a sl\u00fa\u017ei ako \u00fanikov\u00e1 ochrana pred mravcami.","protected":false},"featured_media":10125,"comment_status":"open","ping_status":"closed","template":"","meta":{"_acf_changed":false,"content-type":"","_monsterinsights_skip_tracking":false,"_monsterinsights_sitenote_active":false,"_monsterinsights_sitenote_note":"","_monsterinsights_sitenote_category":0},"product_brand":[484],"product_cat":[91,93],"product_tag":[],"class_list":{"0":"post-9887","1":"product","2":"type-product","3":"status-publish","4":"has-post-thumbnail","6":"product_brand-antcube","7":"product_cat-formicarium-modules","8":"product_cat-arena-frame","10":"first","11":"instock","12":"taxable","13":"shipping-taxable","14":"purchasable","15":"product-type-simple"},"acf":[],"aioseo_notices":[],"jetpack_sharing_enabled":true,"_links":{"self":[{"href":"https:\/\/antcube.shop\/sk\/wp-json\/wp\/v2\/product\/9887","targetHints":{"allow":["GET"]}}],"collection":[{"href":"https:\/\/antcube.shop\/sk\/wp-json\/wp\/v2\/product"}],"about":[{"href":"https:\/\/antcube.shop\/sk\/wp-json\/wp\/v2\/types\/product"}],"replies":[{"embeddable":true,"href":"https:\/\/antcube.shop\/sk\/wp-json\/wp\/v2\/comments?post=9887"}],"wp:featuredmedia":[{"embeddable":true,"href":"https:\/\/antcube.shop\/sk\/wp-json\/wp\/v2\/media\/10125"}],"wp:attachment":[{"href":"https:\/\/antcube.shop\/sk\/wp-json\/wp\/v2\/media?parent=9887"}],"wp:term":[{"taxonomy":"product_brand","embeddable":true,"href":"https:\/\/antcube.shop\/sk\/wp-json\/wp\/v2\/product_brand?post=9887"},{"taxonomy":"product_cat","embeddable":true,"href":"https:\/\/antcube.shop\/sk\/wp-json\/wp\/v2\/product_cat?post=9887"},{"taxonomy":"product_tag","embeddable":true,"href":"https:\/\/antcube.shop\/sk\/wp-json\/wp\/v2\/product_tag?post=9887"}],"curies":[{"name":"wp","href":"https:\/\/api.w.org\/{rel}","templated":true}]}}