{"id":9886,"date":"2024-10-08T15:19:28","date_gmt":"2024-10-08T13:19:28","guid":{"rendered":"https:\/\/antcube.shop\/en\/product\/ameisenarena-rahmen-30x30-5cm\/"},"modified":"2026-04-15T13:38:01","modified_gmt":"2026-04-15T11:38:01","slug":"mravenisko-ram-30x30-5cm","status":"publish","type":"product","link":"https:\/\/antcube.shop\/sk\/produkt\/mravenisko-ram-30x30-5cm\/","title":{"rendered":"R\u00e1m mraveniska 30 \u00d7 30 - 5 cm"},"content":{"rendered":"<p><strong>Rozmery (Dx\u0160xV):<\/strong> 30x30x0,4 cm<br \/>\n\u0160\u00edrka 5 cm<\/p>\n<p><strong>Materi\u00e1l:<\/strong> plaven\u00e9 sklo<\/p>\n<p><strong>Farba:<\/strong> kri\u0161t\u00e1\u013eovo \u010dist\u00fd \/ prieh\u013eadn\u00fd<\/p>\n<p><strong>Obsah:<\/strong><br \/>\n1x r\u00e1m mraveniska<\/p>\n<p><strong>Popis: V s\u00fa\u010dasnosti je na trhu viac ako 10 000 zariaden\u00ed, ktor\u00e9 s\u00fa ur\u010den\u00e9 na predaj:<\/strong><br \/>\nSklenen\u00fd r\u00e1m pre mravenisko ako ochrana pred \u00fanikom<\/p>\n<p><strong>Pou\u017eitie:<\/strong><br \/>\nR\u00e1m mraveniska je r\u00e1m vyroben\u00fd zo skla, ktor\u00fd sa umiestni na vrch mraveniska a na spodnej strane je opatren\u00fd ochranou proti \u00faniku (olej, pr\u00e1\u0161ok alebo lak), aby sa zabr\u00e1nilo \u00faniku mravcov.<\/p>\n<p><strong>Pozn\u00e1mka:<\/strong><br \/>\nKe\u010f\u017ee je v\u00fdrobok vyroben\u00fd zo skla, a preto je krehk\u00fd, malo by sa s n\u00edm zaobch\u00e1dza\u0165 ve\u013emi opatrne. Sklo sa br\u00fasi na mieru pod\u013ea normy DIN 1249 s toleranciou +\/- 1 mm. V pr\u00edpade extr\u00e9mne mal\u00fdch druhov mravcov je nevyhnutn\u00e1 dodato\u010dn\u00e1 ochrana proti rozbitiu.<\/p>","protected":false},"excerpt":{"rendered":"<p>Rozmery (Dx\u0160xV): 30x30x0,4 cm \u0161\u00edrka 5 cm Materi\u00e1l: plaven\u00e9 sklo Farba: kri\u0161t\u00e1\u013eovo \u010dist\u00e1 \/ prieh\u013eadn\u00e1 Obsah: Obsahuje: 1x r\u00e1mik na mravenisko Popis: R\u00e1mik na mravenisko: Sklenen\u00fd r\u00e1m pre mravenisko ako ochrana pred \u00fanikom Pou\u017eitie: Sklenen\u00fd r\u00e1m pre mravenisko ako ochrana pred \u00fanikom: R\u00e1m mraveniska je sklenen\u00fd r\u00e1m, ktor\u00fd sa umiest\u0148uje na mravenisko a je vybaven\u00fd \u00fanikovou ochranou.","protected":false},"featured_media":10126,"comment_status":"open","ping_status":"closed","template":"","meta":{"_acf_changed":false,"content-type":"","_monsterinsights_skip_tracking":false,"_monsterinsights_sitenote_active":false,"_monsterinsights_sitenote_note":"","_monsterinsights_sitenote_category":0},"product_brand":[484],"product_cat":[91,93],"product_tag":[],"class_list":{"0":"post-9886","1":"product","2":"type-product","3":"status-publish","4":"has-post-thumbnail","6":"product_brand-antcube","7":"product_cat-formicarium-modules","8":"product_cat-arena-frame","10":"first","11":"instock","12":"taxable","13":"shipping-taxable","14":"purchasable","15":"product-type-simple"},"acf":[],"aioseo_notices":[],"jetpack_sharing_enabled":true,"_links":{"self":[{"href":"https:\/\/antcube.shop\/sk\/wp-json\/wp\/v2\/product\/9886","targetHints":{"allow":["GET"]}}],"collection":[{"href":"https:\/\/antcube.shop\/sk\/wp-json\/wp\/v2\/product"}],"about":[{"href":"https:\/\/antcube.shop\/sk\/wp-json\/wp\/v2\/types\/product"}],"replies":[{"embeddable":true,"href":"https:\/\/antcube.shop\/sk\/wp-json\/wp\/v2\/comments?post=9886"}],"wp:featuredmedia":[{"embeddable":true,"href":"https:\/\/antcube.shop\/sk\/wp-json\/wp\/v2\/media\/10126"}],"wp:attachment":[{"href":"https:\/\/antcube.shop\/sk\/wp-json\/wp\/v2\/media?parent=9886"}],"wp:term":[{"taxonomy":"product_brand","embeddable":true,"href":"https:\/\/antcube.shop\/sk\/wp-json\/wp\/v2\/product_brand?post=9886"},{"taxonomy":"product_cat","embeddable":true,"href":"https:\/\/antcube.shop\/sk\/wp-json\/wp\/v2\/product_cat?post=9886"},{"taxonomy":"product_tag","embeddable":true,"href":"https:\/\/antcube.shop\/sk\/wp-json\/wp\/v2\/product_tag?post=9886"}],"curies":[{"name":"wp","href":"https:\/\/api.w.org\/{rel}","templated":true}]}}