{"id":9885,"date":"2024-10-08T15:18:52","date_gmt":"2024-10-08T13:18:52","guid":{"rendered":"https:\/\/antcube.shop\/en\/product\/abdeckung-hybrid-30x30\/"},"modified":"2026-03-31T15:36:01","modified_gmt":"2026-03-31T13:36:01","slug":"hybridny-kryt-30x30","status":"publish","type":"product","link":"https:\/\/antcube.shop\/sk\/produkt\/hybridny-kryt-30x30\/","title":{"rendered":"Hybridn\u00fd kryt 30 \u00d7 30"},"content":{"rendered":"<p>Sklo bezpe\u010dn\u00e9 pre mravce a drozofily + kryt zo sie\u0165oviny z nehrdzavej\u00facej ocele. Cez jemn\u00fa sie\u0165ku z nehrdzavej\u00facej ocele sa nedostan\u00fa ani tie najmen\u0161ie druhy a dokonca ani mravce, ktor\u00e9 rozoberaj\u00fa listy, ju nedok\u00e1\u017eu prereza\u0165.<\/p>\n<p><strong>Rozmery (Dx\u0160xV):<\/strong> 30x30x0,4 cm<br \/>\n<strong>Pripojenia:<\/strong> 2x 50 mm otvor<br \/>\nVetracia plocha 11,7 x 17,5 cm<\/p>\n<p><strong>Materi\u00e1l:<\/strong> plaven\u00e9 sklo, mrie\u017eka z nehrdzavej\u00facej ocele<\/p>\n<p><strong>Farba:<\/strong> kri\u0161t\u00e1\u013eovo \u010dist\u00fd \/ prieh\u013eadn\u00fd<\/p>\n<p><strong>Obsah:<\/strong><br \/>\n1x po\u0165ah hybridn\u00fd 30\u00d730<br \/>\n1x upev\u0148ovacie body \u00e0 4 ks.<\/p>\n<p><strong>Popis: V s\u00fa\u010dasnosti je na trhu viac ako 10 000 zariaden\u00ed, ktor\u00e9 s\u00fa ur\u010den\u00e9 na predaj:<\/strong><br \/>\nSklenen\u00fd kryt mraveniska ako ochrana pred \u00fanikom<\/p>\n<p><strong>Pou\u017eitie:<\/strong><br \/>\nSklenen\u00fd kryt mraveniska sa umiest\u0148uje na mravenisko a pou\u017e\u00edva sa aj na regul\u00e1ciu kl\u00edmy.<br \/>\nDo 50 mm otvorov mo\u017eno vlo\u017ei\u0165 r\u00f4zne moduly na regul\u00e1ciu kl\u00edmy, napr. vetracie mrie\u017eky, osvetlenie alebo zvlh\u010dovanie.<br \/>\nAby sa zabr\u00e1nilo \u00faniku mravcov cez otvory, mala by sa na spodn\u00fa stranu okolo otvorov nanies\u0165 ochrana proti \u00faniku (olej, pr\u00e1\u0161ok alebo lak).<\/p>\n<p><strong>Pozn\u00e1mka:<\/strong><br \/>\nKe\u010f\u017ee je v\u00fdrobok vyroben\u00fd zo skla, a preto je krehk\u00fd, treba s n\u00edm zaobch\u00e1dza\u0165 ve\u013emi opatrne.<\/p>","protected":false},"excerpt":{"rendered":"<p>Sklo bezpe\u010dn\u00e9 pre mravce a drozofily + kryt zo sie\u0165oviny z nehrdzavej\u00facej ocele. Cez jemn\u00fa sie\u0165ku z nehrdzavej\u00facej ocele sa nedostan\u00fa ani tie najmen\u0161ie druhy a dokonca ani mravce, ktor\u00e9 rozoberaj\u00fa listy, ju nedok\u00e1\u017eu prereza\u0165. Rozmery (Dx\u0160xV): 30x30x0,4 cm Pripojenia: Materi\u00e1l: plaven\u00e9 sklo, mrie\u017eka z nehrdzavej\u00facej ocele Farba: kri\u0161t\u00e1\u013eovo \u010dist\u00e1 \/ prieh\u013eadn\u00e1","protected":false},"featured_media":9890,"comment_status":"open","ping_status":"closed","template":"","meta":{"_acf_changed":false,"content-type":"","_monsterinsights_skip_tracking":false,"_monsterinsights_sitenote_active":false,"_monsterinsights_sitenote_note":"","_monsterinsights_sitenote_category":0},"product_brand":[484],"product_cat":[257,91,92],"product_tag":[],"class_list":{"0":"post-9885","1":"product","2":"type-product","3":"status-publish","4":"has-post-thumbnail","6":"product_brand-antcube","7":"product_cat-new-innovatve-products","8":"product_cat-formicarium-modules","9":"product_cat-arena-cover","11":"first","12":"instock","13":"taxable","14":"shipping-taxable","15":"purchasable","16":"product-type-simple"},"acf":[],"aioseo_notices":[],"jetpack_sharing_enabled":true,"_links":{"self":[{"href":"https:\/\/antcube.shop\/sk\/wp-json\/wp\/v2\/product\/9885","targetHints":{"allow":["GET"]}}],"collection":[{"href":"https:\/\/antcube.shop\/sk\/wp-json\/wp\/v2\/product"}],"about":[{"href":"https:\/\/antcube.shop\/sk\/wp-json\/wp\/v2\/types\/product"}],"replies":[{"embeddable":true,"href":"https:\/\/antcube.shop\/sk\/wp-json\/wp\/v2\/comments?post=9885"}],"wp:featuredmedia":[{"embeddable":true,"href":"https:\/\/antcube.shop\/sk\/wp-json\/wp\/v2\/media\/9890"}],"wp:attachment":[{"href":"https:\/\/antcube.shop\/sk\/wp-json\/wp\/v2\/media?parent=9885"}],"wp:term":[{"taxonomy":"product_brand","embeddable":true,"href":"https:\/\/antcube.shop\/sk\/wp-json\/wp\/v2\/product_brand?post=9885"},{"taxonomy":"product_cat","embeddable":true,"href":"https:\/\/antcube.shop\/sk\/wp-json\/wp\/v2\/product_cat?post=9885"},{"taxonomy":"product_tag","embeddable":true,"href":"https:\/\/antcube.shop\/sk\/wp-json\/wp\/v2\/product_tag?post=9885"}],"curies":[{"name":"wp","href":"https:\/\/api.w.org\/{rel}","templated":true}]}}