{"id":9354,"date":"2024-09-17T16:30:08","date_gmt":"2024-09-17T14:30:08","guid":{"rendered":"https:\/\/antcube.shop\/en\/product\/tranke-cylinder-klein\/"},"modified":"2026-04-06T17:28:15","modified_gmt":"2026-04-06T15:28:15","slug":"valec-s-pitnym-zlabom-maly","status":"publish","type":"product","link":"https:\/\/antcube.shop\/sk\/produkt\/valec-s-pitnym-zlabom-maly\/","title":{"rendered":"Nap\u00e1jac\u00ed \u017e\u013eab Valec mal\u00fd"},"content":{"rendered":"<p><strong>Ve\u013ekos\u0165:<\/strong> 25x16x18 mm, 2 ml<\/p>\n<p><strong>Farba:<\/strong> kri\u0161t\u00e1\u013eovo \u010dist\u00fd<\/p>\n<p><strong>Materi\u00e1l:<\/strong> PMMA<\/p>\n<p><strong>Popis: V s\u00fa\u010dasnosti je na trhu viac ako 10 000 zariaden\u00ed, ktor\u00e9 s\u00fa ur\u010den\u00e9 na predaj:<\/strong> Mravce si tak m\u00f4\u017eu zabezpe\u010di\u0165 dostatok vlhkosti vo svojom formik\u00e1riu. Povrchov\u00e9 nap\u00e4tie vody zabra\u0148uje \u00faniku vody z nap\u00e1ja\u010dky.<\/p>\n<p><strong>Upozornenie:<\/strong><br \/>\nV pr\u00edpade mal\u00fdch druhov mravcov by sa pred v\u00fdchod do nap\u00e1jadla mala kv\u00f4li bezpe\u010dnosti umiestni\u0165 \u0161pongia, mrie\u017eka alebo jemn\u00fd piesok. V opa\u010dnom pr\u00edpade sa m\u00f4\u017eu jednotliv\u00e9 robotnice dosta\u0165 do nap\u00e1ja\u010dky. V\u00fdborne sa hod\u00ed 14 mm \u0161pongia.<\/p>","protected":false},"excerpt":{"rendered":"<p><strong>Rozmery:<\/strong> 25x16x18 mm, 2 ml<\/p>","protected":false},"featured_media":9439,"comment_status":"open","ping_status":"closed","template":"","meta":{"_acf_changed":false,"content-type":"","_monsterinsights_skip_tracking":false,"_monsterinsights_sitenote_active":false,"_monsterinsights_sitenote_note":"","_monsterinsights_sitenote_category":0},"product_brand":[],"product_cat":[115,117],"product_tag":[],"class_list":{"0":"post-9354","1":"product","2":"type-product","3":"status-publish","4":"has-post-thumbnail","6":"product_cat-food-and-feeding","7":"product_cat-drinkers-for-ants","9":"first","10":"instock","11":"taxable","12":"shipping-taxable","13":"purchasable","14":"product-type-simple"},"acf":[],"aioseo_notices":[],"jetpack_sharing_enabled":true,"_links":{"self":[{"href":"https:\/\/antcube.shop\/sk\/wp-json\/wp\/v2\/product\/9354","targetHints":{"allow":["GET"]}}],"collection":[{"href":"https:\/\/antcube.shop\/sk\/wp-json\/wp\/v2\/product"}],"about":[{"href":"https:\/\/antcube.shop\/sk\/wp-json\/wp\/v2\/types\/product"}],"replies":[{"embeddable":true,"href":"https:\/\/antcube.shop\/sk\/wp-json\/wp\/v2\/comments?post=9354"}],"wp:featuredmedia":[{"embeddable":true,"href":"https:\/\/antcube.shop\/sk\/wp-json\/wp\/v2\/media\/9439"}],"wp:attachment":[{"href":"https:\/\/antcube.shop\/sk\/wp-json\/wp\/v2\/media?parent=9354"}],"wp:term":[{"taxonomy":"product_brand","embeddable":true,"href":"https:\/\/antcube.shop\/sk\/wp-json\/wp\/v2\/product_brand?post=9354"},{"taxonomy":"product_cat","embeddable":true,"href":"https:\/\/antcube.shop\/sk\/wp-json\/wp\/v2\/product_cat?post=9354"},{"taxonomy":"product_tag","embeddable":true,"href":"https:\/\/antcube.shop\/sk\/wp-json\/wp\/v2\/product_tag?post=9354"}],"curies":[{"name":"wp","href":"https:\/\/api.w.org\/{rel}","templated":true}]}}