{"id":9350,"date":"2024-09-17T16:28:05","date_gmt":"2024-09-17T14:28:05","guid":{"rendered":"https:\/\/antcube.shop\/en\/product\/futternapf-6cm\/"},"modified":"2026-03-06T17:46:20","modified_gmt":"2026-03-06T16:46:20","slug":"miska-na-jedlo-6-cm","status":"publish","type":"product","link":"https:\/\/antcube.shop\/sk\/produkt\/miska-na-jedlo-6-cm\/","title":{"rendered":"Miska na jedlo - 6 cm"},"content":{"rendered":"<p><strong>Rozmery:<\/strong> 6 x 1,5 x 4,5 cm<\/p>\n<p><strong>Materi\u00e1l:<\/strong><br \/>\nPolyesterov\u00e1 \u017eivica, materi\u00e1l bezpe\u010dn\u00fd pre potraviny<\/p>\n<p><strong>Popis: V s\u00fa\u010dasnosti je na trhu viac ako 10 000 zariaden\u00ed, ktor\u00e9 s\u00fa ur\u010den\u00e9 na predaj:<\/strong><br \/>\nMravcom m\u00f4\u017eete v t\u00fdchto kamenn\u00fdch z\u00e1sobn\u00edkoch pon\u00faknu\u0165 potravu alebo vodn\u00fd g\u00e9l. V\u010faka hladk\u00e9mu vn\u00fatru sa \u013eahko \u010distia. Z\u00e1sobn\u00edky na skaly s\u00fa vyroben\u00e9 z odolnej syntetickej \u017eivice a mravce ich nem\u00f4\u017eu zni\u010di\u0165.<\/p>","protected":false},"excerpt":{"rendered":"<p><strong>Rozmery:\u00a0<\/strong> 6 x 1,5 x 4,5 cm<\/p>","protected":false},"featured_media":9447,"comment_status":"open","ping_status":"closed","template":"","meta":{"_acf_changed":false,"content-type":"","_monsterinsights_skip_tracking":false,"_monsterinsights_sitenote_active":false,"_monsterinsights_sitenote_note":"","_monsterinsights_sitenote_category":0},"product_brand":[],"product_cat":[115,118],"product_tag":[],"class_list":{"0":"post-9350","1":"product","2":"type-product","3":"status-publish","4":"has-post-thumbnail","6":"product_cat-food-and-feeding","7":"product_cat-feeding-bowls","9":"first","10":"instock","11":"taxable","12":"shipping-taxable","13":"purchasable","14":"product-type-simple"},"acf":[],"aioseo_notices":[],"jetpack_sharing_enabled":true,"_links":{"self":[{"href":"https:\/\/antcube.shop\/sk\/wp-json\/wp\/v2\/product\/9350","targetHints":{"allow":["GET"]}}],"collection":[{"href":"https:\/\/antcube.shop\/sk\/wp-json\/wp\/v2\/product"}],"about":[{"href":"https:\/\/antcube.shop\/sk\/wp-json\/wp\/v2\/types\/product"}],"replies":[{"embeddable":true,"href":"https:\/\/antcube.shop\/sk\/wp-json\/wp\/v2\/comments?post=9350"}],"wp:featuredmedia":[{"embeddable":true,"href":"https:\/\/antcube.shop\/sk\/wp-json\/wp\/v2\/media\/9447"}],"wp:attachment":[{"href":"https:\/\/antcube.shop\/sk\/wp-json\/wp\/v2\/media?parent=9350"}],"wp:term":[{"taxonomy":"product_brand","embeddable":true,"href":"https:\/\/antcube.shop\/sk\/wp-json\/wp\/v2\/product_brand?post=9350"},{"taxonomy":"product_cat","embeddable":true,"href":"https:\/\/antcube.shop\/sk\/wp-json\/wp\/v2\/product_cat?post=9350"},{"taxonomy":"product_tag","embeddable":true,"href":"https:\/\/antcube.shop\/sk\/wp-json\/wp\/v2\/product_tag?post=9350"}],"curies":[{"name":"wp","href":"https:\/\/api.w.org\/{rel}","templated":true}]}}