{"id":9349,"date":"2024-09-17T16:27:32","date_gmt":"2024-09-17T14:27:32","guid":{"rendered":"https:\/\/antcube.shop\/en\/product\/antcube-popcorn-nest-60x30-l\/"},"modified":"2026-03-02T09:48:53","modified_gmt":"2026-03-02T08:48:53","slug":"mravenisko-popcorn-nest-60x30-l","status":"publish","type":"product","link":"https:\/\/antcube.shop\/sk\/produkt\/mravenisko-popcorn-nest-60x30-l\/","title":{"rendered":"ANTCUBE - Popcornov\u00e9 hniezdo 60\u00d730 - L"},"content":{"rendered":"<p><strong>Rozmery:<\/strong> 583x237x19 mm<\/p>\n<p><strong>Materi\u00e1l:<\/strong> Popcorn lisovan\u00fd so sachar\u00f3zou a bielkovinami<\/p>\n<p><strong>Hod\u00ed sa len do<\/strong> na\u0161e mravenisk\u00e1 ve\u013ekosti L<\/p>\n<p><strong>Popis: V s\u00fa\u010dasnosti je na trhu viac ako 10 000 zariaden\u00ed, ktor\u00e9 s\u00fa ur\u010den\u00e9 na predaj:<\/strong> Toto popcornov\u00e9 hniezdo s prefabrikovan\u00fdmi chodbami a kom\u00f4rkami je ide\u00e1lne ako s\u00fdpka napr\u00edklad pre mravce Messor, ale aj pre in\u00e9 druhy mravcov, ktor\u00e9 zbieraj\u00fa zrn\u00e1. M\u00e1 otvor na pr\u00edstup do hniezda. Popcornov\u00e9 hniezdo absorbuje vlhkos\u0165 a v d\u00f4sledku toho sa m\u00f4\u017ee zmen\u0161i\u0165, tak\u017ee<strong> by sa mal v\u017edy udr\u017eiava\u0165 v suchu.<\/strong> Messor barbarus ve\u013emi dobre prij\u00edma na\u0161e popcornov\u00e9 hniezdo ANTCUBE ako s\u00fdpku. Mravce \u010dasom za\u010dn\u00fa popcornov\u00e9 hniezdo roz\u0161irova\u0165 a prejedaj\u00fa sa hniezdnym materi\u00e1lom.<\/p>\n<p>Popcornov\u00e9 hniezdo by sa malo pou\u017e\u00edva\u0165 len pre druhy mravcov, ktor\u00e9 vy\u017eaduj\u00fa ve\u013emi mal\u00fa alebo \u017eiadnu vlhkos\u0165 v oblasti hniezda.<\/p>","protected":false},"excerpt":{"rendered":"<p><strong>Ve\u013ekos\u0165: L<\/strong><\/p>","protected":false},"featured_media":9449,"comment_status":"open","ping_status":"closed","template":"","meta":{"_acf_changed":false,"content-type":"","_monsterinsights_skip_tracking":false,"_monsterinsights_sitenote_active":false,"_monsterinsights_sitenote_note":"","_monsterinsights_sitenote_category":0},"product_brand":[484],"product_cat":[257,344,87],"product_tag":[],"class_list":{"0":"post-9349","1":"product","2":"type-product","3":"status-publish","4":"has-post-thumbnail","6":"product_brand-antcube","7":"product_cat-new-innovatve-products","8":"product_cat-popcorn","9":"product_cat-nest-insets","11":"first","12":"instock","13":"taxable","14":"shipping-taxable","15":"purchasable","16":"product-type-simple"},"acf":[],"aioseo_notices":[],"jetpack_sharing_enabled":true,"_links":{"self":[{"href":"https:\/\/antcube.shop\/sk\/wp-json\/wp\/v2\/product\/9349","targetHints":{"allow":["GET"]}}],"collection":[{"href":"https:\/\/antcube.shop\/sk\/wp-json\/wp\/v2\/product"}],"about":[{"href":"https:\/\/antcube.shop\/sk\/wp-json\/wp\/v2\/types\/product"}],"replies":[{"embeddable":true,"href":"https:\/\/antcube.shop\/sk\/wp-json\/wp\/v2\/comments?post=9349"}],"wp:featuredmedia":[{"embeddable":true,"href":"https:\/\/antcube.shop\/sk\/wp-json\/wp\/v2\/media\/9449"}],"wp:attachment":[{"href":"https:\/\/antcube.shop\/sk\/wp-json\/wp\/v2\/media?parent=9349"}],"wp:term":[{"taxonomy":"product_brand","embeddable":true,"href":"https:\/\/antcube.shop\/sk\/wp-json\/wp\/v2\/product_brand?post=9349"},{"taxonomy":"product_cat","embeddable":true,"href":"https:\/\/antcube.shop\/sk\/wp-json\/wp\/v2\/product_cat?post=9349"},{"taxonomy":"product_tag","embeddable":true,"href":"https:\/\/antcube.shop\/sk\/wp-json\/wp\/v2\/product_tag?post=9349"}],"curies":[{"name":"wp","href":"https:\/\/api.w.org\/{rel}","templated":true}]}}