{"id":9346,"date":"2024-09-17T16:26:01","date_gmt":"2024-09-17T14:26:01","guid":{"rendered":"https:\/\/antcube.shop\/en\/product\/ameisenarena-abdeckung-30x15\/"},"modified":"2026-04-09T14:37:43","modified_gmt":"2026-04-09T12:37:43","slug":"ameisenarena-abdeckung-30x15","status":"publish","type":"product","link":"https:\/\/antcube.shop\/sk\/produkt\/ameisenarena-abdeckung-30x15\/","title":{"rendered":"Mravenisko s rozmermi 30 \u00d7 15"},"content":{"rendered":"<p><strong>Rozmery (Dx\u0160xV):<\/strong> 30x15x0,4 cm<\/p>\n<p><strong>Materi\u00e1l:<\/strong> plaven\u00e9 sklo<\/p>\n<p><strong>Farba:<\/strong> kri\u0161t\u00e1\u013eovo \u010dist\u00fd \/ prieh\u013eadn\u00fd<\/p>\n<p><strong>Obsah:<\/strong><br \/>\n1x kryt mraveniska<br \/>\n1x upev\u0148ovacie body \u00e0 4 ks.<\/p>\n<p><strong>Popis: V s\u00fa\u010dasnosti je na trhu viac ako 10 000 zariaden\u00ed, ktor\u00e9 s\u00fa ur\u010den\u00e9 na predaj:<\/strong><br \/>\nSklenen\u00fd kryt mraveniska ako ochrana pred \u00fanikom. Vhodn\u00e9 pre na\u0161e n\u00e1stenn\u00e9 mravenisk\u00e1.<\/p>\n<p><strong>Pou\u017eitie:<\/strong><br \/>\nSklenen\u00fd kryt mraveniska sa umiest\u0148uje na mravenisko a pou\u017e\u00edva sa aj na regul\u00e1ciu kl\u00edmy.<br \/>\nDo 50 mm otvorov mo\u017eno vlo\u017ei\u0165 r\u00f4zne moduly na regul\u00e1ciu kl\u00edmy, napr. vetracie mrie\u017eky, osvetlenie alebo zvlh\u010dovanie.<br \/>\nAby sa zabr\u00e1nilo \u00faniku mravcov cez otvory, mala by sa na spodn\u00fa stranu okolo otvorov nanies\u0165 ochrana proti \u00faniku (olej, pr\u00e1\u0161ok alebo lak).<\/p>\n<p><strong>Pozn\u00e1mka:<\/strong><br \/>\nKe\u010f\u017ee je v\u00fdrobok vyroben\u00fd zo skla, a preto je krehk\u00fd, treba s n\u00edm zaobch\u00e1dza\u0165 ve\u013emi opatrne.<\/p>","protected":false},"excerpt":{"rendered":"<p>Rozmery (Dx\u0160xV): 30x15x0,4 cm Materi\u00e1l: plaven\u00e9 sklo Farba: kri\u0161t\u00e1\u013eovo \u010dist\u00e1 \/ prieh\u013eadn\u00e1 Obsah: 1x kryt na mravenisko 1x upev\u0148ovacie body \u00e0 4 ks. Popis: Mravenisko je vyroben\u00e9 z materi\u00e1lu, ktor\u00fd je s\u00fa\u010das\u0165ou balenia: Sklenen\u00fd kryt na mravenisko ako ochrana pred \u00fanikom. Vhodn\u00fd pre na\u0161e n\u00e1stenn\u00e9 mravenisk\u00e1. Pou\u017eitie: Sklenen\u00fd kryt mraveniska sa umiest\u0148uje na mravenisko a pou\u017e\u00edva sa aj","protected":false},"featured_media":9465,"comment_status":"open","ping_status":"closed","template":"","meta":{"_acf_changed":false,"content-type":"","_monsterinsights_skip_tracking":false,"_monsterinsights_sitenote_active":false,"_monsterinsights_sitenote_note":"","_monsterinsights_sitenote_category":0},"product_brand":[484],"product_cat":[91,92],"product_tag":[],"class_list":{"0":"post-9346","1":"product","2":"type-product","3":"status-publish","4":"has-post-thumbnail","6":"product_brand-antcube","7":"product_cat-formicarium-modules","8":"product_cat-arena-cover","10":"first","11":"instock","12":"taxable","13":"shipping-taxable","14":"purchasable","15":"product-type-simple"},"acf":[],"aioseo_notices":[],"jetpack_sharing_enabled":true,"_links":{"self":[{"href":"https:\/\/antcube.shop\/sk\/wp-json\/wp\/v2\/product\/9346","targetHints":{"allow":["GET"]}}],"collection":[{"href":"https:\/\/antcube.shop\/sk\/wp-json\/wp\/v2\/product"}],"about":[{"href":"https:\/\/antcube.shop\/sk\/wp-json\/wp\/v2\/types\/product"}],"replies":[{"embeddable":true,"href":"https:\/\/antcube.shop\/sk\/wp-json\/wp\/v2\/comments?post=9346"}],"wp:featuredmedia":[{"embeddable":true,"href":"https:\/\/antcube.shop\/sk\/wp-json\/wp\/v2\/media\/9465"}],"wp:attachment":[{"href":"https:\/\/antcube.shop\/sk\/wp-json\/wp\/v2\/media?parent=9346"}],"wp:term":[{"taxonomy":"product_brand","embeddable":true,"href":"https:\/\/antcube.shop\/sk\/wp-json\/wp\/v2\/product_brand?post=9346"},{"taxonomy":"product_cat","embeddable":true,"href":"https:\/\/antcube.shop\/sk\/wp-json\/wp\/v2\/product_cat?post=9346"},{"taxonomy":"product_tag","embeddable":true,"href":"https:\/\/antcube.shop\/sk\/wp-json\/wp\/v2\/product_tag?post=9346"}],"curies":[{"name":"wp","href":"https:\/\/api.w.org\/{rel}","templated":true}]}}