{"id":9344,"date":"2024-09-17T16:25:00","date_gmt":"2024-09-17T14:25:00","guid":{"rendered":"https:\/\/antcube.shop\/en\/product\/futternapf-weis-rechteck-3-fach\/"},"modified":"2026-04-06T20:34:10","modified_gmt":"2026-04-06T18:34:10","slug":"krmna-miska-biely-obdlznik-3-priehradky","status":"publish","type":"product","link":"https:\/\/antcube.shop\/sk\/produkt\/krmna-miska-biely-obdlznik-3-priehradky\/","title":{"rendered":"K\u0155mna miska biely obd\u013a\u017enik - 3 priehradky"},"content":{"rendered":"<p><strong>Rozmery:<\/strong> 40 x 30 x 7 mm<\/p>\n<p><strong>Materi\u00e1l:<\/strong> PP<\/p>\n<p><strong>Farba:<\/strong> biela<\/p>\n<p><strong>Popis: V s\u00fa\u010dasnosti je na trhu viac ako 10 000 zariaden\u00ed, ktor\u00e9 s\u00fa ur\u010den\u00e9 na predaj:<\/strong> \u0160tvorcov\u00e1 miska s 3 k\u0155mnymi \u017e\u013eabmi (25x25 mm a 10x10 mm) na r\u00f4zne druhy krmiva.<\/p>","protected":false},"excerpt":{"rendered":"<p><strong>Rozmery:<\/strong> 40 x 30 mm<strong>\u00a0<\/strong><\/p>\n<p><strong>Materi\u00e1l:<\/strong> PP<\/p>","protected":false},"featured_media":9469,"comment_status":"open","ping_status":"closed","template":"","meta":{"_acf_changed":false,"content-type":"","_monsterinsights_skip_tracking":false,"_monsterinsights_sitenote_active":false,"_monsterinsights_sitenote_note":"","_monsterinsights_sitenote_category":0},"product_brand":[],"product_cat":[115,118],"product_tag":[],"class_list":{"0":"post-9344","1":"product","2":"type-product","3":"status-publish","4":"has-post-thumbnail","6":"product_cat-food-and-feeding","7":"product_cat-feeding-bowls","9":"first","10":"instock","11":"taxable","12":"shipping-taxable","13":"purchasable","14":"product-type-simple"},"acf":[],"aioseo_notices":[],"jetpack_sharing_enabled":true,"_links":{"self":[{"href":"https:\/\/antcube.shop\/sk\/wp-json\/wp\/v2\/product\/9344","targetHints":{"allow":["GET"]}}],"collection":[{"href":"https:\/\/antcube.shop\/sk\/wp-json\/wp\/v2\/product"}],"about":[{"href":"https:\/\/antcube.shop\/sk\/wp-json\/wp\/v2\/types\/product"}],"replies":[{"embeddable":true,"href":"https:\/\/antcube.shop\/sk\/wp-json\/wp\/v2\/comments?post=9344"}],"wp:featuredmedia":[{"embeddable":true,"href":"https:\/\/antcube.shop\/sk\/wp-json\/wp\/v2\/media\/9469"}],"wp:attachment":[{"href":"https:\/\/antcube.shop\/sk\/wp-json\/wp\/v2\/media?parent=9344"}],"wp:term":[{"taxonomy":"product_brand","embeddable":true,"href":"https:\/\/antcube.shop\/sk\/wp-json\/wp\/v2\/product_brand?post=9344"},{"taxonomy":"product_cat","embeddable":true,"href":"https:\/\/antcube.shop\/sk\/wp-json\/wp\/v2\/product_cat?post=9344"},{"taxonomy":"product_tag","embeddable":true,"href":"https:\/\/antcube.shop\/sk\/wp-json\/wp\/v2\/product_tag?post=9344"}],"curies":[{"name":"wp","href":"https:\/\/api.w.org\/{rel}","templated":true}]}}