{"id":9335,"date":"2024-09-17T16:20:32","date_gmt":"2024-09-17T14:20:32","guid":{"rendered":"https:\/\/antcube.shop\/en\/product\/plastiktrichter-40mm\/"},"modified":"2026-01-27T09:37:00","modified_gmt":"2026-01-27T08:37:00","slug":"plastovy-lievik-40-mm","status":"publish","type":"product","link":"https:\/\/antcube.shop\/sk\/produkt\/plastovy-lievik-40-mm\/","title":{"rendered":"Plastov\u00fd lievik 40 mm"},"content":{"rendered":"<p><strong>Priemer:<\/strong> 40 mm<\/p>\n<p><strong>Pripojenie:<\/strong> Hod\u00ed sa na hadice s vn\u00fatorn\u00fdm priemerom: 6-8 mm<\/p>\n<p><strong>Materi\u00e1l:<\/strong> PP plast<\/p>","protected":false},"excerpt":{"rendered":"<p>Priemer: 40 mm; materi\u00e1l: Materi\u00e1l: PP plast<\/p>","protected":false},"featured_media":9798,"comment_status":"open","ping_status":"closed","template":"","meta":{"_acf_changed":false,"content-type":"","_monsterinsights_skip_tracking":false,"_monsterinsights_sitenote_active":false,"_monsterinsights_sitenote_note":"","_monsterinsights_sitenote_category":0},"product_brand":[],"product_cat":[237],"product_tag":[],"class_list":{"0":"post-9335","1":"product","2":"type-product","3":"status-publish","4":"has-post-thumbnail","6":"product_cat-tools","8":"first","9":"instock","10":"taxable","11":"shipping-taxable","12":"purchasable","13":"product-type-simple"},"acf":[],"aioseo_notices":[],"jetpack_sharing_enabled":true,"_links":{"self":[{"href":"https:\/\/antcube.shop\/sk\/wp-json\/wp\/v2\/product\/9335","targetHints":{"allow":["GET"]}}],"collection":[{"href":"https:\/\/antcube.shop\/sk\/wp-json\/wp\/v2\/product"}],"about":[{"href":"https:\/\/antcube.shop\/sk\/wp-json\/wp\/v2\/types\/product"}],"replies":[{"embeddable":true,"href":"https:\/\/antcube.shop\/sk\/wp-json\/wp\/v2\/comments?post=9335"}],"wp:featuredmedia":[{"embeddable":true,"href":"https:\/\/antcube.shop\/sk\/wp-json\/wp\/v2\/media\/9798"}],"wp:attachment":[{"href":"https:\/\/antcube.shop\/sk\/wp-json\/wp\/v2\/media?parent=9335"}],"wp:term":[{"taxonomy":"product_brand","embeddable":true,"href":"https:\/\/antcube.shop\/sk\/wp-json\/wp\/v2\/product_brand?post=9335"},{"taxonomy":"product_cat","embeddable":true,"href":"https:\/\/antcube.shop\/sk\/wp-json\/wp\/v2\/product_cat?post=9335"},{"taxonomy":"product_tag","embeddable":true,"href":"https:\/\/antcube.shop\/sk\/wp-json\/wp\/v2\/product_tag?post=9335"}],"curies":[{"name":"wp","href":"https:\/\/api.w.org\/{rel}","templated":true}]}}