{"id":9330,"date":"2024-09-17T16:18:59","date_gmt":"2024-09-17T14:18:59","guid":{"rendered":"https:\/\/antcube.shop\/en\/product\/alpha-ants-mini-scheibenmagnet-eckig\/"},"modified":"2026-03-31T18:19:04","modified_gmt":"2026-03-31T16:19:04","slug":"alfa-mravce-mini-scheibenmagnet-eckig","status":"publish","type":"product","link":"https:\/\/antcube.shop\/sk\/produkt\/alfa-mravce-mini-scheibenmagnet-eckig\/","title":{"rendered":"Alpha Ants mini magnetka - \u0161tvorcov\u00e1"},"content":{"rendered":"<p><strong>Popis: V s\u00fa\u010dasnosti je na trhu viac ako 10 000 zariaden\u00ed, ktor\u00e9 s\u00fa ur\u010den\u00e9 na predaj:<\/strong> Pozn\u00e1te probl\u00e9m: Va\u0161e mravce op\u00e4\u0165 zne\u010distili skl\u00e1 v hniezde alebo ich zasypali pieskom? Pomocou tohto mal\u00e9ho diskov\u00e9ho magnetu m\u00f4\u017eete vy\u010disti\u0165 priechody a kom\u00f4rky v n\u00e1dr\u017ei.<\/p>\n<p>Ide o mimoriadne siln\u00e9 kvalitn\u00e9 magnety. Pomocou vodiaceho magnetu m\u00f4\u017eete pohybova\u0165 mal\u00fdm \u010distiacim magnetom po formik\u00e1riu a \u010disti\u0165 zne\u010disten\u00e9 skl\u00e1 zvn\u00fatra.<\/p>\n<p><strong>Pozn\u00e1mka:<\/strong> Nedovo\u013ete, aby sa magnety zrazili (narazili), preto\u017ee s\u00fa krehk\u00e9.<\/p>\n<p><strong>Obsah:<\/strong> 2 mimoriadne siln\u00e9 diskov\u00e9 magnety (10x10x4 mm a 3x2x2 mm)<\/p>","protected":false},"excerpt":{"rendered":"<p>Popis: V s\u00fa\u010dasnosti sa nach\u00e1dza na \u00fazem\u00ed Slovenskej republiky: Pozn\u00e1te probl\u00e9m: Va\u0161e mravce op\u00e4\u0165 zne\u010distili skl\u00e1 v hniezde alebo ich zasypali pieskom? Pomocou tohto mal\u00e9ho diskov\u00e9ho magnetu m\u00f4\u017eete vy\u010disti\u0165 priechody a kom\u00f4rky v n\u00e1dr\u017ei. Ide o mimoriadne siln\u00e9 kvalitn\u00e9 magnety. Na presun m\u00f4\u017eete pou\u017ei\u0165 vodiaci magnet","protected":false},"featured_media":9804,"comment_status":"open","ping_status":"closed","template":"","meta":{"_acf_changed":false,"content-type":"","_monsterinsights_skip_tracking":false,"_monsterinsights_sitenote_active":false,"_monsterinsights_sitenote_note":"","_monsterinsights_sitenote_category":0},"product_brand":[],"product_cat":[237],"product_tag":[],"class_list":{"0":"post-9330","1":"product","2":"type-product","3":"status-publish","4":"has-post-thumbnail","6":"product_cat-tools","8":"first","9":"instock","10":"taxable","11":"shipping-taxable","12":"purchasable","13":"product-type-simple"},"acf":[],"aioseo_notices":[],"jetpack_sharing_enabled":true,"_links":{"self":[{"href":"https:\/\/antcube.shop\/sk\/wp-json\/wp\/v2\/product\/9330","targetHints":{"allow":["GET"]}}],"collection":[{"href":"https:\/\/antcube.shop\/sk\/wp-json\/wp\/v2\/product"}],"about":[{"href":"https:\/\/antcube.shop\/sk\/wp-json\/wp\/v2\/types\/product"}],"replies":[{"embeddable":true,"href":"https:\/\/antcube.shop\/sk\/wp-json\/wp\/v2\/comments?post=9330"}],"wp:featuredmedia":[{"embeddable":true,"href":"https:\/\/antcube.shop\/sk\/wp-json\/wp\/v2\/media\/9804"}],"wp:attachment":[{"href":"https:\/\/antcube.shop\/sk\/wp-json\/wp\/v2\/media?parent=9330"}],"wp:term":[{"taxonomy":"product_brand","embeddable":true,"href":"https:\/\/antcube.shop\/sk\/wp-json\/wp\/v2\/product_brand?post=9330"},{"taxonomy":"product_cat","embeddable":true,"href":"https:\/\/antcube.shop\/sk\/wp-json\/wp\/v2\/product_cat?post=9330"},{"taxonomy":"product_tag","embeddable":true,"href":"https:\/\/antcube.shop\/sk\/wp-json\/wp\/v2\/product_tag?post=9330"}],"curies":[{"name":"wp","href":"https:\/\/api.w.org\/{rel}","templated":true}]}}