{"id":9325,"date":"2024-09-17T16:17:10","date_gmt":"2024-09-17T14:17:10","guid":{"rendered":"https:\/\/antcube.shop\/en\/product\/wattestabchen-wa-1-i-100-stuck\/"},"modified":"2026-03-25T09:38:50","modified_gmt":"2026-03-25T08:38:50","slug":"vatove-tampony-wa-1-i-100-kusov","status":"publish","type":"product","link":"https:\/\/antcube.shop\/sk\/produkt\/vatove-tampony-wa-1-i-100-kusov\/","title":{"rendered":"Vatov\u00e9 tamp\u00f3ny WA 1-I - 100 kusov"},"content":{"rendered":"<p><strong>Popis: V s\u00fa\u010dasnosti je na trhu viac ako 10 000 zariaden\u00ed, ktor\u00e9 s\u00fa ur\u010den\u00e9 na predaj:<\/strong> Tieto 150 mm dlh\u00e9 vatov\u00e9 ty\u010dinky s\u00fa vhodn\u00e9 na \u010distenie hniezdnych trub\u00edc alebo in\u00fdch \u0165a\u017eko pr\u00edstupn\u00fdch miest.<\/p>","protected":false},"excerpt":{"rendered":"<p>Popis: V s\u00fa\u010dasnosti sa nach\u00e1dza na \u00fazem\u00ed Slovenskej republiky: Tieto 150 mm dlh\u00e9 vatov\u00e9 ty\u010dinky s\u00fa vhodn\u00e9 na \u010distenie hniezd alebo in\u00fdch \u0165a\u017eko pr\u00edstupn\u00fdch miest.<\/p>","protected":false},"featured_media":9818,"comment_status":"open","ping_status":"closed","template":"","meta":{"_acf_changed":false,"content-type":"","_monsterinsights_skip_tracking":false,"_monsterinsights_sitenote_active":false,"_monsterinsights_sitenote_note":"","_monsterinsights_sitenote_category":0},"product_brand":[],"product_cat":[237],"product_tag":[],"class_list":{"0":"post-9325","1":"product","2":"type-product","3":"status-publish","4":"has-post-thumbnail","6":"product_cat-tools","8":"first","9":"instock","10":"taxable","11":"shipping-taxable","12":"purchasable","13":"product-type-simple"},"acf":[],"aioseo_notices":[],"jetpack_sharing_enabled":true,"_links":{"self":[{"href":"https:\/\/antcube.shop\/sk\/wp-json\/wp\/v2\/product\/9325","targetHints":{"allow":["GET"]}}],"collection":[{"href":"https:\/\/antcube.shop\/sk\/wp-json\/wp\/v2\/product"}],"about":[{"href":"https:\/\/antcube.shop\/sk\/wp-json\/wp\/v2\/types\/product"}],"replies":[{"embeddable":true,"href":"https:\/\/antcube.shop\/sk\/wp-json\/wp\/v2\/comments?post=9325"}],"wp:featuredmedia":[{"embeddable":true,"href":"https:\/\/antcube.shop\/sk\/wp-json\/wp\/v2\/media\/9818"}],"wp:attachment":[{"href":"https:\/\/antcube.shop\/sk\/wp-json\/wp\/v2\/media?parent=9325"}],"wp:term":[{"taxonomy":"product_brand","embeddable":true,"href":"https:\/\/antcube.shop\/sk\/wp-json\/wp\/v2\/product_brand?post=9325"},{"taxonomy":"product_cat","embeddable":true,"href":"https:\/\/antcube.shop\/sk\/wp-json\/wp\/v2\/product_cat?post=9325"},{"taxonomy":"product_tag","embeddable":true,"href":"https:\/\/antcube.shop\/sk\/wp-json\/wp\/v2\/product_tag?post=9325"}],"curies":[{"name":"wp","href":"https:\/\/api.w.org\/{rel}","templated":true}]}}