{"id":9323,"date":"2024-09-17T16:16:22","date_gmt":"2024-09-17T14:16:22","guid":{"rendered":"https:\/\/antcube.shop\/en\/product\/greifzange-60-cm\/"},"modified":"2026-04-09T09:58:37","modified_gmt":"2026-04-09T07:58:37","slug":"chapadlo-60-cm","status":"publish","type":"product","link":"https:\/\/antcube.shop\/sk\/produkt\/chapadlo-60-cm\/","title":{"rendered":"Ch\u00e1padlo 60 cm"},"content":{"rendered":"<p><strong>D\u013a\u017eka:<\/strong> 60 cm<\/p>\n<p><strong>Popis: V s\u00fa\u010dasnosti je na trhu viac ako 10 000 zariaden\u00ed, ktor\u00e9 s\u00fa ur\u010den\u00e9 na predaj:<\/strong> Toto uchopovacie rameno sa m\u00f4\u017ee pou\u017e\u00edva\u0165 na pr\u00e1cu v oblastiach nepr\u00edstupn\u00fdch ruk\u00e1m a na vyberanie dielov z r\u00farok alebo had\u00edc. Predn\u00fd priemer 10,5 mm. Pasuje do otvoru s priemerom 11 mm. Svorky ch\u00e1padla maj\u00fa rozp\u00e4tie 20 mm.<\/p>\n<p><strong>Pozn\u00e1mka:<\/strong><br \/>\nAk sa do klie\u0161t\u00ed dostan\u00fa \u010dasti tela, hroz\u00ed nebezpe\u010denstvo poranenia.<\/p>","protected":false},"excerpt":{"rendered":"<p>D\u013a\u017eka: 60 cm Popis: Toto uchopovacie rameno sa m\u00f4\u017ee pou\u017e\u00edva\u0165 na pr\u00e1cu v oblastiach nepr\u00edstupn\u00fdch ruk\u00e1m a na vyberanie dielov z r\u00farok alebo had\u00edc. Predn\u00fd priemer 10,5 mm. Pasuje do otvoru s priemerom 11 mm. Svorky ch\u00e1padla maj\u00fa rozp\u00e4tie 20 mm. Upozornenie: V pr\u00edpade poranenia \u010dast\u00ed tela hroz\u00ed nebezpe\u010denstvo \u00farazu.","protected":false},"featured_media":9580,"comment_status":"open","ping_status":"closed","template":"","meta":{"_acf_changed":false,"content-type":"","_monsterinsights_skip_tracking":false,"_monsterinsights_sitenote_active":false,"_monsterinsights_sitenote_note":"","_monsterinsights_sitenote_category":0},"product_brand":[],"product_cat":[237],"product_tag":[],"class_list":{"0":"post-9323","1":"product","2":"type-product","3":"status-publish","4":"has-post-thumbnail","6":"product_cat-tools","8":"first","9":"instock","10":"taxable","11":"shipping-taxable","12":"purchasable","13":"product-type-simple"},"acf":[],"aioseo_notices":[],"jetpack_sharing_enabled":true,"_links":{"self":[{"href":"https:\/\/antcube.shop\/sk\/wp-json\/wp\/v2\/product\/9323","targetHints":{"allow":["GET"]}}],"collection":[{"href":"https:\/\/antcube.shop\/sk\/wp-json\/wp\/v2\/product"}],"about":[{"href":"https:\/\/antcube.shop\/sk\/wp-json\/wp\/v2\/types\/product"}],"replies":[{"embeddable":true,"href":"https:\/\/antcube.shop\/sk\/wp-json\/wp\/v2\/comments?post=9323"}],"wp:featuredmedia":[{"embeddable":true,"href":"https:\/\/antcube.shop\/sk\/wp-json\/wp\/v2\/media\/9580"}],"wp:attachment":[{"href":"https:\/\/antcube.shop\/sk\/wp-json\/wp\/v2\/media?parent=9323"}],"wp:term":[{"taxonomy":"product_brand","embeddable":true,"href":"https:\/\/antcube.shop\/sk\/wp-json\/wp\/v2\/product_brand?post=9323"},{"taxonomy":"product_cat","embeddable":true,"href":"https:\/\/antcube.shop\/sk\/wp-json\/wp\/v2\/product_cat?post=9323"},{"taxonomy":"product_tag","embeddable":true,"href":"https:\/\/antcube.shop\/sk\/wp-json\/wp\/v2\/product_tag?post=9323"}],"curies":[{"name":"wp","href":"https:\/\/api.w.org\/{rel}","templated":true}]}}