{"id":9317,"date":"2024-09-17T16:13:59","date_gmt":"2024-09-17T14:13:59","guid":{"rendered":"https:\/\/antcube.shop\/en\/product\/ameisen-ausbruchsschutz-set\/"},"modified":"2026-04-13T09:30:49","modified_gmt":"2026-04-13T07:30:49","slug":"sada-na-ochranu-pred-vypuknutim-mraveniska","status":"publish","type":"product","link":"https:\/\/antcube.shop\/sk\/produkt\/sada-na-ochranu-pred-vypuknutim-mraveniska\/","title":{"rendered":"S\u00faprava na ochranu pred vypuknut\u00edm mrav\u010dej epid\u00e9mie"},"content":{"rendered":"<p><strong>Obsah:<\/strong><br \/>\n1x olej na ochranu proti v\u00fdskytu mravcov 10ml (na b\u00e1ze petrolejov\u00e9ho oleja)<br \/>\n1x pr\u00e1\u0161ok na ochranu pred vypuknut\u00edm mraveniska 10 ml (na b\u00e1ze mastenca)<br \/>\n1x lak na ochranu proti prepuknutiu mravcov 10ml (na b\u00e1ze PTFE)<br \/>\n3x \u0161peci\u00e1lny penov\u00fd \u0161tetec na nan\u00e1\u0161anie materi\u00e1lu na ochranu pred vznikom ohniska<br \/>\n3x mie\u0161acia n\u00e1doba na d\u00e1vkovanie alebo mie\u0161anie.<\/p>\n<p><strong>Popis: V s\u00fa\u010dasnosti je na trhu viac ako 10 000 zariaden\u00ed, ktor\u00e9 s\u00fa ur\u010den\u00e9 na predaj:<\/strong> Pripravili sme pre v\u00e1s mal\u00fd s\u00fabor naj\u00fa\u010dinnej\u0161\u00edch materi\u00e1lov na ochranu proti ohnisku n\u00e1kazy, aby ste si mohli vysk\u00fa\u0161a\u0165, ktor\u00e1 ochrana proti ohnisku n\u00e1kazy je najvhodnej\u0161ia pre va\u0161u konkr\u00e9tnu kol\u00f3niu.<\/p>\n<p><a href=\"https:\/\/www.antstore.net\/shop\/images\/documents\/ant%20escape%20protection%20lacquer%20EN.pdf\">Karta bezpe\u010dnostn\u00fdch \u00fadajov pre farbu na ochranu proti v\u00fdskytu mravcov (anglicky), (PDF 0,2 MB)<\/a><br \/>\n(Obsahuje: Bezpe\u010dnostn\u00e9 pokyny)<\/p>\n<p><a href=\"https:\/\/www.antstore.net\/shop\/images\/documents\/ant_escape_protection_oil_en.pdf\">Karta bezpe\u010dnostn\u00fdch \u00fadajov pre olej na ochranu proti v\u00fdskytu mravcov (v angli\u010dtine) , (PDF 0,1 MB)<\/a><br \/>\n(Obsahuje: Bezpe\u010dnostn\u00e9 pokyny)<\/p>","protected":false},"excerpt":{"rendered":"<p>Obsah: 1x olej na ochranu proti v\u00fdskytu mravcov 10ml (na b\u00e1ze petrolejov\u00e9ho oleja) 1x pr\u00e1\u0161ok na ochranu proti v\u00fdskytu mravcov 10ml (na b\u00e1ze mastenca) 1x lak na ochranu proti v\u00fdskytu mravcov 10ml (na b\u00e1ze PTFE) 3x \u0161peci\u00e1lny penov\u00fd \u0161tetec na nan\u00e1\u0161anie materi\u00e1lu na ochranu proti v\u00fdskytu mravcov 3x n\u00e1doba na d\u00e1vkovanie alebo mie\u0161anie. Popis: Pr\u00edpravok je ur\u010den\u00fd na pr\u00edpravu pr\u00edpravkov proti n\u00e1kaze proti hmyzu: Pripravili sme pre v\u00e1s mal\u00fa sadu naj\u00fa\u010dinnej\u0161\u00edch pr\u00edpravkov na ochranu proti vypuknutiu","protected":false},"featured_media":9591,"comment_status":"open","ping_status":"closed","template":"","meta":{"_acf_changed":false,"content-type":"","_monsterinsights_skip_tracking":false,"_monsterinsights_sitenote_active":false,"_monsterinsights_sitenote_note":"","_monsterinsights_sitenote_category":0},"product_brand":[484],"product_cat":[237],"product_tag":[],"class_list":{"0":"post-9317","1":"product","2":"type-product","3":"status-publish","4":"has-post-thumbnail","6":"product_brand-antcube","7":"product_cat-tools","9":"first","10":"instock","11":"taxable","12":"shipping-taxable","13":"purchasable","14":"product-type-simple"},"acf":[],"aioseo_notices":[],"jetpack_sharing_enabled":true,"_links":{"self":[{"href":"https:\/\/antcube.shop\/sk\/wp-json\/wp\/v2\/product\/9317","targetHints":{"allow":["GET"]}}],"collection":[{"href":"https:\/\/antcube.shop\/sk\/wp-json\/wp\/v2\/product"}],"about":[{"href":"https:\/\/antcube.shop\/sk\/wp-json\/wp\/v2\/types\/product"}],"replies":[{"embeddable":true,"href":"https:\/\/antcube.shop\/sk\/wp-json\/wp\/v2\/comments?post=9317"}],"wp:featuredmedia":[{"embeddable":true,"href":"https:\/\/antcube.shop\/sk\/wp-json\/wp\/v2\/media\/9591"}],"wp:attachment":[{"href":"https:\/\/antcube.shop\/sk\/wp-json\/wp\/v2\/media?parent=9317"}],"wp:term":[{"taxonomy":"product_brand","embeddable":true,"href":"https:\/\/antcube.shop\/sk\/wp-json\/wp\/v2\/product_brand?post=9317"},{"taxonomy":"product_cat","embeddable":true,"href":"https:\/\/antcube.shop\/sk\/wp-json\/wp\/v2\/product_cat?post=9317"},{"taxonomy":"product_tag","embeddable":true,"href":"https:\/\/antcube.shop\/sk\/wp-json\/wp\/v2\/product_tag?post=9317"}],"curies":[{"name":"wp","href":"https:\/\/api.w.org\/{rel}","templated":true}]}}