{"id":9316,"date":"2024-09-17T16:13:38","date_gmt":"2024-09-17T14:13:38","guid":{"rendered":"https:\/\/antcube.shop\/en\/product\/ameisen-ausbruchsschutz-lack-10ml\/"},"modified":"2026-04-07T09:37:58","modified_gmt":"2026-04-07T07:37:58","slug":"lak-na-ochranu-proti-vyskytu-mravcov-10ml","status":"publish","type":"product","link":"https:\/\/antcube.shop\/sk\/produkt\/lak-na-ochranu-proti-vyskytu-mravcov-10ml\/","title":{"rendered":"Lak na ochranu proti mravcom 10ml"},"content":{"rendered":"<p><strong>Obsah:<\/strong> 10 ml (dostato\u010dn\u00e9 mno\u017estvo nerieden\u00e9ho lieku na pribli\u017ene 10 metrov 20 mm \u0161irok\u00e9ho p\u00e1su)<\/p>\n<p><strong>Farba:<\/strong> mlie\u010dne biela<\/p>\n<p><strong>Materi\u00e1l:<\/strong> Na b\u00e1ze PTFE<\/p>\n<p><strong>Popis: V s\u00fa\u010dasnosti je na trhu viac ako 10 000 zariaden\u00ed, ktor\u00e9 s\u00fa ur\u010den\u00e9 na predaj:<\/strong> Lak je ide\u00e1lnou ochranou proti rozbitiu mravcov; druh plastu, ktor\u00fd sa \u010dasto pou\u017e\u00edva aj ako antiadh\u00e9zny prostriedok - odpor\u00fa\u010daj\u00fa ho aj vedci H\u00f6lldobler a Wilson ako ochranu proti rozbitiu v chove mravcov. Mravce sa na nanesenej f\u00f3lii neuchytia a sk\u013aznu z nej. Povlak je dlhotrvaj\u00faci, a preto ho netreba obnovova\u0165 tak \u010dasto ako in\u00e9 alternat\u00edvy.<\/p>\n<p><strong>V\u00fdhoda:<\/strong><br \/>\n- Ak sa aplikuje \u010disto, nie je potrebn\u00e1 \u017eiadna obnova.<br \/>\n- Ide\u00e1lne na sklenen\u00e9 povrchy.<\/p>\n<p><strong>Nev\u00fdhoda:<\/strong><br \/>\n- Nie je vhodn\u00fd pre formik\u00e1rium s vysokou vlhkos\u0165ou, preto\u017ee lak je rozpustn\u00fd vo vode.<br \/>\n- Lak nie je vhodn\u00fd na plastov\u00e9 povrchy, preto\u017ee tie s\u00fa samomazn\u00e9.<br \/>\n- Aplik\u00e1ciu je potrebn\u00e9 vopred precvi\u010di\u0165, preto\u017ee \"nalakovan\u00fd\" povrch nesmie by\u0165 drsn\u00fd alebo po\u0161kriaban\u00fd.<\/p>\n<p><strong>Pou\u017eitie:<\/strong> Pred pou\u017eit\u00edm dobre pretrepte. Lak sa m\u00f4\u017ee pou\u017e\u00edva\u0165 v dodanom stave alebo sa m\u00f4\u017ee riedi\u0165 vodou v pomere maxim\u00e1lne 1:10. M\u00f4\u017ee sa nan\u00e1\u0161a\u0165 \u0161tetcom alebo jednoducho opatrne nakvapka\u0165 na o\u0161etrovan\u00e9 plochy. Film by mal by\u0165 na okraji asi 3-kr\u00e1t \u0161ir\u0161\u00ed, ako s\u00fa mravce dlh\u00e9. Najjednoduch\u0161\u00ed sp\u00f4sob je zamaskova\u0165 plochu lepiacou p\u00e1skou a nanies\u0165 farbu le\u017eiac na boku n\u00e1dr\u017ee. \u010cas schnutia na jednej strane je pribli\u017ene 45 min\u00fat, ale m\u00f4\u017ee sa mierne l\u00ed\u0161i\u0165 v z\u00e1vislosti od hr\u00fabky n\u00e1nosu.<\/p>\n<p><strong>D\u00f4le\u017eit\u00e9 upozornenie:<\/strong> Vyhnite sa kontaktu s o\u010dami. V pr\u00edpade kontaktu s o\u010dami ich okam\u017eite vypl\u00e1chnite ve\u013ek\u00fdm mno\u017estvom vody a vyh\u013eadajte lek\u00e1ra. Po\u010das aplik\u00e1cie nefaj\u010dite. Pou\u017e\u00edvajte len v dobre vetran\u00fdch priestoroch. Uchov\u00e1vajte mimo dosahu det\u00ed! Farba m\u00f4\u017ee pri teplot\u00e1ch pod bodom mrazu nen\u00e1vratne zmeni\u0165 svoju konzistenciu. Preto ju expedujeme len pri teplot\u00e1ch nad 0 \u00b0C!<\/p>\n<p><a href=\"https:\/\/www.antstore.net\/shop\/images\/documents\/ant%20escape%20protection%20lacquer%20EN.pdf\">Karta bezpe\u010dnostn\u00fdch \u00fadajov pre Ochrann\u00fd n\u00e1ter proti mravcom (anglicky) , (PDF 0,2 MB)<\/a><br \/>\n(Obsahuje: Bezpe\u010dnostn\u00e9 pokyny)<\/p>\n<p>&nbsp;<\/p>","protected":false},"excerpt":{"rendered":"<p>Obsah: Farba: mlie\u010dnobiela Materi\u00e1l: biela: Popis: Na b\u00e1ze PTFE: Typ plastu, ktor\u00fd sa \u010dasto pou\u017e\u00edva aj ako antiadh\u00e9zny prostriedok - odpor\u00fa\u010dan\u00fd aj vedcami H\u00f6lldoblerom a Wilsonom ako antiadh\u00e9zna ochrana pri mravenisk\u00e1ch","protected":false},"featured_media":9592,"comment_status":"open","ping_status":"closed","template":"","meta":{"_acf_changed":false,"content-type":"","_monsterinsights_skip_tracking":false,"_monsterinsights_sitenote_active":false,"_monsterinsights_sitenote_note":"","_monsterinsights_sitenote_category":0},"product_brand":[484],"product_cat":[237],"product_tag":[],"class_list":{"0":"post-9316","1":"product","2":"type-product","3":"status-publish","4":"has-post-thumbnail","6":"product_brand-antcube","7":"product_cat-tools","9":"first","10":"instock","11":"taxable","12":"shipping-taxable","13":"purchasable","14":"product-type-simple"},"acf":[],"aioseo_notices":[],"jetpack_sharing_enabled":true,"_links":{"self":[{"href":"https:\/\/antcube.shop\/sk\/wp-json\/wp\/v2\/product\/9316","targetHints":{"allow":["GET"]}}],"collection":[{"href":"https:\/\/antcube.shop\/sk\/wp-json\/wp\/v2\/product"}],"about":[{"href":"https:\/\/antcube.shop\/sk\/wp-json\/wp\/v2\/types\/product"}],"replies":[{"embeddable":true,"href":"https:\/\/antcube.shop\/sk\/wp-json\/wp\/v2\/comments?post=9316"}],"wp:featuredmedia":[{"embeddable":true,"href":"https:\/\/antcube.shop\/sk\/wp-json\/wp\/v2\/media\/9592"}],"wp:attachment":[{"href":"https:\/\/antcube.shop\/sk\/wp-json\/wp\/v2\/media?parent=9316"}],"wp:term":[{"taxonomy":"product_brand","embeddable":true,"href":"https:\/\/antcube.shop\/sk\/wp-json\/wp\/v2\/product_brand?post=9316"},{"taxonomy":"product_cat","embeddable":true,"href":"https:\/\/antcube.shop\/sk\/wp-json\/wp\/v2\/product_cat?post=9316"},{"taxonomy":"product_tag","embeddable":true,"href":"https:\/\/antcube.shop\/sk\/wp-json\/wp\/v2\/product_tag?post=9316"}],"curies":[{"name":"wp","href":"https:\/\/api.w.org\/{rel}","templated":true}]}}