{"id":9315,"date":"2024-09-17T16:13:12","date_gmt":"2024-09-17T14:13:12","guid":{"rendered":"https:\/\/antcube.shop\/en\/product\/ameisen-ausbruchsschutz-pulver-10ml\/"},"modified":"2026-04-02T15:40:30","modified_gmt":"2026-04-02T13:40:30","slug":"prasok-na-ochranu-proti-uniku-mravcov-10ml","status":"publish","type":"product","link":"https:\/\/antcube.shop\/sk\/produkt\/prasok-na-ochranu-proti-uniku-mravcov-10ml\/","title":{"rendered":"Pr\u00e1\u0161ok na ochranu pred \u00fanikom mravcov 10ml"},"content":{"rendered":"<p><strong>Obsah:<\/strong> 8 g\/10 ml (dostatok na pribli\u017ene jeden meter 2 cm \u0161irok\u00e9ho p\u00e1su)<\/p>\n<p><strong>Farba:<\/strong> biela, matn\u00e1<\/p>\n<p><strong>Materi\u00e1l:<\/strong> na b\u00e1ze mastenca<\/p>\n<p><strong>Popis: V s\u00fa\u010dasnosti je na trhu viac ako 10 000 zariaden\u00ed, ktor\u00e9 s\u00fa ur\u010den\u00e9 na predaj:<\/strong> Pr\u00e1\u0161ok zabra\u0148uje vylietavaniu mravcov zmie\u0161an\u00edm pr\u00e1\u0161ku s vodou a nanesen\u00edm \u0161tetcom asi 1 cm pod vn\u00fatorn\u00fd okraj formik\u00e1ria. Voda sa odpar\u00ed a zostane jemn\u00e1 vrstva mastenca.<\/p>\n<p><strong>V\u00fdhoda:<\/strong> ve\u013emi \u00fa\u010dinn\u00e9, dlhotrvaj\u00face<\/p>\n<p><strong>Nev\u00fdhoda:<\/strong> Vrstva pr\u00e1\u0161ku sa m\u00f4\u017ee odlupova\u0165, ak sa formik\u00e1rium pretrepe. V porovnan\u00ed s olejom alebo lakom na ochranu proti vznieteniu je potrebn\u00e9 pomerne ve\u013ek\u00e9 mno\u017estvo<\/p>\n<p><strong>Pou\u017eitie:<\/strong> F\u00f3lia by sa mala aplikova\u0165 na okraj asi 3-kr\u00e1t \u0161ir\u0161\u00ed, ako s\u00fa mravce dlh\u00e9.<\/p>","protected":false},"excerpt":{"rendered":"<p>Obsah: Farba: biela, matn\u00e1 Materi\u00e1l: na b\u00e1ze mastenca Popis: Vhodn\u00e9 na pou\u017eitie v dom\u00e1cnosti: Pr\u00e1\u0161ok zabra\u0148uje rozletom mravcov zmie\u0161an\u00edm pr\u00e1\u0161ku s vodou a nanesen\u00edm \u0161tetcom asi 1 cm pod vn\u00fatorn\u00fd okraj formik\u00e1ria. Voda sa odpar\u00ed a na povrchu sa vytvor\u00ed jemn\u00e1 vrstva","protected":false},"featured_media":9596,"comment_status":"open","ping_status":"closed","template":"","meta":{"_acf_changed":false,"content-type":"","_monsterinsights_skip_tracking":false,"_monsterinsights_sitenote_active":false,"_monsterinsights_sitenote_note":"","_monsterinsights_sitenote_category":0},"product_brand":[],"product_cat":[237],"product_tag":[],"class_list":{"0":"post-9315","1":"product","2":"type-product","3":"status-publish","4":"has-post-thumbnail","6":"product_cat-tools","8":"first","9":"instock","10":"taxable","11":"shipping-taxable","12":"purchasable","13":"product-type-simple"},"acf":[],"aioseo_notices":[],"jetpack_sharing_enabled":true,"_links":{"self":[{"href":"https:\/\/antcube.shop\/sk\/wp-json\/wp\/v2\/product\/9315","targetHints":{"allow":["GET"]}}],"collection":[{"href":"https:\/\/antcube.shop\/sk\/wp-json\/wp\/v2\/product"}],"about":[{"href":"https:\/\/antcube.shop\/sk\/wp-json\/wp\/v2\/types\/product"}],"replies":[{"embeddable":true,"href":"https:\/\/antcube.shop\/sk\/wp-json\/wp\/v2\/comments?post=9315"}],"wp:featuredmedia":[{"embeddable":true,"href":"https:\/\/antcube.shop\/sk\/wp-json\/wp\/v2\/media\/9596"}],"wp:attachment":[{"href":"https:\/\/antcube.shop\/sk\/wp-json\/wp\/v2\/media?parent=9315"}],"wp:term":[{"taxonomy":"product_brand","embeddable":true,"href":"https:\/\/antcube.shop\/sk\/wp-json\/wp\/v2\/product_brand?post=9315"},{"taxonomy":"product_cat","embeddable":true,"href":"https:\/\/antcube.shop\/sk\/wp-json\/wp\/v2\/product_cat?post=9315"},{"taxonomy":"product_tag","embeddable":true,"href":"https:\/\/antcube.shop\/sk\/wp-json\/wp\/v2\/product_tag?post=9315"}],"curies":[{"name":"wp","href":"https:\/\/api.w.org\/{rel}","templated":true}]}}