{"id":9314,"date":"2024-09-17T16:12:51","date_gmt":"2024-09-17T14:12:51","guid":{"rendered":"https:\/\/antcube.shop\/en\/product\/gitterkappe-fein-fur-gittereinsatz-acryl-50mm\/"},"modified":"2026-02-23T10:53:58","modified_gmt":"2026-02-23T09:53:58","slug":"jemny-kryt-mriezky-pre-akrylovu-mriezkovu-vlozku-50-mm","status":"publish","type":"product","link":"https:\/\/antcube.shop\/sk\/produkt\/jemny-kryt-mriezky-pre-akrylovu-mriezkovu-vlozku-50-mm\/","title":{"rendered":"Jemn\u00fd kryt mrie\u017eky - pre akrylov\u00fa mrie\u017ekov\u00fa vlo\u017eku 50 mm"},"content":{"rendered":"<p><strong>Mno\u017estvo:<\/strong> 1 kus<\/p>\n<p><strong>Rozmery:<\/strong> 51x12mm<\/p>\n<p><strong>Farba:<\/strong> transparentn\u00e9<\/p>\n<p><strong>Materi\u00e1l:<\/strong> plast<\/p>\n<p><strong>Popis: V s\u00fa\u010dasnosti je na trhu viac ako 10 000 zariaden\u00ed, ktor\u00e9 s\u00fa ur\u010den\u00e9 na predaj:<\/strong> Tento kryt s ve\u013emi jemnou mrie\u017ekou (0,2-0,3 mm) pre \"Mrie\u017ekov\u00fa vlo\u017eku akrylov\u00fa 50 mm - \u010d\u00edru\" a \"Mravenisko - ventil\u00e1tor\" zabra\u0148uje \u00faniku mal\u00fdch mravcov cez \u0161irok\u00e9 vetracie otvory mrie\u017ekovej vlo\u017eky. Krytka sa k mrie\u017ekovej vlo\u017eke pripev\u0148uje zospodu.<\/p>\n<p><strong>Pozn\u00e1mka:<\/strong> Upozor\u0148ujeme, \u017ee t\u00fato polo\u017eku m\u00f4\u017eete pou\u017e\u00edva\u0165 len v spojen\u00ed s touto polo\u017ekou: \"005044 Mrie\u017ekov\u00e1 vlo\u017eka akrylov\u00e1 50 mm - \u010d\u00edra\" alebo \"Ventil\u00e1tor Ant arena\"!<\/p>","protected":false},"excerpt":{"rendered":"<p>Mno\u017estvo: Rozmery: 1 ks Farba: prieh\u013eadn\u00e1 Materi\u00e1l: plast Popis: 1 ks: Tento kryt s ve\u013emi jemnou mrie\u017ekou (0,2-0,3 mm) pre \"Mrie\u017ekov\u00fa vlo\u017eku akrylov\u00fa 50 mm - prieh\u013eadn\u00fa\" a \"Mravenisko - ventil\u00e1tor\" zabra\u0148uje \u00faniku mal\u00fdch mravcov cez \u0161irok\u00e9 vetracie otvory mrie\u017ekovej vlo\u017eky. Krytka sa pripev\u0148uje k mrie\u017ekovej vlo\u017eke z","protected":false},"featured_media":9832,"comment_status":"open","ping_status":"closed","template":"","meta":{"_acf_changed":false,"content-type":"","_monsterinsights_skip_tracking":false,"_monsterinsights_sitenote_active":false,"_monsterinsights_sitenote_note":"","_monsterinsights_sitenote_category":0},"product_brand":[485],"product_cat":[119,238],"product_tag":[],"class_list":{"0":"post-9314","1":"product","2":"type-product","3":"status-publish","4":"has-post-thumbnail","6":"product_brand-antstore","7":"product_cat-formicarium-components","8":"product_cat-grid-caps-plugs-and-inserts","10":"first","11":"instock","12":"taxable","13":"shipping-taxable","14":"purchasable","15":"product-type-simple"},"acf":[],"aioseo_notices":[],"jetpack_sharing_enabled":true,"_links":{"self":[{"href":"https:\/\/antcube.shop\/sk\/wp-json\/wp\/v2\/product\/9314","targetHints":{"allow":["GET"]}}],"collection":[{"href":"https:\/\/antcube.shop\/sk\/wp-json\/wp\/v2\/product"}],"about":[{"href":"https:\/\/antcube.shop\/sk\/wp-json\/wp\/v2\/types\/product"}],"replies":[{"embeddable":true,"href":"https:\/\/antcube.shop\/sk\/wp-json\/wp\/v2\/comments?post=9314"}],"wp:featuredmedia":[{"embeddable":true,"href":"https:\/\/antcube.shop\/sk\/wp-json\/wp\/v2\/media\/9832"}],"wp:attachment":[{"href":"https:\/\/antcube.shop\/sk\/wp-json\/wp\/v2\/media?parent=9314"}],"wp:term":[{"taxonomy":"product_brand","embeddable":true,"href":"https:\/\/antcube.shop\/sk\/wp-json\/wp\/v2\/product_brand?post=9314"},{"taxonomy":"product_cat","embeddable":true,"href":"https:\/\/antcube.shop\/sk\/wp-json\/wp\/v2\/product_cat?post=9314"},{"taxonomy":"product_tag","embeddable":true,"href":"https:\/\/antcube.shop\/sk\/wp-json\/wp\/v2\/product_tag?post=9314"}],"curies":[{"name":"wp","href":"https:\/\/api.w.org\/{rel}","templated":true}]}}