{"id":9313,"date":"2024-09-17T16:12:25","date_gmt":"2024-09-17T14:12:25","guid":{"rendered":"https:\/\/antcube.shop\/en\/product\/gitterkappe-60mm-edelstahl\/"},"modified":"2026-01-12T12:43:26","modified_gmt":"2026-01-12T11:43:26","slug":"mriezkovy-uzaver-60-mm-z-nehrdzavejucej-ocele","status":"publish","type":"product","link":"https:\/\/antcube.shop\/sk\/produkt\/mriezkovy-uzaver-60-mm-z-nehrdzavejucej-ocele\/","title":{"rendered":"Mrie\u017ekov\u00fd uz\u00e1ver - 60 mm - Nerezov\u00e1 oce\u013e"},"content":{"rendered":"<p><strong>Mno\u017estvo:<\/strong> 1 kus<\/p>\n<p><strong>Rozmery:<\/strong> 60 mm (vn\u00fatorn\u00fd priemer), 70 \u00d7 8 mm (vonkaj\u0161ie rozmery)<\/p>\n<p><strong>Farba:<\/strong> transparentn\u00e9<\/p>\n<p><strong>Materi\u00e1l:<\/strong> nerezov\u00e1 oce\u013e, akrylov\u00e9 sklo<\/p>\n<p><strong>Popis: V s\u00fa\u010dasnosti je na trhu viac ako 10 000 zariaden\u00ed, ktor\u00e9 s\u00fa ur\u010den\u00e9 na predaj:<\/strong><br \/>\nTento mrie\u017ekov\u00fd uz\u00e1ver s ve\u013emi jemnou mrie\u017ekou z nehrdzavej\u00facej ocele (0,2 mm) sa d\u00e1 pripevni\u0165 na z\u00e1suvku, r\u00farku alebo koniec hadice a zabezpe\u010duje dobr\u00e9 vetranie formik\u00e1ria bez toho, aby mravce mohli unikn\u00fa\u0165. Mrie\u017eka z nehrdzavej\u00facej ocele aj r\u00e1m z akrylov\u00e9ho skla s\u00fa prieh\u013eadn\u00e9.<\/p>\n<p><strong>Pozn\u00e1mka:<\/strong> Vhodn\u00e9 aj pre ve\u013emi hryzav\u00e9 druhy, ako s\u00fa mravce listonohy!<\/p>\n<p>&nbsp;<\/p>","protected":false},"excerpt":{"rendered":"<p>Mno\u017estvo: Rozmery: 1 ks Farba: prieh\u013eadn\u00e1 Materi\u00e1l: nerezov\u00e1 oce\u013e, akrylov\u00e9 sklo Popis: 1 ks: Tento mrie\u017ekov\u00fd uz\u00e1ver s ve\u013emi jemnou mrie\u017ekou z nehrdzavej\u00facej ocele (0,2 mm) sa d\u00e1 pripevni\u0165 na z\u00e1suvku, r\u00farku alebo koniec hadice a zabezpe\u010duje dobr\u00e9 vetranie formik\u00e1ria bez toho, aby mravce mohli unikn\u00fa\u0165. Obe mrie\u017eky s\u00fa z nehrdzavej\u00facej ocele","protected":false},"featured_media":9836,"comment_status":"open","ping_status":"closed","template":"","meta":{"_acf_changed":false,"content-type":"","_monsterinsights_skip_tracking":false,"_monsterinsights_sitenote_active":false,"_monsterinsights_sitenote_note":"","_monsterinsights_sitenote_category":0},"product_brand":[485],"product_cat":[119,238],"product_tag":[],"class_list":{"0":"post-9313","1":"product","2":"type-product","3":"status-publish","4":"has-post-thumbnail","6":"product_brand-antstore","7":"product_cat-formicarium-components","8":"product_cat-grid-caps-plugs-and-inserts","10":"first","11":"instock","12":"taxable","13":"shipping-taxable","14":"purchasable","15":"product-type-simple"},"acf":[],"aioseo_notices":[],"jetpack_sharing_enabled":true,"_links":{"self":[{"href":"https:\/\/antcube.shop\/sk\/wp-json\/wp\/v2\/product\/9313","targetHints":{"allow":["GET"]}}],"collection":[{"href":"https:\/\/antcube.shop\/sk\/wp-json\/wp\/v2\/product"}],"about":[{"href":"https:\/\/antcube.shop\/sk\/wp-json\/wp\/v2\/types\/product"}],"replies":[{"embeddable":true,"href":"https:\/\/antcube.shop\/sk\/wp-json\/wp\/v2\/comments?post=9313"}],"wp:featuredmedia":[{"embeddable":true,"href":"https:\/\/antcube.shop\/sk\/wp-json\/wp\/v2\/media\/9836"}],"wp:attachment":[{"href":"https:\/\/antcube.shop\/sk\/wp-json\/wp\/v2\/media?parent=9313"}],"wp:term":[{"taxonomy":"product_brand","embeddable":true,"href":"https:\/\/antcube.shop\/sk\/wp-json\/wp\/v2\/product_brand?post=9313"},{"taxonomy":"product_cat","embeddable":true,"href":"https:\/\/antcube.shop\/sk\/wp-json\/wp\/v2\/product_cat?post=9313"},{"taxonomy":"product_tag","embeddable":true,"href":"https:\/\/antcube.shop\/sk\/wp-json\/wp\/v2\/product_tag?post=9313"}],"curies":[{"name":"wp","href":"https:\/\/api.w.org\/{rel}","templated":true}]}}