{"id":9309,"date":"2024-09-17T16:10:44","date_gmt":"2024-09-17T14:10:44","guid":{"rendered":"https:\/\/antcube.shop\/en\/product\/einsteckeinsatz-fein-fur-gittereinsatz-acryl-50-mm\/"},"modified":"2026-03-24T16:45:14","modified_gmt":"2026-03-24T15:45:14","slug":"einsteckeinsatz-fein-fur-gittereinsatz-acryl-50-mm","status":"publish","type":"product","link":"https:\/\/antcube.shop\/sk\/produkt\/einsteckeinsatz-fein-fur-gittereinsatz-acryl-50-mm\/","title":{"rendered":"Jemn\u00e1 vlo\u017eka - pre akrylov\u00fa mrie\u017ekov\u00fa vlo\u017eku 50 mm"},"content":{"rendered":"<p><strong>Mno\u017estvo:<\/strong> 1 kus<\/p>\n<p><strong>Rozmery:<\/strong> 50x10 mm<\/p>\n<p><strong>Farba:<\/strong> transparentn\u00e9<\/p>\n<p><strong>Materi\u00e1l:<\/strong> plast<\/p>\n<p><strong>Popis: V s\u00fa\u010dasnosti je na trhu viac ako 10 000 zariaden\u00ed, ktor\u00e9 s\u00fa ur\u010den\u00e9 na predaj:<\/strong><br \/>\nT\u00e1to vlo\u017eka s ve\u013emi jemnou sie\u0165ovinou (0,2-0,3 mm) pre \"sie\u0165ov\u00fa vlo\u017eku akrylov\u00fa 50 mm - \u010d\u00edru\" zabra\u0148uje \u00faniku mal\u00fdch mravcov cez \u0161irok\u00e9 vetracie \u0161trbiny sie\u0165ovej vlo\u017eky. Vlo\u017eka sa vklad\u00e1 do sie\u0165ovej vlo\u017eky zdola.<\/p>\n<p>Vhodn\u00e9 aj pre ve\u013emi hryzav\u00e9 druhy, ako s\u00fa mravce listonohy!<\/p>\n<p><strong>Pozn\u00e1mka:<\/strong> Upozor\u0148ujeme, \u017ee t\u00fato polo\u017eku m\u00f4\u017eete pou\u017e\u00edva\u0165 len v spojen\u00ed s touto polo\u017ekou: \"005044 Mrie\u017ekov\u00e1 vlo\u017eka akrylov\u00e1 50 mm - \u010d\u00edra\"!<\/p>","protected":false},"excerpt":{"rendered":"<p>Mno\u017estvo: Rozmery: 1 ks Farba: prieh\u013eadn\u00e1 Materi\u00e1l: plast Popis: rozmery: 50x10mm T\u00e1to vlo\u017eka s ve\u013emi jemn\u00fdmi okami (0,2-0,3 mm) pre \"sie\u0165ov\u00fa vlo\u017eku akrylov\u00fa 50 mm - prieh\u013eadn\u00fa\" zabra\u0148uje \u00faniku mal\u00fdch mravcov cez \u0161irok\u00e9 vetracie \u0161trbiny sie\u0165ovej vlo\u017eky. Vlo\u017eka sa vklad\u00e1 do sie\u0165ovej vlo\u017eky zdola. Vhodn\u00e1 aj pre ve\u013emi","protected":false},"featured_media":9842,"comment_status":"open","ping_status":"closed","template":"","meta":{"_acf_changed":false,"content-type":"","_monsterinsights_skip_tracking":false,"_monsterinsights_sitenote_active":false,"_monsterinsights_sitenote_note":"","_monsterinsights_sitenote_category":0},"product_brand":[],"product_cat":[119,238],"product_tag":[],"class_list":{"0":"post-9309","1":"product","2":"type-product","3":"status-publish","4":"has-post-thumbnail","6":"product_cat-formicarium-components","7":"product_cat-grid-caps-plugs-and-inserts","9":"first","10":"outofstock","11":"taxable","12":"shipping-taxable","13":"purchasable","14":"product-type-simple"},"acf":[],"aioseo_notices":[],"jetpack_sharing_enabled":true,"_links":{"self":[{"href":"https:\/\/antcube.shop\/sk\/wp-json\/wp\/v2\/product\/9309","targetHints":{"allow":["GET"]}}],"collection":[{"href":"https:\/\/antcube.shop\/sk\/wp-json\/wp\/v2\/product"}],"about":[{"href":"https:\/\/antcube.shop\/sk\/wp-json\/wp\/v2\/types\/product"}],"replies":[{"embeddable":true,"href":"https:\/\/antcube.shop\/sk\/wp-json\/wp\/v2\/comments?post=9309"}],"wp:featuredmedia":[{"embeddable":true,"href":"https:\/\/antcube.shop\/sk\/wp-json\/wp\/v2\/media\/9842"}],"wp:attachment":[{"href":"https:\/\/antcube.shop\/sk\/wp-json\/wp\/v2\/media?parent=9309"}],"wp:term":[{"taxonomy":"product_brand","embeddable":true,"href":"https:\/\/antcube.shop\/sk\/wp-json\/wp\/v2\/product_brand?post=9309"},{"taxonomy":"product_cat","embeddable":true,"href":"https:\/\/antcube.shop\/sk\/wp-json\/wp\/v2\/product_cat?post=9309"},{"taxonomy":"product_tag","embeddable":true,"href":"https:\/\/antcube.shop\/sk\/wp-json\/wp\/v2\/product_tag?post=9309"}],"curies":[{"name":"wp","href":"https:\/\/api.w.org\/{rel}","templated":true}]}}