{"id":9307,"date":"2024-09-17T16:10:04","date_gmt":"2024-09-17T14:10:04","guid":{"rendered":"https:\/\/antcube.shop\/en\/product\/formicarienstopfen-fur-13mm-bohrung\/"},"modified":"2026-04-04T12:46:28","modified_gmt":"2026-04-04T10:46:28","slug":"formicarienstopfen-fur-13mm-bohrung","status":"publish","type":"product","link":"https:\/\/antcube.shop\/sk\/produkt\/formicarienstopfen-fur-13mm-bohrung\/","title":{"rendered":"Formik\u00e1rov\u00e1 z\u00e1tka pre 13 mm otvor"},"content":{"rendered":"<p><strong>Mno\u017estvo:<\/strong> 1 kus<\/p>\n<p><strong>Rozmery:<\/strong> 18 \u00d7 9 mm<\/p>\n<p><strong>Materi\u00e1l:<\/strong> PE plast<\/p>\n<p><strong>Farba:<\/strong> prieh\u013eadn\u00fd, mlie\u010dny<\/p>\n<p><strong>Popis: V s\u00fa\u010dasnosti je na trhu viac ako 10 000 zariaden\u00ed, ktor\u00e9 s\u00fa ur\u010den\u00e9 na predaj:<\/strong> Na uzatv\u00e1ranie okr\u00fahlych otvorov vo formik\u00e1ri\u00e1ch s priemerom 13 mm.<br \/>\nNa po\u017eiadanie m\u00f4\u017eeme za pr\u00edplatok do z\u00e1tok vyreza\u0165 otvory.<br \/>\nNasleduj\u00face v\u00fdrezy sa odpor\u00fa\u010daj\u00fa napr\u00edklad pre nasleduj\u00face polo\u017eky:<br \/>\n10 mm napr. pre hadicu alebo r\u00farku 10 mm<\/p>","protected":false},"excerpt":{"rendered":"<p>Mno\u017estvo: Rozmery: 1 ks Materi\u00e1l: 18x9 mm: farba: prieh\u013eadn\u00e1, mlie\u010dna Na uzatv\u00e1ranie okr\u00fahlych otvorov vo formik\u00e1riu s priemerom 13 mm. Na po\u017eiadanie m\u00f4\u017eeme za pr\u00edplatok do z\u00e1tok vyreza\u0165 aj otvory. Tieto v\u00fdrezy sa odpor\u00fa\u010daj\u00fa pre nasleduj\u00face predmety, napr\u00edklad: 10 mm napr. pre hadicu alebo","protected":false},"featured_media":9849,"comment_status":"open","ping_status":"closed","template":"","meta":{"_acf_changed":false,"content-type":"","_monsterinsights_skip_tracking":false,"_monsterinsights_sitenote_active":false,"_monsterinsights_sitenote_note":"","_monsterinsights_sitenote_category":0},"product_brand":[],"product_cat":[119,238],"product_tag":[],"class_list":{"0":"post-9307","1":"product","2":"type-product","3":"status-publish","4":"has-post-thumbnail","6":"product_cat-formicarium-components","7":"product_cat-grid-caps-plugs-and-inserts","9":"first","10":"instock","11":"taxable","12":"shipping-taxable","13":"purchasable","14":"product-type-simple"},"acf":[],"aioseo_notices":[],"jetpack_sharing_enabled":true,"_links":{"self":[{"href":"https:\/\/antcube.shop\/sk\/wp-json\/wp\/v2\/product\/9307","targetHints":{"allow":["GET"]}}],"collection":[{"href":"https:\/\/antcube.shop\/sk\/wp-json\/wp\/v2\/product"}],"about":[{"href":"https:\/\/antcube.shop\/sk\/wp-json\/wp\/v2\/types\/product"}],"replies":[{"embeddable":true,"href":"https:\/\/antcube.shop\/sk\/wp-json\/wp\/v2\/comments?post=9307"}],"wp:featuredmedia":[{"embeddable":true,"href":"https:\/\/antcube.shop\/sk\/wp-json\/wp\/v2\/media\/9849"}],"wp:attachment":[{"href":"https:\/\/antcube.shop\/sk\/wp-json\/wp\/v2\/media?parent=9307"}],"wp:term":[{"taxonomy":"product_brand","embeddable":true,"href":"https:\/\/antcube.shop\/sk\/wp-json\/wp\/v2\/product_brand?post=9307"},{"taxonomy":"product_cat","embeddable":true,"href":"https:\/\/antcube.shop\/sk\/wp-json\/wp\/v2\/product_cat?post=9307"},{"taxonomy":"product_tag","embeddable":true,"href":"https:\/\/antcube.shop\/sk\/wp-json\/wp\/v2\/product_tag?post=9307"}],"curies":[{"name":"wp","href":"https:\/\/api.w.org\/{rel}","templated":true}]}}