{"id":9304,"date":"2024-09-17T16:08:50","date_gmt":"2024-09-17T14:08:50","guid":{"rendered":"https:\/\/antcube.shop\/en\/product\/schlauchverbinder-t-16-weis\/"},"modified":"2026-04-01T17:55:19","modified_gmt":"2026-04-01T15:55:19","slug":"schlauchverbinder-t-16-weis","status":"publish","type":"product","link":"https:\/\/antcube.shop\/sk\/produkt\/schlauchverbinder-t-16-weis\/","title":{"rendered":"Hadicov\u00e1 spojka T 16 - biela"},"content":{"rendered":"<p><strong>Rozmery:<\/strong> 5,5 x 3,5 cm<br \/>\n<strong>Popis: V s\u00fa\u010dasnosti je na trhu viac ako 10 000 zariaden\u00ed, ktor\u00e9 s\u00fa ur\u010den\u00e9 na predaj:<\/strong> T\u00e1to T-spojka sp\u00e1ja hadice s vn\u00fatorn\u00fdm priemerom 16 mm (vhodn\u00e1 pre na\u0161e hadice s vonkaj\u0161\u00edm priemerom 20 mm).<\/p>","protected":false},"excerpt":{"rendered":"<p>Rozmery: Popis: 3 x 3 cm: T\u00e1to L-spojka sp\u00e1ja hadice s vn\u00fatorn\u00fdm priemerom 16 mm (vhodn\u00e1 pre na\u0161e hadice s vonkaj\u0161\u00edm priemerom 20 mm).<\/p>","protected":false},"featured_media":9858,"comment_status":"open","ping_status":"closed","template":"","meta":{"_acf_changed":false,"content-type":"","_monsterinsights_skip_tracking":false,"_monsterinsights_sitenote_active":false,"_monsterinsights_sitenote_note":"","_monsterinsights_sitenote_category":0},"product_brand":[],"product_cat":[119,121],"product_tag":[],"class_list":{"0":"post-9304","1":"product","2":"type-product","3":"status-publish","4":"has-post-thumbnail","6":"product_cat-formicarium-components","7":"product_cat-connectors","9":"first","10":"instock","11":"taxable","12":"shipping-taxable","13":"purchasable","14":"product-type-simple"},"acf":[],"aioseo_notices":[],"jetpack_sharing_enabled":true,"_links":{"self":[{"href":"https:\/\/antcube.shop\/sk\/wp-json\/wp\/v2\/product\/9304","targetHints":{"allow":["GET"]}}],"collection":[{"href":"https:\/\/antcube.shop\/sk\/wp-json\/wp\/v2\/product"}],"about":[{"href":"https:\/\/antcube.shop\/sk\/wp-json\/wp\/v2\/types\/product"}],"replies":[{"embeddable":true,"href":"https:\/\/antcube.shop\/sk\/wp-json\/wp\/v2\/comments?post=9304"}],"wp:featuredmedia":[{"embeddable":true,"href":"https:\/\/antcube.shop\/sk\/wp-json\/wp\/v2\/media\/9858"}],"wp:attachment":[{"href":"https:\/\/antcube.shop\/sk\/wp-json\/wp\/v2\/media?parent=9304"}],"wp:term":[{"taxonomy":"product_brand","embeddable":true,"href":"https:\/\/antcube.shop\/sk\/wp-json\/wp\/v2\/product_brand?post=9304"},{"taxonomy":"product_cat","embeddable":true,"href":"https:\/\/antcube.shop\/sk\/wp-json\/wp\/v2\/product_cat?post=9304"},{"taxonomy":"product_tag","embeddable":true,"href":"https:\/\/antcube.shop\/sk\/wp-json\/wp\/v2\/product_tag?post=9304"}],"curies":[{"name":"wp","href":"https:\/\/api.w.org\/{rel}","templated":true}]}}