{"id":9292,"date":"2024-09-17T15:59:51","date_gmt":"2024-09-17T13:59:51","guid":{"rendered":"https:\/\/antcube.shop\/en\/product\/pilz-von-atta-cephalotes\/"},"modified":"2026-04-14T07:58:08","modified_gmt":"2026-04-14T05:58:08","slug":"huba-atta-cephalotes","status":"publish","type":"product","link":"https:\/\/antcube.shop\/sk\/produkt\/huba-atta-cephalotes\/","title":{"rendered":"Huba Atta cephalotes"},"content":{"rendered":"<p><span data-text-color=\"alert\"><strong>Preprava je mo\u017en\u00e1 len v Nemecku!<\/strong><\/span><\/p>\n<p><strong>Mno\u017estvo:<\/strong> (s\u00fabor)<br \/>\n1x prepravn\u00e1 r\u00farka<br \/>\n1x vzduchopriepustn\u00e1 z\u00e1tka<br \/>\n1x \u010derstv\u00e1 huba aspo\u0148 1 cm\u00b3<\/p>\n<p><strong>Popis: V s\u00fa\u010dasnosti je na trhu viac ako 10 000 zariaden\u00ed, ktor\u00e9 s\u00fa ur\u010den\u00e9 na predaj:<\/strong> Pon\u00fakame n\u00e1hradn\u00fa hubu pre pr\u00edpady, ke\u010f huba listn\u00e1\u010dov kles\u00e1 alebo odumiera z d\u00f4vodu nespr\u00e1vnej teploty, vlhkosti alebo in\u00fdch pr\u00ed\u010din.<br \/>\nJednotka 1 cm\u00b3 posta\u010duje na op\u00e4tovn\u00e9 zalo\u017eenie kol\u00f3nie 11-25 zvierat.<br \/>\nDod\u00e1van\u00e1 huba m\u00f4\u017ee obsahova\u0165 mal\u00e9 hr\u00edbiky (mini robotnice).<br \/>\nT\u00edto mal\u00ed minipracovn\u00edci nepredstavuj\u00fa pre existuj\u00facu kol\u00f3niu probl\u00e9m, preto\u017ee sa staraj\u00fa len o huby.<\/p>\n<p><strong>Pou\u017eitie:<\/strong><br \/>\nHuby = pre druhy mravcov, ktor\u00e9 sa \u017eivia hubami<br \/>\nToto je kompletn\u00e9 krmivo (jedno krmivo)<br \/>\nPrepravn\u00e1 n\u00e1doba by sa mala otvori\u0165 a umiestni\u0165 ved\u013ea kol\u00f3nie mravcov. Zvierat\u00e1 potom samy vynes\u00fa k\u00fasky h\u00fab.<\/p>\n<p><strong>Skladovanie:<\/strong> 25\u00b0C a vlhkos\u0165 90%<\/p>\n<p><strong>Obsahuje:<\/strong><br \/>\n\u010derstv\u00e9 a origin\u00e1lne k\u00fasky h\u00fab menovan\u00fdch druhov mravcov.<\/p>\n<p><strong>Pozn\u00e1mka:<\/strong><br \/>\n\u010eal\u0161ie inform\u00e1cie n\u00e1jdete v pr\u00edbalovom let\u00e1ku.<\/p>\n<p>Informa\u010dn\u00e1 linka +49 30 439703870<\/p>\n<p><strong>Zodpovedn\u00fd veterin\u00e1rny a potravinov\u00fd in\u0161pektor\u00e1t:<\/strong><br \/>\nVeterin\u00e1rna kancel\u00e1ria Steglitz<br \/>\nK\u00f6nigin-Luise-Str. 92<br \/>\n14195 Berl\u00edn<\/p>","protected":false},"excerpt":{"rendered":"<p>Kompletn\u00e9 krmivo<\/p>","protected":false},"featured_media":9777,"comment_status":"open","ping_status":"closed","template":"","meta":{"_acf_changed":false,"content-type":"","_monsterinsights_skip_tracking":false,"_monsterinsights_sitenote_active":false,"_monsterinsights_sitenote_note":"","_monsterinsights_sitenote_category":0},"product_brand":[],"product_cat":[115,116],"product_tag":[],"class_list":{"0":"post-9292","1":"product","2":"type-product","3":"status-publish","4":"has-post-thumbnail","6":"product_cat-food-and-feeding","7":"product_cat-food","9":"first","10":"instock","11":"taxable","12":"shipping-taxable","13":"purchasable","14":"product-type-simple"},"acf":[],"aioseo_notices":[],"jetpack_sharing_enabled":true,"_links":{"self":[{"href":"https:\/\/antcube.shop\/sk\/wp-json\/wp\/v2\/product\/9292","targetHints":{"allow":["GET"]}}],"collection":[{"href":"https:\/\/antcube.shop\/sk\/wp-json\/wp\/v2\/product"}],"about":[{"href":"https:\/\/antcube.shop\/sk\/wp-json\/wp\/v2\/types\/product"}],"replies":[{"embeddable":true,"href":"https:\/\/antcube.shop\/sk\/wp-json\/wp\/v2\/comments?post=9292"}],"wp:featuredmedia":[{"embeddable":true,"href":"https:\/\/antcube.shop\/sk\/wp-json\/wp\/v2\/media\/9777"}],"wp:attachment":[{"href":"https:\/\/antcube.shop\/sk\/wp-json\/wp\/v2\/media?parent=9292"}],"wp:term":[{"taxonomy":"product_brand","embeddable":true,"href":"https:\/\/antcube.shop\/sk\/wp-json\/wp\/v2\/product_brand?post=9292"},{"taxonomy":"product_cat","embeddable":true,"href":"https:\/\/antcube.shop\/sk\/wp-json\/wp\/v2\/product_cat?post=9292"},{"taxonomy":"product_tag","embeddable":true,"href":"https:\/\/antcube.shop\/sk\/wp-json\/wp\/v2\/product_tag?post=9292"}],"curies":[{"name":"wp","href":"https:\/\/api.w.org\/{rel}","templated":true}]}}