{"id":9291,"date":"2024-09-17T15:59:27","date_gmt":"2024-09-17T13:59:27","guid":{"rendered":"https:\/\/antcube.shop\/en\/product\/brombeerblatter-100g-frisch\/"},"modified":"2026-04-14T09:35:49","modified_gmt":"2026-04-14T07:35:49","slug":"brombeerblatter-100g-frisch","status":"publish","type":"product","link":"https:\/\/antcube.shop\/sk\/produkt\/brombeerblatter-100g-frisch\/","title":{"rendered":"Ostru\u017einov\u00e9 listy 100g - \u010derstv\u00e9"},"content":{"rendered":"<p><strong>Obsah:<\/strong> 100 g \u010derstv\u00fdch listov ostru\u017e\u00edn<\/p>\n<p><strong>Popis: V s\u00fa\u010dasnosti je na trhu viac ako 10 000 zariaden\u00ed, ktor\u00e9 s\u00fa ur\u010den\u00e9 na predaj:<\/strong> Listy ostru\u017e\u00edn ako \u017eivn\u00e1 p\u00f4da pre druhy mravcov, ktor\u00e9 pestuj\u00fa huby.<\/p>\n<p><strong>Pou\u017eitie:<\/strong><br \/>\nListy ostru\u017e\u00edn = pre druhy mravcov, ktor\u00e9 sa \u017eivia hubami<br \/>\nIde o \"kompletn\u00e9 krmivo\" (jedno krmivo), ktor\u00e9 sa pou\u017e\u00edva len ako \u017eivn\u00e1 p\u00f4da pre huby.<br \/>\nListy, ktor\u00e9 chcete k\u0155mi\u0165, jednoducho vlo\u017ete do k\u0155mnej komory.<\/p>\n<p>Skladovanie: Vlhkos\u0165: 5-8 \u00b0C \/ 60-90% (pr\u00edpadne aj vo v\u00e1ze s vodou)<\/p>\n<p><strong>Obsahuje:<\/strong><br \/>\n100% \u010derstv\u00e9 ostru\u017einov\u00e9 listy<\/p>\n<p><strong>Pozn\u00e1mka:<\/strong><br \/>\n\u010eal\u0161ie inform\u00e1cie n\u00e1jdete v pr\u00edbalovom let\u00e1ku.<\/p>\n<p>Informa\u010dn\u00e1 linka +49 30 439703870<\/p>\n<p>Zodpovedn\u00fd veterin\u00e1rny a potravinov\u00fd in\u0161pektor\u00e1t:<br \/>\nVeterin\u00e1rna kancel\u00e1ria Steglitz<br \/>\nK\u00f6nigin-Luise-Str. 92<br \/>\n14195 Berl\u00edn<\/p>","protected":false},"excerpt":{"rendered":"<p>Obsah: 100g \u010derstv\u00fdch listov ostru\u017e\u00edn Popis: Listy ostru\u017einy ako \u017eivn\u00e1 p\u00f4da pre mravce, ktor\u00ed pestuj\u00fa huby. Pou\u017eitie: Listy ostru\u017einy = pre druhy mravcov rozmno\u017euj\u00face huby Toto je \"kompletn\u00e9 krmivo\" (jednorazov\u00e9 krmivo) a pou\u017e\u00edva sa len ako \u017eivn\u00e1 p\u00f4da pre huby. Listy, ktor\u00e9 sa maj\u00fa k\u0155mi\u0165, jednoducho umiestnite do k\u0155mnej komory. Skladovanie: 5-8\u00b0C","protected":false},"featured_media":9603,"comment_status":"open","ping_status":"closed","template":"","meta":{"_acf_changed":false,"content-type":"","_monsterinsights_skip_tracking":false,"_monsterinsights_sitenote_active":false,"_monsterinsights_sitenote_note":"","_monsterinsights_sitenote_category":0},"product_brand":[],"product_cat":[115,116],"product_tag":[],"class_list":{"0":"post-9291","1":"product","2":"type-product","3":"status-publish","4":"has-post-thumbnail","6":"product_cat-food-and-feeding","7":"product_cat-food","9":"first","10":"onbackorder","11":"taxable","12":"shipping-taxable","13":"purchasable","14":"product-type-simple"},"acf":[],"aioseo_notices":[],"jetpack_sharing_enabled":true,"_links":{"self":[{"href":"https:\/\/antcube.shop\/sk\/wp-json\/wp\/v2\/product\/9291","targetHints":{"allow":["GET"]}}],"collection":[{"href":"https:\/\/antcube.shop\/sk\/wp-json\/wp\/v2\/product"}],"about":[{"href":"https:\/\/antcube.shop\/sk\/wp-json\/wp\/v2\/types\/product"}],"replies":[{"embeddable":true,"href":"https:\/\/antcube.shop\/sk\/wp-json\/wp\/v2\/comments?post=9291"}],"wp:featuredmedia":[{"embeddable":true,"href":"https:\/\/antcube.shop\/sk\/wp-json\/wp\/v2\/media\/9603"}],"wp:attachment":[{"href":"https:\/\/antcube.shop\/sk\/wp-json\/wp\/v2\/media?parent=9291"}],"wp:term":[{"taxonomy":"product_brand","embeddable":true,"href":"https:\/\/antcube.shop\/sk\/wp-json\/wp\/v2\/product_brand?post=9291"},{"taxonomy":"product_cat","embeddable":true,"href":"https:\/\/antcube.shop\/sk\/wp-json\/wp\/v2\/product_cat?post=9291"},{"taxonomy":"product_tag","embeddable":true,"href":"https:\/\/antcube.shop\/sk\/wp-json\/wp\/v2\/product_tag?post=9291"}],"curies":[{"name":"wp","href":"https:\/\/api.w.org\/{rel}","templated":true}]}}