{"id":9289,"date":"2024-09-17T15:58:27","date_gmt":"2024-09-17T13:58:27","guid":{"rendered":"https:\/\/antcube.shop\/en\/product\/tranke-45ml-65mm-blau\/"},"modified":"2026-04-14T12:07:07","modified_gmt":"2026-04-14T10:07:07","slug":"tranke-45ml-65mm-blau","status":"publish","type":"product","link":"https:\/\/antcube.shop\/sk\/produkt\/tranke-45ml-65mm-blau\/","title":{"rendered":"Nap\u00e1ja\u010dka 45 ml - 65 mm - modr\u00e1"},"content":{"rendered":"<p><strong>D\u013a\u017eka:<\/strong> 65 mm, 45 ml<\/p>\n<p><strong>Materi\u00e1l:<\/strong> Plastov\u00e9<\/p>\n<p><strong>Popis: V s\u00fa\u010dasnosti je na trhu viac ako 10 000 zariaden\u00ed, ktor\u00e9 s\u00fa ur\u010den\u00e9 na predaj:<\/strong> Aby si mravce vo formik\u00e1riu mohli zabezpe\u010di\u0165 dostatok vlhkosti. Vodu mo\u017eno zmie\u0161a\u0165 aj s medom. Ide\u00e1lne aj na pr\u00e1zdninov\u00e9 obdobie. Odpor\u00fa\u010da sa pokry\u0165 dno nap\u00e1ja\u010dky savou vatou alebo \u0161pongiou, aby sa mravce neutopili.<\/p>\n<p><strong>Farba z\u00e1kladne:<\/strong> biela<br \/>\n<strong>Farba n\u00e1doby:<\/strong> modr\u00e1 transparentn\u00e1<\/p>","protected":false},"excerpt":{"rendered":"<p>D\u013a\u017eka: 65 mm, materi\u00e1l: plast<\/p>","protected":false},"featured_media":9608,"comment_status":"open","ping_status":"closed","template":"","meta":{"_acf_changed":false,"content-type":"","_monsterinsights_skip_tracking":false,"_monsterinsights_sitenote_active":false,"_monsterinsights_sitenote_note":"","_monsterinsights_sitenote_category":0},"product_brand":[],"product_cat":[115,117],"product_tag":[],"class_list":{"0":"post-9289","1":"product","2":"type-product","3":"status-publish","4":"has-post-thumbnail","6":"product_cat-food-and-feeding","7":"product_cat-drinkers-for-ants","9":"first","10":"instock","11":"taxable","12":"shipping-taxable","13":"purchasable","14":"product-type-simple"},"acf":[],"aioseo_notices":[],"jetpack_sharing_enabled":true,"_links":{"self":[{"href":"https:\/\/antcube.shop\/sk\/wp-json\/wp\/v2\/product\/9289","targetHints":{"allow":["GET"]}}],"collection":[{"href":"https:\/\/antcube.shop\/sk\/wp-json\/wp\/v2\/product"}],"about":[{"href":"https:\/\/antcube.shop\/sk\/wp-json\/wp\/v2\/types\/product"}],"replies":[{"embeddable":true,"href":"https:\/\/antcube.shop\/sk\/wp-json\/wp\/v2\/comments?post=9289"}],"wp:featuredmedia":[{"embeddable":true,"href":"https:\/\/antcube.shop\/sk\/wp-json\/wp\/v2\/media\/9608"}],"wp:attachment":[{"href":"https:\/\/antcube.shop\/sk\/wp-json\/wp\/v2\/media?parent=9289"}],"wp:term":[{"taxonomy":"product_brand","embeddable":true,"href":"https:\/\/antcube.shop\/sk\/wp-json\/wp\/v2\/product_brand?post=9289"},{"taxonomy":"product_cat","embeddable":true,"href":"https:\/\/antcube.shop\/sk\/wp-json\/wp\/v2\/product_cat?post=9289"},{"taxonomy":"product_tag","embeddable":true,"href":"https:\/\/antcube.shop\/sk\/wp-json\/wp\/v2\/product_tag?post=9289"}],"curies":[{"name":"wp","href":"https:\/\/api.w.org\/{rel}","templated":true}]}}