{"id":9286,"date":"2024-09-17T15:57:15","date_gmt":"2024-09-17T13:57:15","guid":{"rendered":"https:\/\/antcube.shop\/en\/product\/felsschale-mini-granite-rock\/"},"modified":"2026-03-23T09:46:30","modified_gmt":"2026-03-23T08:46:30","slug":"rock-shell-mini-zulova-skala","status":"publish","type":"product","link":"https:\/\/antcube.shop\/sk\/produkt\/rock-shell-mini-zulova-skala\/","title":{"rendered":"Rock shell mini Granite Rock"},"content":{"rendered":"<p><strong>Rozmery:<\/strong> 15 x 10 x 2,5 cm<\/p>\n<p><strong>Farba:<\/strong> \u0161ed\u00e1<\/p>\n<p><strong>Materi\u00e1l:<\/strong> syntetick\u00e1 \u017eivica<\/p>\n<p><strong>Popis: V s\u00fa\u010dasnosti je na trhu viac ako 10 000 zariaden\u00ed, ktor\u00e9 s\u00fa ur\u010den\u00e9 na predaj:<\/strong><br \/>\nV t\u00fdchto kamenn\u00fdch misk\u00e1ch m\u00f4\u017eete mravcom pon\u00faknu\u0165 jedlo alebo vodu. Kamenn\u00e9 misky s\u00fa vyroben\u00e9 z odolnej syntetickej \u017eivice a mravce ich nem\u00f4\u017eu zni\u010di\u0165.<\/p>","protected":false},"excerpt":{"rendered":"<p>Ve\u013ekos\u0165: 15 x 10 x 2,5 cm<\/p>","protected":false},"featured_media":9773,"comment_status":"open","ping_status":"closed","template":"","meta":{"_acf_changed":false,"content-type":"","_monsterinsights_skip_tracking":false,"_monsterinsights_sitenote_active":false,"_monsterinsights_sitenote_note":"","_monsterinsights_sitenote_category":0},"product_brand":[],"product_cat":[115,118],"product_tag":[],"class_list":{"0":"post-9286","1":"product","2":"type-product","3":"status-publish","4":"has-post-thumbnail","6":"product_cat-food-and-feeding","7":"product_cat-feeding-bowls","9":"first","10":"instock","11":"taxable","12":"shipping-taxable","13":"purchasable","14":"product-type-simple"},"acf":[],"aioseo_notices":[],"jetpack_sharing_enabled":true,"_links":{"self":[{"href":"https:\/\/antcube.shop\/sk\/wp-json\/wp\/v2\/product\/9286","targetHints":{"allow":["GET"]}}],"collection":[{"href":"https:\/\/antcube.shop\/sk\/wp-json\/wp\/v2\/product"}],"about":[{"href":"https:\/\/antcube.shop\/sk\/wp-json\/wp\/v2\/types\/product"}],"replies":[{"embeddable":true,"href":"https:\/\/antcube.shop\/sk\/wp-json\/wp\/v2\/comments?post=9286"}],"wp:featuredmedia":[{"embeddable":true,"href":"https:\/\/antcube.shop\/sk\/wp-json\/wp\/v2\/media\/9773"}],"wp:attachment":[{"href":"https:\/\/antcube.shop\/sk\/wp-json\/wp\/v2\/media?parent=9286"}],"wp:term":[{"taxonomy":"product_brand","embeddable":true,"href":"https:\/\/antcube.shop\/sk\/wp-json\/wp\/v2\/product_brand?post=9286"},{"taxonomy":"product_cat","embeddable":true,"href":"https:\/\/antcube.shop\/sk\/wp-json\/wp\/v2\/product_cat?post=9286"},{"taxonomy":"product_tag","embeddable":true,"href":"https:\/\/antcube.shop\/sk\/wp-json\/wp\/v2\/product_tag?post=9286"}],"curies":[{"name":"wp","href":"https:\/\/api.w.org\/{rel}","templated":true}]}}