{"id":9278,"date":"2024-09-17T15:53:55","date_gmt":"2024-09-17T13:53:55","guid":{"rendered":"https:\/\/antcube.shop\/en\/product\/napf-klar-1x30-schwamm\/"},"modified":"2026-04-22T10:31:51","modified_gmt":"2026-04-22T08:31:51","slug":"miska-cira-1x30-hubka","status":"publish","type":"product","link":"https:\/\/antcube.shop\/sk\/produkt\/miska-cira-1x30-hubka\/","title":{"rendered":"Misa \u010d\u00edra 1\u00d730 - Huba"},"content":{"rendered":"<p><strong>Rozmery:<\/strong> 39 x 50 x 7 mm<\/p>\n<p><strong>Materi\u00e1l:<\/strong> PMMA, pena (extr\u00e9mne jemn\u00e9 p\u00f3ry a vysok\u00e1 absorpcia)<\/p>\n<p><strong>Popis: V s\u00fa\u010dasnosti je na trhu viac ako 10 000 zariaden\u00ed, ktor\u00e9 s\u00fa ur\u010den\u00e9 na predaj:<\/strong> \u0160tvorcov\u00e1 miska so \u017e\u013eabom na krmivo vr\u00e1tane zodpovedaj\u00facej hubky (ka\u017ed\u00e1 s priemerom 20 mm) na krmivo.<\/p>","protected":false},"excerpt":{"rendered":"<p>Rozmery: 39 x 50 mm, materi\u00e1l: (extr\u00e9mne jemne p\u00f3rovit\u00fd a vysoko absorp\u010dn\u00fd)<\/p>","protected":false},"featured_media":9612,"comment_status":"open","ping_status":"closed","template":"","meta":{"_acf_changed":false,"content-type":"","_monsterinsights_skip_tracking":false,"_monsterinsights_sitenote_active":false,"_monsterinsights_sitenote_note":"","_monsterinsights_sitenote_category":0},"product_brand":[],"product_cat":[115,118],"product_tag":[],"class_list":{"0":"post-9278","1":"product","2":"type-product","3":"status-publish","4":"has-post-thumbnail","6":"product_cat-food-and-feeding","7":"product_cat-feeding-bowls","9":"first","10":"instock","11":"taxable","12":"shipping-taxable","13":"purchasable","14":"product-type-simple"},"acf":[],"aioseo_notices":[],"jetpack_sharing_enabled":true,"_links":{"self":[{"href":"https:\/\/antcube.shop\/sk\/wp-json\/wp\/v2\/product\/9278","targetHints":{"allow":["GET"]}}],"collection":[{"href":"https:\/\/antcube.shop\/sk\/wp-json\/wp\/v2\/product"}],"about":[{"href":"https:\/\/antcube.shop\/sk\/wp-json\/wp\/v2\/types\/product"}],"replies":[{"embeddable":true,"href":"https:\/\/antcube.shop\/sk\/wp-json\/wp\/v2\/comments?post=9278"}],"wp:featuredmedia":[{"embeddable":true,"href":"https:\/\/antcube.shop\/sk\/wp-json\/wp\/v2\/media\/9612"}],"wp:attachment":[{"href":"https:\/\/antcube.shop\/sk\/wp-json\/wp\/v2\/media?parent=9278"}],"wp:term":[{"taxonomy":"product_brand","embeddable":true,"href":"https:\/\/antcube.shop\/sk\/wp-json\/wp\/v2\/product_brand?post=9278"},{"taxonomy":"product_cat","embeddable":true,"href":"https:\/\/antcube.shop\/sk\/wp-json\/wp\/v2\/product_cat?post=9278"},{"taxonomy":"product_tag","embeddable":true,"href":"https:\/\/antcube.shop\/sk\/wp-json\/wp\/v2\/product_tag?post=9278"}],"curies":[{"name":"wp","href":"https:\/\/api.w.org\/{rel}","templated":true}]}}