{"id":9276,"date":"2024-09-17T15:53:02","date_gmt":"2024-09-17T13:53:02","guid":{"rendered":"https:\/\/antcube.shop\/en\/product\/ameisen-futterrohrchen-2ml\/"},"modified":"2026-04-04T12:46:27","modified_gmt":"2026-04-04T10:46:27","slug":"ameisen-futterrohrchen-2ml","status":"publish","type":"product","link":"https:\/\/antcube.shop\/sk\/produkt\/ameisen-futterrohrchen-2ml\/","title":{"rendered":"Mraven\u010dia potrava v tube 2ml"},"content":{"rendered":"<p><strong>Rozmery:<\/strong> 13 x 13 x 46 mm<\/p>\n<p><strong>Materi\u00e1l:<\/strong> Plastov\u00e9<\/p>\n<p><strong>Popis: V s\u00fa\u010dasnosti je na trhu viac ako 10 000 zariaden\u00ed, ktor\u00e9 s\u00fa ur\u010den\u00e9 na predaj:<\/strong> Podlhovast\u00e1 k\u0155mna trubica na plnenie r\u00f4znou potravou pre mravce. Vr\u00e1tane skrutkovacieho vie\u010dka s tesniacim kr\u00fa\u017ekom na utesnenie a udr\u017eanie \u010derstvosti krmiva. Krmivo sa d\u00e1 \u013eahko d\u00e1vkova\u0165 opatrn\u00fdm vyklep\u00e1van\u00edm.<\/p>","protected":false},"excerpt":{"rendered":"<p>Rozmery: Materi\u00e1l: 13 x 13 x 46 mm Materi\u00e1l: plast Podlhovast\u00e1 k\u0155mna trubica na plnenie r\u00f4znou potravou pre mravce. Vr\u00e1tane skrutkovacieho vie\u010dka s tesniacim kr\u00fa\u017ekom na utesnenie a udr\u017eanie \u010derstvosti krmiva. Krmivo sa d\u00e1 \u013eahko d\u00e1vkova\u0165 opatrn\u00fdm vyklep\u00e1van\u00edm.<\/p>","protected":false},"featured_media":9754,"comment_status":"open","ping_status":"closed","template":"","meta":{"_acf_changed":false,"content-type":"","_monsterinsights_skip_tracking":false,"_monsterinsights_sitenote_active":false,"_monsterinsights_sitenote_note":"","_monsterinsights_sitenote_category":0},"product_brand":[],"product_cat":[237],"product_tag":[],"class_list":{"0":"post-9276","1":"product","2":"type-product","3":"status-publish","4":"has-post-thumbnail","6":"product_cat-tools","8":"first","9":"instock","10":"taxable","11":"shipping-taxable","12":"purchasable","13":"product-type-simple"},"acf":[],"aioseo_notices":[],"jetpack_sharing_enabled":true,"_links":{"self":[{"href":"https:\/\/antcube.shop\/sk\/wp-json\/wp\/v2\/product\/9276","targetHints":{"allow":["GET"]}}],"collection":[{"href":"https:\/\/antcube.shop\/sk\/wp-json\/wp\/v2\/product"}],"about":[{"href":"https:\/\/antcube.shop\/sk\/wp-json\/wp\/v2\/types\/product"}],"replies":[{"embeddable":true,"href":"https:\/\/antcube.shop\/sk\/wp-json\/wp\/v2\/comments?post=9276"}],"wp:featuredmedia":[{"embeddable":true,"href":"https:\/\/antcube.shop\/sk\/wp-json\/wp\/v2\/media\/9754"}],"wp:attachment":[{"href":"https:\/\/antcube.shop\/sk\/wp-json\/wp\/v2\/media?parent=9276"}],"wp:term":[{"taxonomy":"product_brand","embeddable":true,"href":"https:\/\/antcube.shop\/sk\/wp-json\/wp\/v2\/product_brand?post=9276"},{"taxonomy":"product_cat","embeddable":true,"href":"https:\/\/antcube.shop\/sk\/wp-json\/wp\/v2\/product_cat?post=9276"},{"taxonomy":"product_tag","embeddable":true,"href":"https:\/\/antcube.shop\/sk\/wp-json\/wp\/v2\/product_tag?post=9276"}],"curies":[{"name":"wp","href":"https:\/\/api.w.org\/{rel}","templated":true}]}}