{"id":9273,"date":"2024-09-17T15:00:07","date_gmt":"2024-09-17T13:00:07","guid":{"rendered":"https:\/\/antcube.shop\/en\/product\/mini-thermometer-analog-metall-25mm\/"},"modified":"2026-04-05T12:30:33","modified_gmt":"2026-04-05T10:30:33","slug":"mini-teplomer-analogovy-kovovy-25mm","status":"publish","type":"product","link":"https:\/\/antcube.shop\/sk\/produkt\/mini-teplomer-analogovy-kovovy-25mm\/","title":{"rendered":"Mini teplomer anal\u00f3gov\u00fd kovov\u00fd - 25 mm"},"content":{"rendered":"<p><strong>Rozmery:<\/strong> 25 mm<\/p>\n<p><strong>Farba:<\/strong> kov, striebro<\/p>\n<p><strong>Rozsah merania:<\/strong> -20 a\u017e +50\u00b0C \/ -10 a\u017e +130\u00b0F<\/p>\n<p><strong>Presnos\u0165:<\/strong> +\/- 2\u00b0C , +\/- 4\u00b0F<\/p>\n<p><strong>Popis: V s\u00fa\u010dasnosti je na trhu viac ako 10 000 zariaden\u00ed, ktor\u00e9 s\u00fa ur\u010den\u00e9 na predaj:<\/strong><br \/>\nAnal\u00f3gov\u00fd teplomer, ktor\u00fd je vhodn\u00fd najm\u00e4 pre ve\u013emi mal\u00e9 formik\u00e1rie.<br \/>\nPripev\u0148uje sa k 27 mm otvoru pomocou \"Formicarium plug for 27 mm hole\" s 22 mm v\u00fdrezom.<br \/>\nV opa\u010dnom pr\u00edpade mo\u017eno vlhkomer pripevni\u0165 na vn\u00fatorn\u00fa zadn\u00fa stranu formik\u00e1ria pomocou obojstrannej lepiacej p\u00e1sky (nie je s\u00fa\u010das\u0165ou dod\u00e1vky).<\/p>\n<p><strong>Pozn\u00e1mka:<\/strong><br \/>\nNezatv\u00e1rajte zadn\u00fd otvor teplomera, preto\u017ee to m\u00f4\u017ee vies\u0165 k chyb\u00e1m merania.<\/p>","protected":false},"excerpt":{"rendered":"<p>Rozsah merania: -20 a\u017e +50 \u00b0C, priemer: 25 mm<\/p>","protected":false},"featured_media":9748,"comment_status":"open","ping_status":"closed","template":"","meta":{"_acf_changed":false,"content-type":"","_monsterinsights_skip_tracking":false,"_monsterinsights_sitenote_active":false,"_monsterinsights_sitenote_note":"","_monsterinsights_sitenote_category":0},"product_brand":[],"product_cat":[359,119],"product_tag":[],"class_list":{"0":"post-9273","1":"product","2":"type-product","3":"status-publish","4":"has-post-thumbnail","6":"product_cat-light-heat-humidity","7":"product_cat-formicarium-components","9":"first","10":"instock","11":"taxable","12":"shipping-taxable","13":"purchasable","14":"product-type-simple"},"acf":[],"aioseo_notices":[],"jetpack_sharing_enabled":true,"_links":{"self":[{"href":"https:\/\/antcube.shop\/sk\/wp-json\/wp\/v2\/product\/9273","targetHints":{"allow":["GET"]}}],"collection":[{"href":"https:\/\/antcube.shop\/sk\/wp-json\/wp\/v2\/product"}],"about":[{"href":"https:\/\/antcube.shop\/sk\/wp-json\/wp\/v2\/types\/product"}],"replies":[{"embeddable":true,"href":"https:\/\/antcube.shop\/sk\/wp-json\/wp\/v2\/comments?post=9273"}],"wp:featuredmedia":[{"embeddable":true,"href":"https:\/\/antcube.shop\/sk\/wp-json\/wp\/v2\/media\/9748"}],"wp:attachment":[{"href":"https:\/\/antcube.shop\/sk\/wp-json\/wp\/v2\/media?parent=9273"}],"wp:term":[{"taxonomy":"product_brand","embeddable":true,"href":"https:\/\/antcube.shop\/sk\/wp-json\/wp\/v2\/product_brand?post=9273"},{"taxonomy":"product_cat","embeddable":true,"href":"https:\/\/antcube.shop\/sk\/wp-json\/wp\/v2\/product_cat?post=9273"},{"taxonomy":"product_tag","embeddable":true,"href":"https:\/\/antcube.shop\/sk\/wp-json\/wp\/v2\/product_tag?post=9273"}],"curies":[{"name":"wp","href":"https:\/\/api.w.org\/{rel}","templated":true}]}}