{"id":9271,"date":"2024-09-17T14:58:23","date_gmt":"2024-09-17T12:58:23","guid":{"rendered":"https:\/\/antcube.shop\/en\/product\/mini-thermo-hygrometer-analog-display-magnet\/"},"modified":"2026-04-13T10:49:03","modified_gmt":"2026-04-13T08:49:03","slug":"mini-teplomer-s-analogovym-displejom-s-magnetom","status":"publish","type":"product","link":"https:\/\/antcube.shop\/sk\/produkt\/mini-teplomer-s-analogovym-displejom-s-magnetom\/","title":{"rendered":"Mini termo- vlhkomer anal\u00f3gov\u00fd - displej - magnet"},"content":{"rendered":"<p><strong>Rozmery:<\/strong> 75 mm x 60 mm, h\u013abka 8 mm<\/p>\n<p><strong>Materi\u00e1l:<\/strong> kov \/ akrylov\u00e9 sklo<\/p>\n<p><strong>Farba:<\/strong> kov, strieborn\u00e1 \/ transparentn\u00e1<\/p>\n<p><strong>Obsah:<\/strong> 1x anal\u00f3gov\u00fd kovov\u00fd mini teplomer - 25 mm, 1x anal\u00f3gov\u00fd kovov\u00fd mini vlhkomer - 25 mm, 1x dr\u017eiak z akrylov\u00e9ho skla s v\u00fdrezmi pre meracie pr\u00edstroje a tromi magnetmi - 75x60 mm, 1x akrylov\u00e1 sklenen\u00e1 doska s magnetmi na upevnenie displeja - 75x20 mm,<\/p>\n<p><strong>Popis: V s\u00fa\u010dasnosti je na trhu viac ako 10 000 zariaden\u00ed, ktor\u00e9 s\u00fa ur\u010den\u00e9 na predaj:<\/strong><br \/>\nS\u00faprava sa sklad\u00e1 z anal\u00f3gov\u00e9ho teplomera a vlhkomera vyroben\u00fdch z kovu (25 mm), ktor\u00e9 s\u00fa vlo\u017een\u00e9 do akrylovej sklenenej dosky (75x6 mm). Displej sa pripev\u0148uje pomocou malej do\u0161ti\u010dky s magnetmi, ktor\u00e1 je pripevnen\u00e1 na druhej strane do\u0161ti\u010dky. To umo\u017e\u0148uje prisp\u00f4sobi\u0165 umiestnenie displeja hodn\u00f4t individu\u00e1lnym po\u017eiadavk\u00e1m. V porovnan\u00ed s lepiacimi podlo\u017ekami umo\u017e\u0148uj\u00fa magnety meni\u0165 polohu displeja tak \u010dasto, ako je to potrebn\u00e9.<\/p>\n<p><strong>Pozn\u00e1mka:<\/strong><br \/>\nMeracie pr\u00edstroje na zadnej strane musia zosta\u0165 vo\u013en\u00e9, inak m\u00f4\u017ee d\u00f4js\u0165 k chyb\u00e1m merania.<\/p>\n<p>V d\u00f4sledku v\u00fdrobn\u00e9ho procesu sa na magnetick\u00fdch \u010dastiach m\u00f4\u017eu vyskytn\u00fa\u0165 mierne a\u017e stredne ve\u013ek\u00e9 praskliny.<\/p>\n<p>Presnos\u0165: +\/- 2\u00b0C , +\/- 4\u00b0F<br \/>\nPresnos\u0165: +\/- 5%<\/p>","protected":false},"excerpt":{"rendered":"<p>Sada teplomera a vlhkomera z kovu (25 mm) vlo\u017een\u00e9ho do akrylovej sklenenej dosky (75x45 mm)<\/p>","protected":false},"featured_media":9740,"comment_status":"open","ping_status":"closed","template":"","meta":{"_acf_changed":false,"content-type":"","_monsterinsights_skip_tracking":false,"_monsterinsights_sitenote_active":false,"_monsterinsights_sitenote_note":"","_monsterinsights_sitenote_category":0},"product_brand":[],"product_cat":[359,119],"product_tag":[],"class_list":{"0":"post-9271","1":"product","2":"type-product","3":"status-publish","4":"has-post-thumbnail","6":"product_cat-light-heat-humidity","7":"product_cat-formicarium-components","9":"first","10":"instock","11":"taxable","12":"shipping-taxable","13":"purchasable","14":"product-type-simple"},"acf":[],"aioseo_notices":[],"jetpack_sharing_enabled":true,"_links":{"self":[{"href":"https:\/\/antcube.shop\/sk\/wp-json\/wp\/v2\/product\/9271","targetHints":{"allow":["GET"]}}],"collection":[{"href":"https:\/\/antcube.shop\/sk\/wp-json\/wp\/v2\/product"}],"about":[{"href":"https:\/\/antcube.shop\/sk\/wp-json\/wp\/v2\/types\/product"}],"replies":[{"embeddable":true,"href":"https:\/\/antcube.shop\/sk\/wp-json\/wp\/v2\/comments?post=9271"}],"wp:featuredmedia":[{"embeddable":true,"href":"https:\/\/antcube.shop\/sk\/wp-json\/wp\/v2\/media\/9740"}],"wp:attachment":[{"href":"https:\/\/antcube.shop\/sk\/wp-json\/wp\/v2\/media?parent=9271"}],"wp:term":[{"taxonomy":"product_brand","embeddable":true,"href":"https:\/\/antcube.shop\/sk\/wp-json\/wp\/v2\/product_brand?post=9271"},{"taxonomy":"product_cat","embeddable":true,"href":"https:\/\/antcube.shop\/sk\/wp-json\/wp\/v2\/product_cat?post=9271"},{"taxonomy":"product_tag","embeddable":true,"href":"https:\/\/antcube.shop\/sk\/wp-json\/wp\/v2\/product_tag?post=9271"}],"curies":[{"name":"wp","href":"https:\/\/api.w.org\/{rel}","templated":true}]}}