{"id":9270,"date":"2024-09-17T14:57:58","date_gmt":"2024-09-17T12:57:58","guid":{"rendered":"https:\/\/antcube.shop\/en\/product\/mini-thermo-hygrometer-analog-display-front\/"},"modified":"2026-04-22T18:28:02","modified_gmt":"2026-04-22T16:28:02","slug":"mini-teplomer-s-analogovym-displejom-na-prednej-strane","status":"publish","type":"product","link":"https:\/\/antcube.shop\/sk\/produkt\/mini-teplomer-s-analogovym-displejom-na-prednej-strane\/","title":{"rendered":"Mini termo- vlhkomer anal\u00f3gov\u00fd - displej - predn\u00e1 strana"},"content":{"rendered":"<p><strong>Rozmery:<\/strong> 75 mm x 60 mm, h\u013abka 8 mm<\/p>\n<p><strong>Materi\u00e1l:<\/strong> kov \/ akrylov\u00e9 sklo<\/p>\n<p><strong>Farba:<\/strong> kov, strieborn\u00e1 \/ transparentn\u00e1<\/p>\n<p><strong>Obsah:<\/strong> 1x anal\u00f3gov\u00fd kovov\u00fd mini teplomer - 25 mm, 1x anal\u00f3gov\u00fd kovov\u00fd mini vlhkomer - 25 mm, 1x dr\u017eiak z akrylov\u00e9ho skla s v\u00fdrezmi pre meracie pr\u00edstroje - 75x45 mm, 1x podstavec z akrylov\u00e9ho skla - 75x20 mm, 2x prieh\u013eadn\u00e9 lepiace podlo\u017eky - 30x20 mm<\/p>\n<p><strong>Popis: V s\u00fa\u010dasnosti je na trhu viac ako 10 000 zariaden\u00ed, ktor\u00e9 s\u00fa ur\u010den\u00e9 na predaj:<\/strong><br \/>\nS\u00faprava sa sklad\u00e1 z anal\u00f3gov\u00e9ho teplomera a vlhkomera vyroben\u00fdch z kovu (25 mm), ktor\u00e9 s\u00fa vlo\u017een\u00e9 do akrylovej sklenenej dosky (75x6 mm). Displej sa pripev\u0148uje pomocou dvoch prieh\u013eadn\u00fdch lepiacich podlo\u017eiek, pomocou ktor\u00fdch mo\u017eno z\u00e1klad\u0148u pripevni\u0165 na predn\u00fa stranu \u013eubovo\u013en\u00e9ho miesta na stene baz\u00e9na. To umo\u017e\u0148uje prisp\u00f4sobi\u0165 umiestnenie displeja hodn\u00f4t individu\u00e1lnym po\u017eiadavk\u00e1m.<\/p>\n<p><strong>Pozn\u00e1mka:<\/strong><br \/>\nMeracie pr\u00edstroje na zadnej strane musia zosta\u0165 vo\u013en\u00e9, inak m\u00f4\u017ee d\u00f4js\u0165 k chyb\u00e1m merania.<\/p>\n<p>Presnos\u0165: +\/- 2\u00b0C , +\/- 4\u00b0F<br \/>\nPresnos\u0165: +\/- 5%<\/p>","protected":false},"excerpt":{"rendered":"<p>Sada teplomera a vlhkomera z kovu (25 mm) vlo\u017een\u00e9ho do akrylovej sklenenej dosky (75x45 mm)<\/p>","protected":false},"featured_media":9738,"comment_status":"open","ping_status":"closed","template":"","meta":{"_acf_changed":false,"content-type":"","_monsterinsights_skip_tracking":false,"_monsterinsights_sitenote_active":false,"_monsterinsights_sitenote_note":"","_monsterinsights_sitenote_category":0},"product_brand":[],"product_cat":[359,119],"product_tag":[],"class_list":{"0":"post-9270","1":"product","2":"type-product","3":"status-publish","4":"has-post-thumbnail","6":"product_cat-light-heat-humidity","7":"product_cat-formicarium-components","9":"first","10":"instock","11":"taxable","12":"shipping-taxable","13":"purchasable","14":"product-type-simple"},"acf":[],"aioseo_notices":[],"jetpack_sharing_enabled":true,"_links":{"self":[{"href":"https:\/\/antcube.shop\/sk\/wp-json\/wp\/v2\/product\/9270","targetHints":{"allow":["GET"]}}],"collection":[{"href":"https:\/\/antcube.shop\/sk\/wp-json\/wp\/v2\/product"}],"about":[{"href":"https:\/\/antcube.shop\/sk\/wp-json\/wp\/v2\/types\/product"}],"replies":[{"embeddable":true,"href":"https:\/\/antcube.shop\/sk\/wp-json\/wp\/v2\/comments?post=9270"}],"wp:featuredmedia":[{"embeddable":true,"href":"https:\/\/antcube.shop\/sk\/wp-json\/wp\/v2\/media\/9738"}],"wp:attachment":[{"href":"https:\/\/antcube.shop\/sk\/wp-json\/wp\/v2\/media?parent=9270"}],"wp:term":[{"taxonomy":"product_brand","embeddable":true,"href":"https:\/\/antcube.shop\/sk\/wp-json\/wp\/v2\/product_brand?post=9270"},{"taxonomy":"product_cat","embeddable":true,"href":"https:\/\/antcube.shop\/sk\/wp-json\/wp\/v2\/product_cat?post=9270"},{"taxonomy":"product_tag","embeddable":true,"href":"https:\/\/antcube.shop\/sk\/wp-json\/wp\/v2\/product_tag?post=9270"}],"curies":[{"name":"wp","href":"https:\/\/api.w.org\/{rel}","templated":true}]}}