{"id":9269,"date":"2024-09-17T14:52:27","date_gmt":"2024-09-17T12:52:27","guid":{"rendered":"https:\/\/antcube.shop\/en\/product\/heat-pack-stoffbeutel-72-std\/"},"modified":"2026-04-08T10:01:07","modified_gmt":"2026-04-08T08:01:07","slug":"tepelny-zabal-textilne-vrecko-72-hodin","status":"publish","type":"product","link":"https:\/\/antcube.shop\/sk\/produkt\/tepelny-zabal-textilne-vrecko-72-hodin\/","title":{"rendered":"Tepeln\u00fd z\u00e1bal - l\u00e1tkov\u00e9 vrecko - 72 hod."},"content":{"rendered":"<p><strong>Rozmery:<\/strong> 15,5 x 11,5 cm<\/p>\n<p>Trvanie tepla ( h ): ~ 72<\/p>\n<p>Teplota (max. \/ stredn\u00e1): 52\u00b0C \/ 46\u00b0C<\/p>\n<p><strong>Popis: V s\u00fa\u010dasnosti je na trhu viac ako 10 000 zariaden\u00ed, ktor\u00e9 s\u00fa ur\u010den\u00e9 na predaj:<\/strong> Tento bal\u00edk HeatPack je ohrieva\u010d s akt\u00edvnym uhl\u00edm a aktivuje sa kontaktom so vzduchom. Jednoducho vyberte HeatPack z obalu, nechajte ho kr\u00e1tko aktivova\u0165 v prostred\u00ed bez mrazu a vlo\u017ete ho do vhodnej prepravnej \u0161katule (napr. polystyr\u00e9novej). Uvo\u013e\u0148ovanie tepla sa za\u010dne po nieko\u013ek\u00fdch min\u00fatach a vydr\u017e\u00ed a\u017e 72 hod\u00edn.<\/p>\n<p>M\u00f4\u017ee sa pou\u017ei\u0165 len raz!<\/p>\n<p><strong>Zlo\u017eenie:<\/strong> \u017eelezo, voda, celul\u00f3za, akt\u00edvne uhlie, vermikulit, so\u013e<\/p>","protected":false},"excerpt":{"rendered":"<p>Tepeln\u00fd v\u00fdkon po\u010das 72 hod\u00edn.<\/p>","protected":false},"featured_media":9735,"comment_status":"open","ping_status":"closed","template":"","meta":{"_acf_changed":false,"content-type":"","_monsterinsights_skip_tracking":false,"_monsterinsights_sitenote_active":false,"_monsterinsights_sitenote_note":"","_monsterinsights_sitenote_category":0},"product_brand":[],"product_cat":[237],"product_tag":[],"class_list":{"0":"post-9269","1":"product","2":"type-product","3":"status-publish","4":"has-post-thumbnail","6":"product_cat-tools","8":"first","9":"instock","10":"taxable","11":"shipping-taxable","12":"purchasable","13":"product-type-simple"},"acf":[],"aioseo_notices":[],"jetpack_sharing_enabled":true,"_links":{"self":[{"href":"https:\/\/antcube.shop\/sk\/wp-json\/wp\/v2\/product\/9269","targetHints":{"allow":["GET"]}}],"collection":[{"href":"https:\/\/antcube.shop\/sk\/wp-json\/wp\/v2\/product"}],"about":[{"href":"https:\/\/antcube.shop\/sk\/wp-json\/wp\/v2\/types\/product"}],"replies":[{"embeddable":true,"href":"https:\/\/antcube.shop\/sk\/wp-json\/wp\/v2\/comments?post=9269"}],"wp:featuredmedia":[{"embeddable":true,"href":"https:\/\/antcube.shop\/sk\/wp-json\/wp\/v2\/media\/9735"}],"wp:attachment":[{"href":"https:\/\/antcube.shop\/sk\/wp-json\/wp\/v2\/media?parent=9269"}],"wp:term":[{"taxonomy":"product_brand","embeddable":true,"href":"https:\/\/antcube.shop\/sk\/wp-json\/wp\/v2\/product_brand?post=9269"},{"taxonomy":"product_cat","embeddable":true,"href":"https:\/\/antcube.shop\/sk\/wp-json\/wp\/v2\/product_cat?post=9269"},{"taxonomy":"product_tag","embeddable":true,"href":"https:\/\/antcube.shop\/sk\/wp-json\/wp\/v2\/product_tag?post=9269"}],"curies":[{"name":"wp","href":"https:\/\/api.w.org\/{rel}","templated":true}]}}