{"id":9268,"date":"2024-09-17T14:52:05","date_gmt":"2024-09-17T12:52:05","guid":{"rendered":"https:\/\/antcube.shop\/en\/product\/heat-pack-alubeutel-36-std\/"},"modified":"2026-02-09T17:52:40","modified_gmt":"2026-02-09T16:52:40","slug":"tepelny-zabal-hlinikove-vrecko-36-hodin","status":"publish","type":"product","link":"https:\/\/antcube.shop\/sk\/produkt\/tepelny-zabal-hlinikove-vrecko-36-hodin\/","title":{"rendered":"Heat Pack - hlin\u00edkov\u00e9 vrecko - 36 hod."},"content":{"rendered":"<p><strong>Rozmery:<\/strong> 16 x 11,5 cm<\/p>\n<p><strong>Popis: V s\u00fa\u010dasnosti je na trhu viac ako 10 000 zariaden\u00ed, ktor\u00e9 s\u00fa ur\u010den\u00e9 na predaj:<\/strong> Tepeln\u00e9 obklady sa zahrej\u00fa na max. 45 \u00b0C, ke\u010f pr\u00eddu do kontaktu s kysl\u00edkom. Pou\u017e\u00edvaj\u00fa sa ako zdroj tepla pri preprave kol\u00f3ni\u00ed tropick\u00fdch mravcov, aby sa zabr\u00e1nilo podchladeniu zvierat. V\u00fdstup tepla na pribli\u017ene 36 hod\u00edn.<\/p>\n<p>M\u00f4\u017ee sa pou\u017ei\u0165 len raz!<\/p>\n<p><strong>Zlo\u017eenie:<\/strong> \u017eelezo, akt\u00edvne uhlie, belmilit, so\u013e, voda<\/p>","protected":false},"excerpt":{"rendered":"<p>Tepeln\u00fd v\u00fdkon po\u010das 36 hod\u00edn<\/p>","protected":false},"featured_media":9732,"comment_status":"open","ping_status":"closed","template":"","meta":{"_acf_changed":false,"content-type":"","_monsterinsights_skip_tracking":false,"_monsterinsights_sitenote_active":false,"_monsterinsights_sitenote_note":"","_monsterinsights_sitenote_category":0},"product_brand":[],"product_cat":[237],"product_tag":[],"class_list":{"0":"post-9268","1":"product","2":"type-product","3":"status-publish","4":"has-post-thumbnail","6":"product_cat-tools","8":"first","9":"instock","10":"taxable","11":"shipping-taxable","12":"purchasable","13":"product-type-simple"},"acf":[],"aioseo_notices":[],"jetpack_sharing_enabled":true,"_links":{"self":[{"href":"https:\/\/antcube.shop\/sk\/wp-json\/wp\/v2\/product\/9268","targetHints":{"allow":["GET"]}}],"collection":[{"href":"https:\/\/antcube.shop\/sk\/wp-json\/wp\/v2\/product"}],"about":[{"href":"https:\/\/antcube.shop\/sk\/wp-json\/wp\/v2\/types\/product"}],"replies":[{"embeddable":true,"href":"https:\/\/antcube.shop\/sk\/wp-json\/wp\/v2\/comments?post=9268"}],"wp:featuredmedia":[{"embeddable":true,"href":"https:\/\/antcube.shop\/sk\/wp-json\/wp\/v2\/media\/9732"}],"wp:attachment":[{"href":"https:\/\/antcube.shop\/sk\/wp-json\/wp\/v2\/media?parent=9268"}],"wp:term":[{"taxonomy":"product_brand","embeddable":true,"href":"https:\/\/antcube.shop\/sk\/wp-json\/wp\/v2\/product_brand?post=9268"},{"taxonomy":"product_cat","embeddable":true,"href":"https:\/\/antcube.shop\/sk\/wp-json\/wp\/v2\/product_cat?post=9268"},{"taxonomy":"product_tag","embeddable":true,"href":"https:\/\/antcube.shop\/sk\/wp-json\/wp\/v2\/product_tag?post=9268"}],"curies":[{"name":"wp","href":"https:\/\/api.w.org\/{rel}","templated":true}]}}