{"id":9263,"date":"2024-09-17T14:50:09","date_gmt":"2024-09-17T12:50:09","guid":{"rendered":"https:\/\/antcube.shop\/en\/product\/kunststoff-pipette-10ml\/"},"modified":"2026-04-21T18:47:10","modified_gmt":"2026-04-21T16:47:10","slug":"kunststoffova-pipeta-10-ml","status":"publish","type":"product","link":"https:\/\/antcube.shop\/sk\/produkt\/kunststoffova-pipeta-10-ml\/","title":{"rendered":"Plastov\u00e1 pipeta 10 ml"},"content":{"rendered":"<p><strong>Popis: V s\u00fa\u010dasnosti je na trhu viac ako 10 000 zariaden\u00ed, ktor\u00e9 s\u00fa ur\u010den\u00e9 na predaj:<\/strong> Plastov\u00e9 pipety sa samozrejme m\u00f4\u017eu na zvlh\u010dovanie pou\u017ei\u0165 viackr\u00e1t.<\/p>\n<p><strong>Rozmery:<\/strong> 10 ml \/ d\u013a\u017eka 170 mm.<\/p>","protected":false},"excerpt":{"rendered":"<p>Popis: V s\u00fa\u010dasnosti sa nach\u00e1dza na \u00fazem\u00ed Slovenskej republiky: Plastov\u00e9 pipety mo\u017eno samozrejme pou\u017ei\u0165 na zvlh\u010dovanie viackr\u00e1t. Rozmery: 10 ml \/ d\u013a\u017eka 170 mm.<\/p>","protected":false},"featured_media":9720,"comment_status":"open","ping_status":"closed","template":"","meta":{"_acf_changed":false,"content-type":"","_monsterinsights_skip_tracking":false,"_monsterinsights_sitenote_active":false,"_monsterinsights_sitenote_note":"","_monsterinsights_sitenote_category":0},"product_brand":[],"product_cat":[237],"product_tag":[],"class_list":{"0":"post-9263","1":"product","2":"type-product","3":"status-publish","4":"has-post-thumbnail","6":"product_cat-tools","8":"first","9":"instock","10":"taxable","11":"shipping-taxable","12":"purchasable","13":"product-type-simple"},"acf":[],"aioseo_notices":[],"jetpack_sharing_enabled":true,"_links":{"self":[{"href":"https:\/\/antcube.shop\/sk\/wp-json\/wp\/v2\/product\/9263","targetHints":{"allow":["GET"]}}],"collection":[{"href":"https:\/\/antcube.shop\/sk\/wp-json\/wp\/v2\/product"}],"about":[{"href":"https:\/\/antcube.shop\/sk\/wp-json\/wp\/v2\/types\/product"}],"replies":[{"embeddable":true,"href":"https:\/\/antcube.shop\/sk\/wp-json\/wp\/v2\/comments?post=9263"}],"wp:featuredmedia":[{"embeddable":true,"href":"https:\/\/antcube.shop\/sk\/wp-json\/wp\/v2\/media\/9720"}],"wp:attachment":[{"href":"https:\/\/antcube.shop\/sk\/wp-json\/wp\/v2\/media?parent=9263"}],"wp:term":[{"taxonomy":"product_brand","embeddable":true,"href":"https:\/\/antcube.shop\/sk\/wp-json\/wp\/v2\/product_brand?post=9263"},{"taxonomy":"product_cat","embeddable":true,"href":"https:\/\/antcube.shop\/sk\/wp-json\/wp\/v2\/product_cat?post=9263"},{"taxonomy":"product_tag","embeddable":true,"href":"https:\/\/antcube.shop\/sk\/wp-json\/wp\/v2\/product_tag?post=9263"}],"curies":[{"name":"wp","href":"https:\/\/api.w.org\/{rel}","templated":true}]}}