{"id":9261,"date":"2024-09-17T14:49:20","date_gmt":"2024-09-17T12:49:20","guid":{"rendered":"https:\/\/antcube.shop\/en\/product\/spritzflasche-pe-ld-500ml\/"},"modified":"2026-03-27T09:45:33","modified_gmt":"2026-03-27T08:45:33","slug":"spritzflasche-pe-ld-500ml","status":"publish","type":"product","link":"https:\/\/antcube.shop\/sk\/produkt\/spritzflasche-pe-ld-500ml\/","title":{"rendered":"F\u013ea\u0161a s rozpra\u0161ova\u010dom PE-LD 500 ml"},"content":{"rendered":"<p><strong>Rozmery:<\/strong> Objem: 500 ml<\/p>\n<p><strong>Farba:<\/strong> prieh\u013eadn\u00fd \/ mlie\u010dny<\/p>\n<p><strong>Materi\u00e1l:<\/strong> PE<\/p>\n<p><strong>Popis: V s\u00fa\u010dasnosti je na trhu viac ako 10 000 zariaden\u00ed, ktor\u00e9 s\u00fa ur\u010den\u00e9 na predaj:<\/strong> Rozpra\u0161ovacia f\u013ea\u0161a s pred\u013a\u017eenou tryskou - ide\u00e1lna na ru\u010dn\u00e9 zvlh\u010dovanie formik\u00e1ria.<\/p>","protected":false},"excerpt":{"rendered":"<p>Rozmery: Objem: 100 ml Farba: prieh\u013eadn\u00e1 \/ mlie\u010dna Materi\u00e1l: PE Popis: F\u013ea\u0161a s rozpra\u0161ova\u010dom s pred\u013a\u017eenou tryskou - ide\u00e1lna na ru\u010dn\u00e9 zvlh\u010dovanie formik\u00e1ria.<\/p>","protected":false},"featured_media":9716,"comment_status":"open","ping_status":"closed","template":"","meta":{"_acf_changed":false,"content-type":"","_monsterinsights_skip_tracking":false,"_monsterinsights_sitenote_active":false,"_monsterinsights_sitenote_note":"","_monsterinsights_sitenote_category":0},"product_brand":[],"product_cat":[237],"product_tag":[],"class_list":{"0":"post-9261","1":"product","2":"type-product","3":"status-publish","4":"has-post-thumbnail","6":"product_cat-tools","8":"first","9":"instock","10":"taxable","11":"shipping-taxable","12":"purchasable","13":"product-type-simple"},"acf":[],"aioseo_notices":[],"jetpack_sharing_enabled":true,"_links":{"self":[{"href":"https:\/\/antcube.shop\/sk\/wp-json\/wp\/v2\/product\/9261","targetHints":{"allow":["GET"]}}],"collection":[{"href":"https:\/\/antcube.shop\/sk\/wp-json\/wp\/v2\/product"}],"about":[{"href":"https:\/\/antcube.shop\/sk\/wp-json\/wp\/v2\/types\/product"}],"replies":[{"embeddable":true,"href":"https:\/\/antcube.shop\/sk\/wp-json\/wp\/v2\/comments?post=9261"}],"wp:featuredmedia":[{"embeddable":true,"href":"https:\/\/antcube.shop\/sk\/wp-json\/wp\/v2\/media\/9716"}],"wp:attachment":[{"href":"https:\/\/antcube.shop\/sk\/wp-json\/wp\/v2\/media?parent=9261"}],"wp:term":[{"taxonomy":"product_brand","embeddable":true,"href":"https:\/\/antcube.shop\/sk\/wp-json\/wp\/v2\/product_brand?post=9261"},{"taxonomy":"product_cat","embeddable":true,"href":"https:\/\/antcube.shop\/sk\/wp-json\/wp\/v2\/product_cat?post=9261"},{"taxonomy":"product_tag","embeddable":true,"href":"https:\/\/antcube.shop\/sk\/wp-json\/wp\/v2\/product_tag?post=9261"}],"curies":[{"name":"wp","href":"https:\/\/api.w.org\/{rel}","templated":true}]}}