{"id":9251,"date":"2024-09-17T14:44:39","date_gmt":"2024-09-17T12:44:39","guid":{"rendered":"https:\/\/antcube.shop\/en\/product\/reagenzglas-warmeisolierung-16mm-20cm\/"},"modified":"2026-03-30T18:03:43","modified_gmt":"2026-03-30T16:03:43","slug":"tepelna-izolacia-skumavky-16mm-20cm","status":"publish","type":"product","link":"https:\/\/antcube.shop\/sk\/produkt\/tepelna-izolacia-skumavky-16mm-20cm\/","title":{"rendered":"Tepeln\u00e1 izol\u00e1cia sk\u00famavky 16 mm - 20 cm"},"content":{"rendered":"<p><strong>Rozmery:<\/strong> 20 x 3,5 x 3,5 cm<\/p>\n<p><strong>Materi\u00e1l:<\/strong> pena<\/p>\n<p><strong>Farba:<\/strong> \u0161ed\u00e1<\/p>\n<p><strong>Popis: V s\u00fa\u010dasnosti je na trhu viac ako 10 000 zariaden\u00ed, ktor\u00e9 s\u00fa ur\u010den\u00e9 na predaj:<\/strong><br \/>\nTepeln\u00e1 izol\u00e1cia pre sk\u00famavky do 16 mm. Na bezpe\u010dn\u00fa prepravu mravcov.<\/p>","protected":false},"excerpt":{"rendered":"<p><strong>Ve\u013ekos\u0165:<\/strong> 20 x 3,5 x 3,5 cm<\/p>","protected":false},"featured_media":9556,"comment_status":"open","ping_status":"closed","template":"","meta":{"_acf_changed":false,"content-type":"","_monsterinsights_skip_tracking":false,"_monsterinsights_sitenote_active":false,"_monsterinsights_sitenote_note":"","_monsterinsights_sitenote_category":0},"product_brand":[],"product_cat":[237],"product_tag":[],"class_list":{"0":"post-9251","1":"product","2":"type-product","3":"status-publish","4":"has-post-thumbnail","6":"product_cat-tools","8":"first","9":"instock","10":"taxable","11":"shipping-taxable","12":"purchasable","13":"product-type-simple"},"acf":[],"aioseo_notices":[],"jetpack_sharing_enabled":true,"_links":{"self":[{"href":"https:\/\/antcube.shop\/sk\/wp-json\/wp\/v2\/product\/9251","targetHints":{"allow":["GET"]}}],"collection":[{"href":"https:\/\/antcube.shop\/sk\/wp-json\/wp\/v2\/product"}],"about":[{"href":"https:\/\/antcube.shop\/sk\/wp-json\/wp\/v2\/types\/product"}],"replies":[{"embeddable":true,"href":"https:\/\/antcube.shop\/sk\/wp-json\/wp\/v2\/comments?post=9251"}],"wp:featuredmedia":[{"embeddable":true,"href":"https:\/\/antcube.shop\/sk\/wp-json\/wp\/v2\/media\/9556"}],"wp:attachment":[{"href":"https:\/\/antcube.shop\/sk\/wp-json\/wp\/v2\/media?parent=9251"}],"wp:term":[{"taxonomy":"product_brand","embeddable":true,"href":"https:\/\/antcube.shop\/sk\/wp-json\/wp\/v2\/product_brand?post=9251"},{"taxonomy":"product_cat","embeddable":true,"href":"https:\/\/antcube.shop\/sk\/wp-json\/wp\/v2\/product_cat?post=9251"},{"taxonomy":"product_tag","embeddable":true,"href":"https:\/\/antcube.shop\/sk\/wp-json\/wp\/v2\/product_tag?post=9251"}],"curies":[{"name":"wp","href":"https:\/\/api.w.org\/{rel}","templated":true}]}}