{"id":9248,"date":"2024-09-17T14:43:20","date_gmt":"2024-09-17T12:43:20","guid":{"rendered":"https:\/\/antcube.shop\/en\/product\/antcube-box-10x10-gipsnest-beige\/"},"modified":"2026-01-12T12:38:20","modified_gmt":"2026-01-12T11:38:20","slug":"mravenisko-10x10-sadrove-hniezdo-bezova","status":"publish","type":"product","link":"https:\/\/antcube.shop\/sk\/produkt\/mravenisko-10x10-sadrove-hniezdo-bezova\/","title":{"rendered":"ANTCUBE - Box 10\u00d710 - Sadrov\u00e9 hniezdo b\u00e9\u017eovej farby"},"content":{"rendered":"<p><strong>Rozmery:<\/strong><br \/>\n100x100x100 mm<\/p>\n<p><strong>Materi\u00e1l:<\/strong><br \/>\nPMMA, PS, sadra<\/p>\n<p><strong>Farba:<\/strong> prieh\u013eadn\u00fd, b\u00e9\u017eov\u00fd<\/p>\n<p><strong>Obsah:<\/strong><br \/>\n1x box 100x100x100 mm<br \/>\n1x vkladac\u00ed r\u00e1m<br \/>\n1x vkladacie veko s 50 mm otvorom<br \/>\n1x vlo\u017eka do sadrov\u00e9ho hniezda<br \/>\n2x formik\u00e1riov\u00e9 z\u00e1tky 27 mm<br \/>\n1x mrie\u017ekov\u00e1 vlo\u017eka - 50 mm - nerezov\u00e1 oce\u013e<\/p>\n<p><strong>Popis: V s\u00fa\u010dasnosti je na trhu viac ako 10 000 zariaden\u00ed, ktor\u00e9 s\u00fa ur\u010den\u00e9 na predaj:<\/strong><br \/>\nT\u00e1to n\u00e1doba je vybaven\u00e1 zas\u00favac\u00edm r\u00e1mom a vekom a m\u00e1 aj dva 27 mm otvory na bud\u00face roz\u0161\u00edrenie. Veko m\u00e1 50 mm otvor, do ktor\u00e9ho sa daj\u00fa vlo\u017ei\u0165 mrie\u017ekov\u00e9 vlo\u017eky, ventil\u00e1tory alebo z\u00e1suvky na lampy. T\u00e1to praktick\u00e1 a \u013eahko udr\u017eiavate\u013en\u00e1 ar\u00e9na s integrovan\u00fdm sadrov\u00fdm hniezdom je vhodn\u00e1 pre zakladanie kol\u00f3ni\u00ed, ktor\u00e9 si rady stavaj\u00fa hniezda v zemi alebo medzi kame\u0148mi.<\/p>","protected":false},"excerpt":{"rendered":"<p><strong>Ve\u013ekos\u0165:<\/strong> 10x10x10 cm<\/p>","protected":false},"featured_media":9559,"comment_status":"open","ping_status":"closed","template":"","meta":{"_acf_changed":false,"content-type":"","_monsterinsights_skip_tracking":false,"_monsterinsights_sitenote_active":false,"_monsterinsights_sitenote_note":"","_monsterinsights_sitenote_category":0},"product_brand":[],"product_cat":[80,90],"product_tag":[],"class_list":{"0":"post-9248","1":"product","2":"type-product","3":"status-publish","4":"has-post-thumbnail","6":"product_cat-antfarms","7":"product_cat-gypsum","9":"first","10":"instock","11":"taxable","12":"shipping-taxable","13":"purchasable","14":"product-type-simple"},"acf":[],"aioseo_notices":[],"jetpack_sharing_enabled":true,"_links":{"self":[{"href":"https:\/\/antcube.shop\/sk\/wp-json\/wp\/v2\/product\/9248","targetHints":{"allow":["GET"]}}],"collection":[{"href":"https:\/\/antcube.shop\/sk\/wp-json\/wp\/v2\/product"}],"about":[{"href":"https:\/\/antcube.shop\/sk\/wp-json\/wp\/v2\/types\/product"}],"replies":[{"embeddable":true,"href":"https:\/\/antcube.shop\/sk\/wp-json\/wp\/v2\/comments?post=9248"}],"wp:featuredmedia":[{"embeddable":true,"href":"https:\/\/antcube.shop\/sk\/wp-json\/wp\/v2\/media\/9559"}],"wp:attachment":[{"href":"https:\/\/antcube.shop\/sk\/wp-json\/wp\/v2\/media?parent=9248"}],"wp:term":[{"taxonomy":"product_brand","embeddable":true,"href":"https:\/\/antcube.shop\/sk\/wp-json\/wp\/v2\/product_brand?post=9248"},{"taxonomy":"product_cat","embeddable":true,"href":"https:\/\/antcube.shop\/sk\/wp-json\/wp\/v2\/product_cat?post=9248"},{"taxonomy":"product_tag","embeddable":true,"href":"https:\/\/antcube.shop\/sk\/wp-json\/wp\/v2\/product_tag?post=9248"}],"curies":[{"name":"wp","href":"https:\/\/api.w.org\/{rel}","templated":true}]}}