{"id":9247,"date":"2024-09-17T14:42:38","date_gmt":"2024-09-17T12:42:38","guid":{"rendered":"https:\/\/antcube.shop\/en\/product\/antcube-gipsnest-30x30-liegend\/"},"modified":"2026-03-19T18:11:44","modified_gmt":"2026-03-19T17:11:44","slug":"antcube-gipsnest-30x30-liegend","status":"publish","type":"product","link":"https:\/\/antcube.shop\/sk\/produkt\/antcube-gipsnest-30x30-liegend\/","title":{"rendered":"ANTCUBE - sadrov\u00e9 hniezdo 30\u00d730 - horizont\u00e1lne"},"content":{"rendered":"<p><span data-text-color=\"alert\"><strong>Doprava mo\u017en\u00e1 len cez GO! v r\u00e1mci Nemecka alebo cez paletu v r\u00e1mci Eur\u00f3py (\u017eiadne ostrovy)<\/strong><\/span><\/p>\n<p><strong>Rozmery:<\/strong><br \/>\nSadrov\u00e9 hniezdo: 290 x 290 x 50 mm<br \/>\nSklenen\u00fd kryt: 279 x 279 x 4 mm<\/p>\n<p><strong>Materi\u00e1l:<\/strong> Omietka<\/p>\n<p><strong>Obsah:<\/strong><br \/>\n1x sadrov\u00e9 hniezdo 30 \u00d7 30 s dvoma pripojovac\u00edmi z\u00e1suvkami L 14\/16\/18\/20 x 20 mm<\/p>\n<ul>\n<li>Hadica 14\/10 je pevne zasunut\u00e1 do 14 mm z\u00e1suvky<\/li>\n<li>Hadica 20\/16 je pevne pripojen\u00e1 k prv\u00e9mu 16 mm kroku<\/li>\n<li>Hadica 22\/18 je pevne pripevnen\u00e1 k druh\u00e9mu 20 mm kroku<\/li>\n<li>Hadica 24\/20 je vo\u013ene pripojen\u00e1 k druh\u00e9mu 20 mm kroku<\/li>\n<\/ul>\n<p>1x sklenen\u00fd kryt s 50 mm otvorom<br \/>\n1x akrylov\u00fd kr\u00fa\u017eok 50 mm pre 27 mm otvor<br \/>\n1x z\u00e1klad\u0148a formik\u00e1ria 30\u00d730<br \/>\n2x krytka mrie\u017eky - 16 mm - nerezov\u00e1 oce\u013e<br \/>\n1x mrie\u017ekov\u00e1 vlo\u017eka - 27 mm - nerezov\u00e1 oce\u013e<\/p>\n<p><strong>Popis: V s\u00fa\u010dasnosti je na trhu viac ako 10 000 zariaden\u00ed, ktor\u00e9 s\u00fa ur\u010den\u00e9 na predaj:<\/strong> Na\u0161e sadrov\u00e9 hniezdo s prefabrikovan\u00fdmi chodbami a kom\u00f4rkami je vhodn\u00e9 pre mnoh\u00e9 druhy mravcov, najm\u00e4 pre druhy, ktor\u00e9 si stavaj\u00fa hniezda vo ve\u013emi pieso\u010dnatej alebo kamenistej p\u00f4de. M\u00e1 dve spojovacie z\u00e1suvky na pr\u00edstup do hniezda. Sadra m\u00e1 vlastnos\u0165 absorbova\u0165 vodu, tak\u017ee sa v nej uchov\u00e1va ur\u010dit\u00e9 mno\u017estvo vlhkosti. Napriek tomu by sa s\u00e1drov\u00e9 hniezdo nemalo pou\u017e\u00edva\u0165 trvalo vlhk\u00e9, preto\u017ee inak sa m\u00f4\u017ee vytvori\u0165 plese\u0148 (v d\u00f4sledku zvy\u0161kov potravy alebo v\u00fdkalov mravcov). Preto by sa tu mali pod\u013ea mo\u017enosti chova\u0165 druhy z pomerne such\u00fdch oblast\u00ed. Ide napr\u00edklad o druhy zo stredomorsk\u00fdch alebo p\u00fa\u0161tnych oblast\u00ed.<\/p>\n<p><strong>Pozn\u00e1mka:<\/strong> Vzh\u013eadom na ich kon\u0161trukciu nie s\u00fa vhodn\u00e9 pre ve\u013emi mal\u00e9 druhy (napr. druhy Pheidole, Temnothorax), m\u00f4\u017eu sa vyskytn\u00fa\u0165 medzery 0,3 - 0,5 mm.<\/p>\n<p><strong>Pozn\u00e1mka k pripojovac\u00edm z\u00e1suvk\u00e1m<\/strong><br \/>\nPri prip\u00e1jan\u00ed alebo odoberan\u00ed had\u00edc dbajte na nasleduj\u00face pokyny:<br \/>\nAk sa r\u00farka ve\u013emi \u0165a\u017eko nasadzuje na pripojovaciu z\u00e1suvku, treba z\u00e1suvku z\u013eahka potrie\u0165 kvapkou n\u00e1\u0161ho oleja alebo pr\u00e1\u0161ku proti praskaniu. Hadica by sa potom mala nasun\u00fa\u0165 na obj\u00edmku kr\u00fatiacimi alebo skrutkovac\u00edmi pohybmi bez toho, aby sa obj\u00edmka nam\u00e1hala pohybmi nahor a nadol. To ist\u00e9 plat\u00ed aj pri odstra\u0148ovan\u00ed had\u00edc z pripojovacej z\u00e1suvky farmy. Neodstra\u0148ujte ju jednoducho!<\/p>","protected":false},"excerpt":{"rendered":"<p>Preprava mo\u017en\u00e1 len cez GO! v r\u00e1mci Nemecka alebo cez paletu v r\u00e1mci Eur\u00f3py (bez ostrovov) Rozmery: S\u00e1drov\u00e9 hniezdo: 290 x 290 x 50 mm Sklenen\u00fd kryt: 279 x 279 x 4 mm Materi\u00e1l: Obsah: 1x sadrov\u00e9 hniezdo 30x30 s dvoma pripojovac\u00edmi z\u00e1suvkami L 14\/16\/18\/20 x 20mm 14\/10 hadica sa pevne zasunie do 14mm z\u00e1suvky","protected":false},"featured_media":9683,"comment_status":"open","ping_status":"closed","template":"","meta":{"_acf_changed":false,"content-type":"","_monsterinsights_skip_tracking":false,"_monsterinsights_sitenote_active":false,"_monsterinsights_sitenote_note":"","_monsterinsights_sitenote_category":0},"product_brand":[],"product_cat":[80,83],"product_tag":[],"class_list":{"0":"post-9247","1":"product","2":"type-product","3":"status-publish","4":"has-post-thumbnail","6":"product_cat-antfarms","7":"product_cat-antfarms-l","9":"first","10":"instock","11":"taxable","12":"shipping-taxable","13":"purchasable","14":"product-type-simple"},"acf":[],"aioseo_notices":[],"jetpack_sharing_enabled":true,"_links":{"self":[{"href":"https:\/\/antcube.shop\/sk\/wp-json\/wp\/v2\/product\/9247","targetHints":{"allow":["GET"]}}],"collection":[{"href":"https:\/\/antcube.shop\/sk\/wp-json\/wp\/v2\/product"}],"about":[{"href":"https:\/\/antcube.shop\/sk\/wp-json\/wp\/v2\/types\/product"}],"replies":[{"embeddable":true,"href":"https:\/\/antcube.shop\/sk\/wp-json\/wp\/v2\/comments?post=9247"}],"wp:featuredmedia":[{"embeddable":true,"href":"https:\/\/antcube.shop\/sk\/wp-json\/wp\/v2\/media\/9683"}],"wp:attachment":[{"href":"https:\/\/antcube.shop\/sk\/wp-json\/wp\/v2\/media?parent=9247"}],"wp:term":[{"taxonomy":"product_brand","embeddable":true,"href":"https:\/\/antcube.shop\/sk\/wp-json\/wp\/v2\/product_brand?post=9247"},{"taxonomy":"product_cat","embeddable":true,"href":"https:\/\/antcube.shop\/sk\/wp-json\/wp\/v2\/product_cat?post=9247"},{"taxonomy":"product_tag","embeddable":true,"href":"https:\/\/antcube.shop\/sk\/wp-json\/wp\/v2\/product_tag?post=9247"}],"curies":[{"name":"wp","href":"https:\/\/api.w.org\/{rel}","templated":true}]}}