{"id":9245,"date":"2024-09-17T14:41:26","date_gmt":"2024-09-17T12:41:26","guid":{"rendered":"https:\/\/antcube.shop\/en\/product\/antcube-gipsnest-30x30-stehend\/"},"modified":"2026-01-12T12:39:49","modified_gmt":"2026-01-12T11:39:49","slug":"antcube-gipsnest-30x30-stehend","status":"publish","type":"product","link":"https:\/\/antcube.shop\/sk\/produkt\/antcube-gipsnest-30x30-stehend\/","title":{"rendered":"ANTCUBE - Sadrov\u00e9 hniezdo 30\u00d730 - vzpriamen\u00e9"},"content":{"rendered":"<p><span data-text-color=\"alert\"><strong>Doprava mo\u017en\u00e1 len cez GO! v r\u00e1mci Nemecka alebo cez paletu v r\u00e1mci Eur\u00f3py (\u017eiadne ostrovy)<\/strong><\/span><\/p>\n<p><strong>Rozmery:<\/strong> 282 x 239 x 45,5 mm<\/p>\n<p><strong>Materi\u00e1l:<\/strong> omietka<\/p>\n<p>Hod\u00ed sa len do na\u0161ich mraven\u00edsk s ve\u013ekos\u0165ou <span style=\"font-size: 10.5pt; font-family: Arial; color: #ff0000; background-color: transparent; font-weight: bold; font-style: normal; font-variant: normal; text-decoration: none; vertical-align: baseline;\">XL<\/span><\/p>\n<p><strong>Popis: V s\u00fa\u010dasnosti je na trhu viac ako 10 000 zariaden\u00ed, ktor\u00e9 s\u00fa ur\u010den\u00e9 na predaj:<\/strong> Na\u0161e sadrov\u00e9 hniezdo s prefabrikovan\u00fdmi chodbami a kom\u00f4rkami je vhodn\u00e9 pre mnoh\u00e9 druhy mravcov, najm\u00e4 pre druhy, ktor\u00e9 si stavaj\u00fa hniezda vo ve\u013emi pieso\u010dnatej alebo kamenistej p\u00f4de. M\u00e1 dve spojovacie z\u00e1suvky na pr\u00edstup do hniezda. Sadra m\u00e1 vlastnos\u0165 absorbova\u0165 vodu, tak\u017ee sa v nej uchov\u00e1va ur\u010dit\u00e9 mno\u017estvo vlhkosti. Napriek tomu by sa s\u00e1drov\u00e9 hniezdo nemalo pou\u017e\u00edva\u0165 trvalo vlhk\u00e9, preto\u017ee inak sa m\u00f4\u017ee vytvori\u0165 plese\u0148 (v d\u00f4sledku zvy\u0161kov potravy alebo v\u00fdkalov mravcov). Preto by sa tu mali pod\u013ea mo\u017enosti chova\u0165 druhy z pomerne such\u00fdch oblast\u00ed. Ide napr\u00edklad o druhy zo stredomorsk\u00fdch alebo p\u00fa\u0161tnych oblast\u00ed.<\/p>","protected":false},"excerpt":{"rendered":"<p>Preprava mo\u017en\u00e1 len cez GO! v r\u00e1mci Nemecka alebo cez paletu v r\u00e1mci Eur\u00f3py (bez ostrovov) Rozmery: 282 x 239 x 45,5 mm Materi\u00e1l: sadra Vhodn\u00fd len do na\u0161ich mraven\u00edsk ve\u013ekosti XL Popis: Vhodn\u00e9 do na\u0161ich mraven\u00edsk ve\u013ekosti XL: Na\u0161e sadrov\u00e9 hniezdo s prefabrikovan\u00fdmi chodbami a kom\u00f4rkami je vhodn\u00e9 pre mnoh\u00e9 druhy mravcov, najm\u00e4 pre druhy, ktor\u00e9 stavaj\u00fa","protected":false},"featured_media":9679,"comment_status":"open","ping_status":"closed","template":"","meta":{"_acf_changed":false,"content-type":"","_monsterinsights_skip_tracking":false,"_monsterinsights_sitenote_active":false,"_monsterinsights_sitenote_note":"","_monsterinsights_sitenote_category":0},"product_brand":[],"product_cat":[87,90],"product_tag":[],"class_list":{"0":"post-9245","1":"product","2":"type-product","3":"status-publish","4":"has-post-thumbnail","6":"product_cat-nest-insets","7":"product_cat-gypsum","9":"first","10":"instock","11":"taxable","12":"shipping-taxable","13":"purchasable","14":"product-type-simple"},"acf":[],"aioseo_notices":[],"jetpack_sharing_enabled":true,"_links":{"self":[{"href":"https:\/\/antcube.shop\/sk\/wp-json\/wp\/v2\/product\/9245","targetHints":{"allow":["GET"]}}],"collection":[{"href":"https:\/\/antcube.shop\/sk\/wp-json\/wp\/v2\/product"}],"about":[{"href":"https:\/\/antcube.shop\/sk\/wp-json\/wp\/v2\/types\/product"}],"replies":[{"embeddable":true,"href":"https:\/\/antcube.shop\/sk\/wp-json\/wp\/v2\/comments?post=9245"}],"wp:featuredmedia":[{"embeddable":true,"href":"https:\/\/antcube.shop\/sk\/wp-json\/wp\/v2\/media\/9679"}],"wp:attachment":[{"href":"https:\/\/antcube.shop\/sk\/wp-json\/wp\/v2\/media?parent=9245"}],"wp:term":[{"taxonomy":"product_brand","embeddable":true,"href":"https:\/\/antcube.shop\/sk\/wp-json\/wp\/v2\/product_brand?post=9245"},{"taxonomy":"product_cat","embeddable":true,"href":"https:\/\/antcube.shop\/sk\/wp-json\/wp\/v2\/product_cat?post=9245"},{"taxonomy":"product_tag","embeddable":true,"href":"https:\/\/antcube.shop\/sk\/wp-json\/wp\/v2\/product_tag?post=9245"}],"curies":[{"name":"wp","href":"https:\/\/api.w.org\/{rel}","templated":true}]}}