{"id":9243,"date":"2024-09-17T14:40:16","date_gmt":"2024-09-17T12:40:16","guid":{"rendered":"https:\/\/antcube.shop\/en\/product\/antcube-digfix-platte-60x30-xl\/"},"modified":"2026-04-02T09:54:12","modified_gmt":"2026-04-02T07:54:12","slug":"antcube-digfixova-doska-60x30-xl","status":"publish","type":"product","link":"https:\/\/antcube.shop\/sk\/produkt\/antcube-digfixova-doska-60x30-xl\/","title":{"rendered":"ANTCUBE - Digfixov\u00e1 doska 60 \u00d7 30 - XL"},"content":{"rendered":"<p><span data-text-color=\"alert\"><strong>Doprava mo\u017en\u00e1 len cez GO! v r\u00e1mci Nemecka alebo cez paletu v r\u00e1mci Eur\u00f3py (\u017eiadne ostrovy)<\/strong><\/span><\/p>\n<p><strong>Rozmery:<\/strong> 584x230x50 mm (tolerancia 570-575 mm)<\/p>\n<p><strong>Materi\u00e1l:<\/strong> Digfix<\/p>\n<p><strong>Popis: V s\u00fa\u010dasnosti je na trhu viac ako 10 000 zariaden\u00ed, ktor\u00e9 s\u00fa ur\u010den\u00e9 na predaj:<\/strong> Doska Digfix z kopate\u013en\u00e9ho materi\u00e1lu sa dokonale hod\u00ed pre na\u0161e mravenisk\u00e1 ANTCUBE. M\u00f4\u017ee sa pou\u017e\u00edva\u0165 za sucha aj za mokra. Je vhodn\u00e1 aj pre mnoh\u00e9 druhy mravcov, najm\u00e4 pre druhy, ktor\u00e9 hniezdia v piesku a (m\u0155tvom) dreve. M\u00f4\u017ee sa pou\u017e\u00edva\u0165 namiesto zmes\u00ed piesku a hliny alebo korkov\u00fdch vlo\u017eiek do hniezd. Hlavnou v\u00fdhodou oproti korkov\u00fdm hniezdam je, \u017ee Digfix neplesnivie ani za mokra. To znamen\u00e1, \u017ee druhy mravcov s vysok\u00fdmi n\u00e1rokmi na vlhkos\u0165 mo\u017eno \u013eahko z\u00e1sobova\u0165 dostato\u010dn\u00fdm mno\u017estvom vody. Digfix m\u00e1 tie\u017e t\u00fa v\u00fdhodu, \u017ee kopaj\u00face druhy mravcov pri kopan\u00ed ne\u0161pinia sklenen\u00e9 tabule hniezda, \u010do umo\u017e\u0148uje dokonal\u00fd v\u00fdh\u013ead do hniezda.<\/p>\n<p><strong>Pozn\u00e1mka:<\/strong> Prirodzen\u00e1 farba sa m\u00f4\u017ee pohybova\u0165 medzi zelenou\/\u0161edo-hnedou a zemito-hnedou. Farebn\u00fd t\u00f3n nem\u00e1 vplyv na kvalitu.<br \/>\nVzh\u013eadom na v\u00fdrobn\u00fd proces sa rozmery m\u00f4\u017eu l\u00ed\u0161i\u0165 o +\/- 1 mm.<\/p>","protected":false},"excerpt":{"rendered":"<p>Ve\u013ekos\u0165: <span style=\"color: #ff0000;\"><strong>XL<\/strong><\/span><\/p>","protected":false},"featured_media":9674,"comment_status":"open","ping_status":"closed","template":"","meta":{"_acf_changed":false,"content-type":"","_monsterinsights_skip_tracking":false,"_monsterinsights_sitenote_active":false,"_monsterinsights_sitenote_note":"","_monsterinsights_sitenote_category":0},"product_brand":[],"product_cat":[87,88],"product_tag":[],"class_list":{"0":"post-9243","1":"product","2":"type-product","3":"status-publish","4":"has-post-thumbnail","6":"product_cat-nest-insets","7":"product_cat-digfix","9":"first","10":"instock","11":"taxable","12":"shipping-taxable","13":"purchasable","14":"product-type-simple"},"acf":[],"aioseo_notices":[],"jetpack_sharing_enabled":true,"_links":{"self":[{"href":"https:\/\/antcube.shop\/sk\/wp-json\/wp\/v2\/product\/9243","targetHints":{"allow":["GET"]}}],"collection":[{"href":"https:\/\/antcube.shop\/sk\/wp-json\/wp\/v2\/product"}],"about":[{"href":"https:\/\/antcube.shop\/sk\/wp-json\/wp\/v2\/types\/product"}],"replies":[{"embeddable":true,"href":"https:\/\/antcube.shop\/sk\/wp-json\/wp\/v2\/comments?post=9243"}],"wp:featuredmedia":[{"embeddable":true,"href":"https:\/\/antcube.shop\/sk\/wp-json\/wp\/v2\/media\/9674"}],"wp:attachment":[{"href":"https:\/\/antcube.shop\/sk\/wp-json\/wp\/v2\/media?parent=9243"}],"wp:term":[{"taxonomy":"product_brand","embeddable":true,"href":"https:\/\/antcube.shop\/sk\/wp-json\/wp\/v2\/product_brand?post=9243"},{"taxonomy":"product_cat","embeddable":true,"href":"https:\/\/antcube.shop\/sk\/wp-json\/wp\/v2\/product_cat?post=9243"},{"taxonomy":"product_tag","embeddable":true,"href":"https:\/\/antcube.shop\/sk\/wp-json\/wp\/v2\/product_tag?post=9243"}],"curies":[{"name":"wp","href":"https:\/\/api.w.org\/{rel}","templated":true}]}}