{"id":9236,"date":"2024-09-17T14:31:58","date_gmt":"2024-09-17T12:31:58","guid":{"rendered":"https:\/\/antcube.shop\/en\/product\/ameisenarena-rahmen-20x10\/"},"modified":"2026-04-21T09:56:57","modified_gmt":"2026-04-21T07:56:57","slug":"ram-mraveniska-20x10","status":"publish","type":"product","link":"https:\/\/antcube.shop\/sk\/produkt\/ram-mraveniska-20x10\/","title":{"rendered":"R\u00e1m mraveniska 20\u00d710"},"content":{"rendered":"<p><strong>Rozmery (Dx\u0160xV):<\/strong> 20x10x0,4 cm<\/p>\n<p><strong>Materi\u00e1l:<\/strong> Plav\u00e1kov\u00e9 sklo<\/p>\n<p><strong>Farba:<\/strong> \u010d\u00edre \/ transparentn\u00e9<\/p>\n<p><strong>Obsah:<\/strong><br \/>\n1x r\u00e1m mraveniska<\/p>\n<p><strong>Popis: V s\u00fa\u010dasnosti je na trhu viac ako 10 000 zariaden\u00ed, ktor\u00e9 s\u00fa ur\u010den\u00e9 na predaj:<\/strong><br \/>\nR\u00e1m zo skla pre mravenisko ako ochrana pred \u00fanikom.<\/p>\n<p><strong>Pou\u017eitie:<\/strong><br \/>\nR\u00e1m mraveniska je r\u00e1m zo skla, ktor\u00fd sa umiestni na mravenisko a zo spodnej strany sa opatr\u00ed ochranou proti vylomeniu (olej, pr\u00e1\u0161ok alebo lak), aby sa zabr\u00e1nilo vylomeniu mravcov.<\/p>\n<p><strong>Upozornenie:<\/strong><br \/>\nKe\u010f\u017ee je v\u00fdrobok vyroben\u00fd zo skla, a preto je citliv\u00fd, treba s n\u00edm zaobch\u00e1dza\u0165 ve\u013emi opatrne. Sklo sa br\u00fasi pod\u013ea normy DIN 1249 s toleranciou +\/- 1 mm. V pr\u00edpade extr\u00e9mne mal\u00fdch druhov mravcov je nevyhnutn\u00e1 dodato\u010dn\u00e1 ochrana proti rozbitiu.<\/p>","protected":false},"excerpt":{"rendered":"<p>Rozmery (Dx\u0160xV): 60x30x0,4 cm Materi\u00e1l: Farba: \u010d\u00edra \/ prieh\u013eadn\u00e1 Obsah: Obsah: 1x r\u00e1m Mravenisko Popis: R\u00e1mik na mravenisko: R\u00e1m zo skla pre mravenisko ako ochrana pred \u00fanikom. Pou\u017eitie: R\u00e1m mraveniska je r\u00e1m zo skla, ktor\u00fd sa umiest\u0148uje na mravenisko a je vybaven\u00fd ochranou proti \u00faniku (olej, pr\u00e1\u0161ok","protected":false},"featured_media":9498,"comment_status":"open","ping_status":"closed","template":"","meta":{"_acf_changed":false,"content-type":"","_monsterinsights_skip_tracking":false,"_monsterinsights_sitenote_active":false,"_monsterinsights_sitenote_note":"","_monsterinsights_sitenote_category":0},"product_brand":[],"product_cat":[91,93],"product_tag":[],"class_list":{"0":"post-9236","1":"product","2":"type-product","3":"status-publish","4":"has-post-thumbnail","6":"product_cat-formicarium-modules","7":"product_cat-arena-frame","9":"first","10":"instock","11":"taxable","12":"shipping-taxable","13":"purchasable","14":"product-type-simple"},"acf":[],"aioseo_notices":[],"jetpack_sharing_enabled":true,"_links":{"self":[{"href":"https:\/\/antcube.shop\/sk\/wp-json\/wp\/v2\/product\/9236","targetHints":{"allow":["GET"]}}],"collection":[{"href":"https:\/\/antcube.shop\/sk\/wp-json\/wp\/v2\/product"}],"about":[{"href":"https:\/\/antcube.shop\/sk\/wp-json\/wp\/v2\/types\/product"}],"replies":[{"embeddable":true,"href":"https:\/\/antcube.shop\/sk\/wp-json\/wp\/v2\/comments?post=9236"}],"wp:featuredmedia":[{"embeddable":true,"href":"https:\/\/antcube.shop\/sk\/wp-json\/wp\/v2\/media\/9498"}],"wp:attachment":[{"href":"https:\/\/antcube.shop\/sk\/wp-json\/wp\/v2\/media?parent=9236"}],"wp:term":[{"taxonomy":"product_brand","embeddable":true,"href":"https:\/\/antcube.shop\/sk\/wp-json\/wp\/v2\/product_brand?post=9236"},{"taxonomy":"product_cat","embeddable":true,"href":"https:\/\/antcube.shop\/sk\/wp-json\/wp\/v2\/product_cat?post=9236"},{"taxonomy":"product_tag","embeddable":true,"href":"https:\/\/antcube.shop\/sk\/wp-json\/wp\/v2\/product_tag?post=9236"}],"curies":[{"name":"wp","href":"https:\/\/api.w.org\/{rel}","templated":true}]}}