{"id":9234,"date":"2024-09-17T14:31:14","date_gmt":"2024-09-17T12:31:14","guid":{"rendered":"https:\/\/antcube.shop\/en\/product\/ameisenarena-lufter-50mm\/"},"modified":"2026-04-21T18:47:18","modified_gmt":"2026-04-21T16:47:18","slug":"ameisenarena-lufter-50mm","status":"publish","type":"product","link":"https:\/\/antcube.shop\/sk\/produkt\/ameisenarena-lufter-50mm\/","title":{"rendered":"Ant Arena - ventil\u00e1tor 50 mm"},"content":{"rendered":"<p><span data-text-color=\"alert\"><strong>Preprava je mo\u017en\u00e1 len v Nemecku!<\/strong><\/span><\/p>\n<p><strong>Obsah:<\/strong><br \/>\n- Ventil\u00e1tor 42 mm<br \/>\n- Mrie\u017ekov\u00e1 vlo\u017eka 50 mm - prieh\u013eadn\u00e1<br \/>\n- Z\u00e1str\u010dka \/ konektor<\/p>\n<p><strong>Technick\u00e9 \u0161pecifik\u00e1cie:<\/strong><br \/>\nV\u00fdkon: 1W<br \/>\nNap\u00e4tie: 12V<br \/>\nD\u013a\u017eka k\u00e1bla: 10 cm<br \/>\nTeplotn\u00fd rozsah -10 - +60 \u00b0C<br \/>\n\u017divotnos\u0165 50 000 h<br \/>\nPrietok vzduchu 10 m\u00b3\/h (s mrie\u017ekou, prietok sa zni\u017euje v z\u00e1vislosti od ve\u013ekosti otvoru)<\/p>\n<p><strong>Materi\u00e1l:<\/strong> plast<\/p>\n<p><strong>Farba:<\/strong> biela \/ transparentn\u00e1<\/p>\n<p><strong>Popis: V s\u00fa\u010dasnosti je na trhu viac ako 10 000 zariaden\u00ed, ktor\u00e9 s\u00fa ur\u010den\u00e9 na predaj:<\/strong><br \/>\nNa vetranie mraveniska mo\u017eno tento ventil\u00e1tor zapoji\u0165 priamo do krytu mraveniska.<\/p>\n<p><strong>Inform\u00e1cie o \u017eivotnom prostred\u00ed:<\/strong><br \/>\nM\u00f4\u017ee by\u0165 potrebn\u00e1 \u0161peci\u00e1lna likvid\u00e1cia. Obr\u00e1\u0165te sa na miestne \u00farady.<br \/>\n\u010eal\u0161ie inform\u00e1cie:<\/p>\n<blockquote class=\"wp-embedded-content\" data-secret=\"E5wsFkHgL8\"><p><a href=\"https:\/\/antcube.shop\/en\/electrical-devices-act\/\">Z\u00e1kon o elektrick\u00fdch zariadeniach<\/a><\/p><\/blockquote>\n<p><iframe loading=\"lazy\" class=\"wp-embedded-content\" sandbox=\"allow-scripts\" security=\"restricted\" style=\"position: absolute; visibility: hidden;\" title=\"&quot;Z\u00e1kon o elektrick\u00fdch zariadeniach&quot; - ANTCUBE\" src=\"https:\/\/antcube.shop\/en\/electrical-devices-act\/embed\/#?secret=BvHuHVTyVI#?secret=E5wsFkHgL8\" data-secret=\"E5wsFkHgL8\" width=\"600\" height=\"338\" frameborder=\"0\" marginwidth=\"0\" marginheight=\"0\" scrolling=\"no\"><\/iframe><\/p>\n<p>&nbsp;<\/p>\n<p>Tento v\u00fdrobok je registrovan\u00fd pod\u013ea nariadenia WEEE. DE 54590387.<\/p>\n<p>&nbsp;<\/p>","protected":false},"excerpt":{"rendered":"<p>Preprava je mo\u017en\u00e1 len v Nemecku! Obsah: - Ventil\u00e1tor 42 mm - mrie\u017ekov\u00e1 vlo\u017eka 50 mm - prieh\u013eadn\u00e1 - z\u00e1str\u010dka \/ konektor Technick\u00e9 \u0161pecifik\u00e1cie: D\u013a\u017eka k\u00e1bla: 10 cm Teplotn\u00fd rozsah -10 - +60 \u00b0C \u017divotnos\u0165 50 000 h Prietok vzduchu 10 m\u00b3\/h (s mrie\u017ekovou vlo\u017ekou sa prietok zni\u017euje v z\u00e1vislosti od [...]","protected":false},"featured_media":9512,"comment_status":"open","ping_status":"closed","template":"","meta":{"_acf_changed":false,"content-type":"","_monsterinsights_skip_tracking":false,"_monsterinsights_sitenote_active":false,"_monsterinsights_sitenote_note":"","_monsterinsights_sitenote_category":0},"product_brand":[],"product_cat":[359,119],"product_tag":[],"class_list":{"0":"post-9234","1":"product","2":"type-product","3":"status-publish","4":"has-post-thumbnail","6":"product_cat-light-heat-humidity","7":"product_cat-formicarium-components","9":"first","10":"instock","11":"taxable","12":"shipping-taxable","13":"purchasable","14":"product-type-simple"},"acf":[],"aioseo_notices":[],"jetpack_sharing_enabled":true,"_links":{"self":[{"href":"https:\/\/antcube.shop\/sk\/wp-json\/wp\/v2\/product\/9234","targetHints":{"allow":["GET"]}}],"collection":[{"href":"https:\/\/antcube.shop\/sk\/wp-json\/wp\/v2\/product"}],"about":[{"href":"https:\/\/antcube.shop\/sk\/wp-json\/wp\/v2\/types\/product"}],"replies":[{"embeddable":true,"href":"https:\/\/antcube.shop\/sk\/wp-json\/wp\/v2\/comments?post=9234"}],"wp:featuredmedia":[{"embeddable":true,"href":"https:\/\/antcube.shop\/sk\/wp-json\/wp\/v2\/media\/9512"}],"wp:attachment":[{"href":"https:\/\/antcube.shop\/sk\/wp-json\/wp\/v2\/media?parent=9234"}],"wp:term":[{"taxonomy":"product_brand","embeddable":true,"href":"https:\/\/antcube.shop\/sk\/wp-json\/wp\/v2\/product_brand?post=9234"},{"taxonomy":"product_cat","embeddable":true,"href":"https:\/\/antcube.shop\/sk\/wp-json\/wp\/v2\/product_cat?post=9234"},{"taxonomy":"product_tag","embeddable":true,"href":"https:\/\/antcube.shop\/sk\/wp-json\/wp\/v2\/product_tag?post=9234"}],"curies":[{"name":"wp","href":"https:\/\/api.w.org\/{rel}","templated":true}]}}