{"id":9233,"date":"2024-09-17T14:30:50","date_gmt":"2024-09-17T12:30:50","guid":{"rendered":"https:\/\/antcube.shop\/en\/product\/ameisenarena-lufter-set-50mm-mit-netzgerat\/"},"modified":"2026-04-02T18:12:07","modified_gmt":"2026-04-02T16:12:07","slug":"ameisenarena-lufter-set-50mm-mit-netzgerat","status":"publish","type":"product","link":"https:\/\/antcube.shop\/sk\/produkt\/ameisenarena-lufter-set-50mm-mit-netzgerat\/","title":{"rendered":"Ant Arena - sada ventil\u00e1torov 50 mm s nap\u00e1jan\u00edm"},"content":{"rendered":"<p><span data-text-color=\"alert\"><strong>Preprava je mo\u017en\u00e1 len v Nemecku!<\/strong><\/span><\/p>\n<p><strong>Obsah:<\/strong><br \/>\n- Ventil\u00e1tor 42 mm<br \/>\n- na mrie\u017ekovej vlo\u017eke 50 mm - prieh\u013eadn\u00e1<br \/>\n- Nap\u00e1jacia jednotka<br \/>\n- Z\u00e1str\u010dka \/ konektor<\/p>\n<p><strong>Technick\u00e9 \u0161pecifik\u00e1cie:<\/strong><br \/>\nV\u00fdstup nap\u00e1jacej jednotky: 2,5 A (12 W)<br \/>\nVstupn\u00e9 nap\u00e4tie: 100V-240V<br \/>\nV\u00fdstupn\u00e9 nap\u00e4tie: 5V<br \/>\nD\u013a\u017eka k\u00e1bla: 10 cm (ventil\u00e1tor)<br \/>\nD\u013a\u017eka k\u00e1bla: 90 cm (nap\u00e1jacia jednotka)<br \/>\nV\u00fdkon ventil\u00e1tora 1 W<br \/>\nTeplotn\u00fd rozsah -10 - +60 \u00b0C<br \/>\n\u017divotnos\u0165 50 000 h<br \/>\nPrietok vzduchu 10 m\u00b3\/h (s mrie\u017ekou, prietok sa zni\u017euje v z\u00e1vislosti od ve\u013ekosti otvoru)<\/p>\n<p><strong>Rozmery:<\/strong> 5 x 5 x 1 cm (ventil\u00e1tor)<\/p>\n<p><strong>Materi\u00e1l:<\/strong> plast<\/p>\n<p><strong>Farba:<\/strong> prieh\u013eadn\u00fd, priesvitn\u00fd (ventil\u00e1tor); \u010dierny (nap\u00e1jacia jednotka)<\/p>\n<p><strong>Popis: V s\u00fa\u010dasnosti je na trhu viac ako 10 000 zariaden\u00ed, ktor\u00e9 s\u00fa ur\u010den\u00e9 na predaj:<\/strong><br \/>\nVetranie je obzvl\u00e1\u0161\u0165 d\u00f4le\u017eit\u00e9, aby sa vo formik\u00e1riu dosiahla \u010do najprirodzenej\u0161ia kl\u00edma a aby sa zabr\u00e1nilo vzniku plesn\u00ed. Ventil\u00e1tor sa m\u00f4\u017ee namontova\u0165 pomocou \u0161tyroch otvorov na skrutky alebo sa mus\u00ed pripevni\u0165 pomocou silik\u00f3nu alebo plastov\u00e9ho lepidla. Motor pracuje takmer nehlu\u010dne a bez vibr\u00e1ci\u00ed.<\/p>\n<p><strong>Inform\u00e1cie o \u017eivotnom prostred\u00ed:<\/strong><br \/>\nM\u00f4\u017ee by\u0165 potrebn\u00e1 \u0161peci\u00e1lna likvid\u00e1cia. Obr\u00e1\u0165te sa na miestne \u00farady.<br \/>\n\u010eal\u0161ie inform\u00e1cie:<\/p>\n<blockquote class=\"wp-embedded-content\" data-secret=\"jOGF5OPQCF\"><p><a href=\"https:\/\/antcube.shop\/en\/electrical-devices-act\/\">Z\u00e1kon o elektrick\u00fdch zariadeniach<\/a><\/p><\/blockquote>\n<p><iframe loading=\"lazy\" class=\"wp-embedded-content\" sandbox=\"allow-scripts\" security=\"restricted\" style=\"position: absolute; visibility: hidden;\" title=\"&quot;Z\u00e1kon o elektrick\u00fdch zariadeniach&quot; - ANTCUBE\" src=\"https:\/\/antcube.shop\/en\/electrical-devices-act\/embed\/#?secret=NfRYQNwKWB#?secret=jOGF5OPQCF\" data-secret=\"jOGF5OPQCF\" width=\"600\" height=\"338\" frameborder=\"0\" marginwidth=\"0\" marginheight=\"0\" scrolling=\"no\"><\/iframe><\/p>","protected":false},"excerpt":{"rendered":"<p>Shipping only possible in Germany! Contents: &#8211; Fan 42mm &#8211; on grille insert 50mm &#8211; transparent &#8211; Power supply unit &#8211; Plug \/ connector Technical specifications: Power supply unit output: 2.5 A (12W) Voltage input: 100V-240V Voltage output: 5V Cable length: 10 cm (fan) Cable length: 90 cm (power supply unit) Power fan 1 W [&#8230;]","protected":false},"featured_media":9507,"comment_status":"open","ping_status":"closed","template":"","meta":{"_acf_changed":false,"content-type":"","_monsterinsights_skip_tracking":false,"_monsterinsights_sitenote_active":false,"_monsterinsights_sitenote_note":"","_monsterinsights_sitenote_category":0},"product_brand":[],"product_cat":[359,119],"product_tag":[],"class_list":{"0":"post-9233","1":"product","2":"type-product","3":"status-publish","4":"has-post-thumbnail","6":"product_cat-light-heat-humidity","7":"product_cat-formicarium-components","9":"first","10":"outofstock","11":"taxable","12":"shipping-taxable","13":"purchasable","14":"product-type-simple"},"acf":[],"aioseo_notices":[],"jetpack_sharing_enabled":true,"_links":{"self":[{"href":"https:\/\/antcube.shop\/sk\/wp-json\/wp\/v2\/product\/9233","targetHints":{"allow":["GET"]}}],"collection":[{"href":"https:\/\/antcube.shop\/sk\/wp-json\/wp\/v2\/product"}],"about":[{"href":"https:\/\/antcube.shop\/sk\/wp-json\/wp\/v2\/types\/product"}],"replies":[{"embeddable":true,"href":"https:\/\/antcube.shop\/sk\/wp-json\/wp\/v2\/comments?post=9233"}],"wp:featuredmedia":[{"embeddable":true,"href":"https:\/\/antcube.shop\/sk\/wp-json\/wp\/v2\/media\/9507"}],"wp:attachment":[{"href":"https:\/\/antcube.shop\/sk\/wp-json\/wp\/v2\/media?parent=9233"}],"wp:term":[{"taxonomy":"product_brand","embeddable":true,"href":"https:\/\/antcube.shop\/sk\/wp-json\/wp\/v2\/product_brand?post=9233"},{"taxonomy":"product_cat","embeddable":true,"href":"https:\/\/antcube.shop\/sk\/wp-json\/wp\/v2\/product_cat?post=9233"},{"taxonomy":"product_tag","embeddable":true,"href":"https:\/\/antcube.shop\/sk\/wp-json\/wp\/v2\/product_tag?post=9233"}],"curies":[{"name":"wp","href":"https:\/\/api.w.org\/{rel}","templated":true}]}}