{"id":9225,"date":"2024-09-17T14:27:37","date_gmt":"2024-09-17T12:27:37","guid":{"rendered":"https:\/\/antcube.shop\/en\/product\/antcube-ameisenarenaeinsatz-xl-30x30\/"},"modified":"2026-03-12T18:00:40","modified_gmt":"2026-03-12T17:00:40","slug":"mravenisko-mravenisko-vlozka-xl-30x30","status":"publish","type":"product","link":"https:\/\/antcube.shop\/sk\/produkt\/mravenisko-mravenisko-vlozka-xl-30x30\/","title":{"rendered":"Vlo\u017eka do mraveniska ANTCUBE - L - 30 \u00d7 30"},"content":{"rendered":"<p><strong>Rozmery:<\/strong><br \/>\nvonkaj\u0161ie rozmery: 290 x 58 x 276 mm<br \/>\nVn\u00fatorn\u00e9 rozmery: 284 x 50 x 269 mm<\/p>\n<p><strong>Materi\u00e1l:<\/strong> plaven\u00e9 sklo<\/p>\n<p><strong>Farba:<\/strong> transparentn\u00e9<\/p>\n<p><strong>Obsah:<\/strong><br \/>\n1x vlo\u017eka do mraveniska<br \/>\n1x kryt<br \/>\n1x upev\u0148ovacie body 2 ks.<\/p>\n<p><strong>Popis: V s\u00fa\u010dasnosti je na trhu viac ako 10 000 zariaden\u00ed, ktor\u00e9 s\u00fa ur\u010den\u00e9 na predaj:<\/strong><br \/>\nT\u00fato hniezdnu vlo\u017eku mo\u017eno umiestni\u0165 do mraveniska ANTCUBE a naplni\u0165 ju kopate\u013en\u00fdm materi\u00e1lom (napr. zmesou piesku a hliny alebo Digfixom). Zvl\u00e1\u0161tnos\u0165ou je, \u017ee sa d\u00e1 z ar\u00e9ny \u013eahko vybra\u0165, napr. na prezimovanie s mravcami. V spodnej \u010dasti s\u00fa dva 10 mm otvory na vstup a v\u00fdstup a na vetranie. Tie sa daj\u00fa na prezimovanie utesni\u0165 10 mm z\u00e1tkami (nie s\u00fa s\u00fa\u010das\u0165ou dod\u00e1vky).<\/p>\n<p><strong>Pozn\u00e1mka:<\/strong> Sklo sa re\u017ee na mieru pod\u013ea DIN 1249 s toleranciou +\/- 1 mm. Pri extr\u00e9mne mal\u00fdch druhoch mravcov je nevyhnutn\u00e1 dodato\u010dn\u00e1 ochrana proti vylomeniu.<\/p>","protected":false},"excerpt":{"rendered":"<p>Ve\u013ekos\u0165: <span style=\"color: #ff0000;\"><strong>XL<\/strong><\/span><\/p>","protected":false},"featured_media":9531,"comment_status":"open","ping_status":"closed","template":"","meta":{"_acf_changed":false,"content-type":"","_monsterinsights_skip_tracking":false,"_monsterinsights_sitenote_active":false,"_monsterinsights_sitenote_note":"","_monsterinsights_sitenote_category":0},"product_brand":[],"product_cat":[91,94],"product_tag":[],"class_list":{"0":"post-9225","1":"product","2":"type-product","3":"status-publish","4":"has-post-thumbnail","6":"product_cat-formicarium-modules","7":"product_cat-arena-inset","9":"first","10":"instock","11":"taxable","12":"shipping-taxable","13":"purchasable","14":"product-type-simple"},"acf":[],"aioseo_notices":[],"jetpack_sharing_enabled":true,"_links":{"self":[{"href":"https:\/\/antcube.shop\/sk\/wp-json\/wp\/v2\/product\/9225","targetHints":{"allow":["GET"]}}],"collection":[{"href":"https:\/\/antcube.shop\/sk\/wp-json\/wp\/v2\/product"}],"about":[{"href":"https:\/\/antcube.shop\/sk\/wp-json\/wp\/v2\/types\/product"}],"replies":[{"embeddable":true,"href":"https:\/\/antcube.shop\/sk\/wp-json\/wp\/v2\/comments?post=9225"}],"wp:featuredmedia":[{"embeddable":true,"href":"https:\/\/antcube.shop\/sk\/wp-json\/wp\/v2\/media\/9531"}],"wp:attachment":[{"href":"https:\/\/antcube.shop\/sk\/wp-json\/wp\/v2\/media?parent=9225"}],"wp:term":[{"taxonomy":"product_brand","embeddable":true,"href":"https:\/\/antcube.shop\/sk\/wp-json\/wp\/v2\/product_brand?post=9225"},{"taxonomy":"product_cat","embeddable":true,"href":"https:\/\/antcube.shop\/sk\/wp-json\/wp\/v2\/product_cat?post=9225"},{"taxonomy":"product_tag","embeddable":true,"href":"https:\/\/antcube.shop\/sk\/wp-json\/wp\/v2\/product_tag?post=9225"}],"curies":[{"name":"wp","href":"https:\/\/api.w.org\/{rel}","templated":true}]}}