{"id":9218,"date":"2024-09-17T14:24:56","date_gmt":"2024-09-17T12:24:56","guid":{"rendered":"https:\/\/antcube.shop\/en\/product\/antcube-ameisenfarm-xl-60x30-stehend\/"},"modified":"2026-04-14T15:36:16","modified_gmt":"2026-04-14T13:36:16","slug":"mravenisko-antcube-xl-60x30-vertikalne","status":"publish","type":"product","link":"https:\/\/antcube.shop\/sk\/produkt\/mravenisko-antcube-xl-60x30-vertikalne\/","title":{"rendered":"ANTCUBE - Mravenisko - XL - 60\u00d730 - stojat\u00e9"},"content":{"rendered":"<p><span data-text-color=\"alert\"><strong>Doprava mo\u017en\u00e1 len cez GO! v r\u00e1mci Nemecka alebo cez paletu v r\u00e1mci Eur\u00f3py (\u017eiadne ostrovy)<\/strong><\/span><\/p>\n<p><strong>Rozmery (Dx\u0160xV):<\/strong><br \/>\nvonkaj\u0161ie rozmery: 590x58x299 mm<br \/>\nVn\u00fatorn\u00e9 rozmery: 584x50x290 mm<\/p>\n<p><strong>Materi\u00e1l:<\/strong><br \/>\nPl\u00e1vaj\u00face sklo, plast<\/p>\n<p><strong>farba:<\/strong><br \/>\nkri\u0161t\u00e1\u013eovo \u010dist\u00fd<\/p>\n<p><strong>Obsah:<\/strong><br \/>\n1x mravenisko ANTCUBE - rozstup dosiek 52 mm<br \/>\n1x kryt na mravenisko XL 60\u00d76<br \/>\n2x z\u00e1str\u010dky 4 mm<\/p>\n<p><strong>Pripojenie:<\/strong><br \/>\nNa oboch stran\u00e1ch je 27 mm otvor, tak\u017ee t\u00fato farmu mo\u017eno pripoji\u0165 k 28 mm hadici alebo k na\u0161ej \"spojke n\u00e1dr\u017ee s hadicou pre 27 mm otvory\".<br \/>\n2x 4 mm otvory so 4 mm z\u00e1tkami.<\/p>\n<p><strong>Popis: V s\u00fa\u010dasnosti je na trhu viac ako 10 000 zariaden\u00ed, ktor\u00e9 s\u00fa ur\u010den\u00e9 na predaj:<\/strong><br \/>\nT\u00e1to \u00faplne prieh\u013eadn\u00e1 mraven\u010dia farma je vhodn\u00e1 pre druhy mravcov ve\u013ekosti M.<\/p>\n<p><strong>Pozn\u00e1mky k v\u00fdrobe<\/strong><br \/>\nSklo sa br\u00fasi pod\u013ea normy DIN 1249 s toleranciou +\/- 1 mm. V pr\u00edpade extr\u00e9mne mal\u00fdch druhov mravcov je nevyhnutn\u00e1 dodato\u010dn\u00e1 ochrana proti \u00faniku.<\/p>\n<p><strong>Pozn\u00e1mka k farme<\/strong><br \/>\nPri upev\u0148ovan\u00ed r\u00farok dbajte na nasleduj\u00face pokyny:<br \/>\nAk sa r\u00farka ve\u013emi \u0165a\u017eko nasadzuje na pripojovaciu z\u00e1suvku, treba z\u00e1suvku z\u013eahka potrie\u0165 kvapkou n\u00e1\u0161ho oleja alebo pr\u00e1\u0161ku na ochranu proti vylomeniu. Hadica by sa potom mala nasun\u00fa\u0165 na z\u00e1suvku kr\u00fatiacimi alebo skrutkovac\u00edmi pohybmi bez toho, aby sa z\u00e1suvka nam\u00e1hala pohybmi nahor a nadol.<\/p>","protected":false},"excerpt":{"rendered":"<p><strong>Pripojenie<\/strong>: 27 mm otvor pre 28 mm hadicu alebo \"pr\u00edpojka na um\u00fdvadlo s hadicou pre 27 mm otvory\" + kryt Rozstup dosiek: Vn\u00fatri 52 mm<\/p>\n<p><strong>Ve\u013ekos\u0165<\/strong>: XL<\/p>","protected":false},"featured_media":9546,"comment_status":"open","ping_status":"closed","template":"","meta":{"_acf_changed":false,"content-type":"","_monsterinsights_skip_tracking":false,"_monsterinsights_sitenote_active":false,"_monsterinsights_sitenote_note":"","_monsterinsights_sitenote_category":0},"product_brand":[],"product_cat":[80,84],"product_tag":[],"class_list":{"0":"post-9218","1":"product","2":"type-product","3":"status-publish","4":"has-post-thumbnail","6":"product_cat-antfarms","7":"product_cat-antfarms-xl","8":"product_shipping_class-fragile","10":"first","11":"instock","12":"taxable","13":"shipping-taxable","14":"purchasable","15":"product-type-simple"},"acf":[],"aioseo_notices":[],"jetpack_sharing_enabled":true,"_links":{"self":[{"href":"https:\/\/antcube.shop\/sk\/wp-json\/wp\/v2\/product\/9218","targetHints":{"allow":["GET"]}}],"collection":[{"href":"https:\/\/antcube.shop\/sk\/wp-json\/wp\/v2\/product"}],"about":[{"href":"https:\/\/antcube.shop\/sk\/wp-json\/wp\/v2\/types\/product"}],"replies":[{"embeddable":true,"href":"https:\/\/antcube.shop\/sk\/wp-json\/wp\/v2\/comments?post=9218"}],"wp:featuredmedia":[{"embeddable":true,"href":"https:\/\/antcube.shop\/sk\/wp-json\/wp\/v2\/media\/9546"}],"wp:attachment":[{"href":"https:\/\/antcube.shop\/sk\/wp-json\/wp\/v2\/media?parent=9218"}],"wp:term":[{"taxonomy":"product_brand","embeddable":true,"href":"https:\/\/antcube.shop\/sk\/wp-json\/wp\/v2\/product_brand?post=9218"},{"taxonomy":"product_cat","embeddable":true,"href":"https:\/\/antcube.shop\/sk\/wp-json\/wp\/v2\/product_cat?post=9218"},{"taxonomy":"product_tag","embeddable":true,"href":"https:\/\/antcube.shop\/sk\/wp-json\/wp\/v2\/product_tag?post=9218"}],"curies":[{"name":"wp","href":"https:\/\/api.w.org\/{rel}","templated":true}]}}