{"id":9216,"date":"2024-09-17T14:24:00","date_gmt":"2024-09-17T12:24:00","guid":{"rendered":"https:\/\/antcube.shop\/en\/product\/antcube-ameisenfarm-l-20x10-stehend\/"},"modified":"2026-04-02T09:54:34","modified_gmt":"2026-04-02T07:54:34","slug":"mravenisko-l-20x10-stojace","status":"publish","type":"product","link":"https:\/\/antcube.shop\/sk\/produkt\/mravenisko-l-20x10-stojace\/","title":{"rendered":"ANTCUBE - Mravenisko - L - 20\u00d710 - stojace"},"content":{"rendered":"<p><strong>Rozmery (Dx\u0160xV):<\/strong><br \/>\nvonkaj\u0161ie rozmery: 234x58x99 mm<br \/>\nVn\u00fatorn\u00e9 rozmery: 184x20x90 mm<\/p>\n<p><strong>Materi\u00e1l:<\/strong><br \/>\nPl\u00e1vaj\u00face sklo, plast<\/p>\n<p><strong>farba:<\/strong><br \/>\nkri\u0161t\u00e1\u013eovo \u010dist\u00fd<\/p>\n<p><strong>Obsah:<\/strong><br \/>\n1x mravenisko ANTCUBE - rozstup dosiek 20 mm<br \/>\n1x kryt na mravenisko L 20\u00d73<br \/>\n2x z\u00e1str\u010dky 4 mm<\/p>\n<p><strong>Pripojenie:<\/strong><br \/>\n2x 14\/16\/18\/20 x 20 mm z\u00e1suvka<br \/>\n2x 4 mm otvory so 4 mm z\u00e1tkami<\/p>\n<p>Hadica 14\/10 je pevne zasunut\u00e1 do 14 mm z\u00e1suvky<br \/>\nHadica 20\/16 je pevne pripojen\u00e1 k prv\u00e9mu 16 mm kroku<br \/>\nHadica 22\/18 je pevne pripevnen\u00e1 k druh\u00e9mu 20 mm kroku<br \/>\nHadica 24\/20 je vo\u013ene nasaden\u00e1 na druhom 20 mm stupni<\/p>\n<p><strong>Popis: V s\u00fa\u010dasnosti je na trhu viac ako 10 000 zariaden\u00ed, ktor\u00e9 s\u00fa ur\u010den\u00e9 na predaj:<\/strong><br \/>\nT\u00e1to \u00faplne prieh\u013eadn\u00e1 mraven\u010dia farma je vhodn\u00e1 pre druhy mravcov ve\u013ekosti S.<\/p>\n<p><strong>Pozn\u00e1mky k v\u00fdrobe<\/strong><br \/>\nSklo sa br\u00fasi pod\u013ea normy DIN 1249 s toleranciou +\/- 1 mm. V pr\u00edpade extr\u00e9mne mal\u00fdch druhov mravcov je nevyhnutn\u00e1 dodato\u010dn\u00e1 ochrana proti \u00faniku.<\/p>\n<p><strong>Pozn\u00e1mka k farme<\/strong><br \/>\nPri prip\u00e1jan\u00ed alebo odoberan\u00ed had\u00edc dbajte na nasleduj\u00face pokyny:<br \/>\nAk sa r\u00farka ve\u013emi \u0165a\u017eko nasadzuje na pripojovaciu z\u00e1suvku, treba z\u00e1suvku z\u013eahka potrie\u0165 kvapkou n\u00e1\u0161ho oleja alebo pr\u00e1\u0161ku proti praskaniu. Hadica by sa potom mala nasun\u00fa\u0165 na obj\u00edmku kr\u00fatiacimi alebo skrutkovac\u00edmi pohybmi bez toho, aby sa obj\u00edmka nam\u00e1hala pohybmi nahor a nadol. To ist\u00e9 plat\u00ed aj pri odstra\u0148ovan\u00ed had\u00edc z pripojovacej z\u00e1suvky farmy. Neodstra\u0148ujte ju jednoducho!<\/p>","protected":false},"excerpt":{"rendered":"<p><strong>Pripojenie:<\/strong> Z\u00e1suvka 2 \u00d7 14\/16\/18\/20 mm + kryt Rozstupy medzi doskami: Vn\u00fatri 20 mm \/ vonku 28 mm<\/p>\n<p><strong>Ve\u013ekos\u0165:<\/strong> L<\/p>","protected":false},"featured_media":9550,"comment_status":"open","ping_status":"closed","template":"","meta":{"_acf_changed":false,"content-type":"","_monsterinsights_skip_tracking":false,"_monsterinsights_sitenote_active":false,"_monsterinsights_sitenote_note":"","_monsterinsights_sitenote_category":0},"product_brand":[],"product_cat":[80,83],"product_tag":[],"class_list":{"0":"post-9216","1":"product","2":"type-product","3":"status-publish","4":"has-post-thumbnail","6":"product_cat-antfarms","7":"product_cat-antfarms-l","9":"first","10":"instock","11":"taxable","12":"shipping-taxable","13":"purchasable","14":"product-type-simple"},"acf":[],"aioseo_notices":[],"jetpack_sharing_enabled":true,"_links":{"self":[{"href":"https:\/\/antcube.shop\/sk\/wp-json\/wp\/v2\/product\/9216","targetHints":{"allow":["GET"]}}],"collection":[{"href":"https:\/\/antcube.shop\/sk\/wp-json\/wp\/v2\/product"}],"about":[{"href":"https:\/\/antcube.shop\/sk\/wp-json\/wp\/v2\/types\/product"}],"replies":[{"embeddable":true,"href":"https:\/\/antcube.shop\/sk\/wp-json\/wp\/v2\/comments?post=9216"}],"wp:featuredmedia":[{"embeddable":true,"href":"https:\/\/antcube.shop\/sk\/wp-json\/wp\/v2\/media\/9550"}],"wp:attachment":[{"href":"https:\/\/antcube.shop\/sk\/wp-json\/wp\/v2\/media?parent=9216"}],"wp:term":[{"taxonomy":"product_brand","embeddable":true,"href":"https:\/\/antcube.shop\/sk\/wp-json\/wp\/v2\/product_brand?post=9216"},{"taxonomy":"product_cat","embeddable":true,"href":"https:\/\/antcube.shop\/sk\/wp-json\/wp\/v2\/product_cat?post=9216"},{"taxonomy":"product_tag","embeddable":true,"href":"https:\/\/antcube.shop\/sk\/wp-json\/wp\/v2\/product_tag?post=9216"}],"curies":[{"name":"wp","href":"https:\/\/api.w.org\/{rel}","templated":true}]}}