{"id":9215,"date":"2024-09-17T14:23:32","date_gmt":"2024-09-17T12:23:32","guid":{"rendered":"https:\/\/antcube.shop\/en\/product\/rote-abdeckplatte-30x30-liegend\/"},"modified":"2026-03-19T18:11:45","modified_gmt":"2026-03-19T17:11:45","slug":"cervena-krycia-doska-30x30-horizontalne","status":"publish","type":"product","link":"https:\/\/antcube.shop\/sk\/produkt\/cervena-krycia-doska-30x30-horizontalne\/","title":{"rendered":"\u010cerven\u00e1 krycia doska 30 \u00d7 30 - horizont\u00e1lna"},"content":{"rendered":"<p><strong>Rozmery:<\/strong> 280 x 280 mm,<br \/>\nHr\u00fabka: 3 mm<br \/>\nVonkaj\u0161\u00ed rozmer kr\u00fa\u017eku s otvorom 56 mm - vn\u00fatorn\u00fd rozmer otvoru 33 mm<\/p>\n<p><strong>Materi\u00e1l:<\/strong> PMMA<\/p>\n<p><strong>Farba:<\/strong> tmavo\u010derven\u00e1, prieh\u013eadn\u00e1<\/p>\n<p><strong>Obsah:<\/strong> 1 ks.<\/p>\n<p><strong>Popis: V s\u00fa\u010dasnosti je na trhu viac ako 10 000 zariaden\u00ed, ktor\u00e9 s\u00fa ur\u010den\u00e9 na predaj:<\/strong> \u010cerven\u00e1 prieh\u013eadn\u00e1 krycia doska - vodorovn\u00e1, sl\u00fa\u017ei na to, aby mravce z\u00edskali pocit podzemia. Preto odpor\u00fa\u010dame pou\u017e\u00edva\u0165 tento v\u00fdrobok aspo\u0148 \u010diasto\u010dne v oblasti hniezda. Mravce v hniezde m\u00f4\u017eete vidie\u0165 aj cez kryt.<\/p>\n<p>T\u00e1to krycia doska sa dokonale hod\u00ed pre n\u00e1\u0161 \"ANTCUBE - sadrov\u00e9 hniezdo 30 \u00d7 30 - horizont\u00e1lne\".<\/p>","protected":false},"excerpt":{"rendered":"<p>Rozmery: 180 x 180 mm, hr\u00fabka: Vonkaj\u0161\u00ed rozmer kr\u00fa\u017eku s otvorom 56 mm - vn\u00fatorn\u00fd rozmer otvoru 33 mm Materi\u00e1l: Farba: tmavo\u010derven\u00e1, prieh\u013eadn\u00e1 Obsah: Obsah: 1 ks.  \u010cerven\u00e1 prieh\u013eadn\u00e1 krycia doska - horizont\u00e1lna, sl\u00fa\u017ei na navodenie pocitu mraveniska v podzem\u00ed. Preto odpor\u00fa\u010dame pou\u017e\u00edva\u0165 tento v\u00fdrobok aspo\u0148 \u010diasto\u010dne v","protected":false},"featured_media":9552,"comment_status":"open","ping_status":"closed","template":"","meta":{"_acf_changed":false,"content-type":"","_monsterinsights_skip_tracking":false,"_monsterinsights_sitenote_active":false,"_monsterinsights_sitenote_note":"","_monsterinsights_sitenote_category":0},"product_brand":[],"product_cat":[119,239],"product_tag":[],"class_list":{"0":"post-9215","1":"product","2":"type-product","3":"status-publish","4":"has-post-thumbnail","6":"product_cat-formicarium-components","7":"product_cat-useful-additions","9":"first","10":"instock","11":"taxable","12":"shipping-taxable","13":"purchasable","14":"product-type-simple"},"acf":[],"aioseo_notices":[],"jetpack_sharing_enabled":true,"_links":{"self":[{"href":"https:\/\/antcube.shop\/sk\/wp-json\/wp\/v2\/product\/9215","targetHints":{"allow":["GET"]}}],"collection":[{"href":"https:\/\/antcube.shop\/sk\/wp-json\/wp\/v2\/product"}],"about":[{"href":"https:\/\/antcube.shop\/sk\/wp-json\/wp\/v2\/types\/product"}],"replies":[{"embeddable":true,"href":"https:\/\/antcube.shop\/sk\/wp-json\/wp\/v2\/comments?post=9215"}],"wp:featuredmedia":[{"embeddable":true,"href":"https:\/\/antcube.shop\/sk\/wp-json\/wp\/v2\/media\/9552"}],"wp:attachment":[{"href":"https:\/\/antcube.shop\/sk\/wp-json\/wp\/v2\/media?parent=9215"}],"wp:term":[{"taxonomy":"product_brand","embeddable":true,"href":"https:\/\/antcube.shop\/sk\/wp-json\/wp\/v2\/product_brand?post=9215"},{"taxonomy":"product_cat","embeddable":true,"href":"https:\/\/antcube.shop\/sk\/wp-json\/wp\/v2\/product_cat?post=9215"},{"taxonomy":"product_tag","embeddable":true,"href":"https:\/\/antcube.shop\/sk\/wp-json\/wp\/v2\/product_tag?post=9215"}],"curies":[{"name":"wp","href":"https:\/\/api.w.org\/{rel}","templated":true}]}}