{"id":9212,"date":"2024-09-17T14:21:53","date_gmt":"2024-09-17T12:21:53","guid":{"rendered":"https:\/\/antcube.shop\/en\/product\/agave-10cm\/"},"modified":"2026-03-11T13:48:49","modified_gmt":"2026-03-11T12:48:49","slug":"agave-10cm","status":"publish","type":"product","link":"https:\/\/antcube.shop\/sk\/produkt\/agave-10cm\/","title":{"rendered":"Ag\u00e1va - 10 cm"},"content":{"rendered":"<p><strong>Rozmery:<\/strong> 104 x 97 x 103 mm<\/p>\n<p><strong>Materi\u00e1l:<\/strong> polym\u00e9rbet\u00f3n, hlina, plast<\/p>\n<p><strong>Farba:<\/strong><br \/>\nZ\u00e1klad\u0148a: sivohned\u00e1<br \/>\nRastlina: tmavozelen\u00e1-svetlozelen\u00e1 so siv\u00fdm okrajom<\/p>\n<p><strong>Obsah:<\/strong> 1 kus<\/p>\n<p><strong>Popis: V s\u00fa\u010dasnosti je na trhu viac ako 10 000 zariaden\u00ed, ktor\u00e9 s\u00fa ur\u010den\u00e9 na predaj:<\/strong> Mal\u00e1 ag\u00e1va je vyroben\u00e1 z robustn\u00e9ho plastu a m\u00e1 z\u00e1klad\u0148u zo syntetickej \u017eivice so vzh\u013eadom kame\u0148a. V\u010faka tomu je mimoriadne odoln\u00e1 a nem\u00f4\u017eu ju po\u0161kodi\u0165 mravce.<br \/>\nNapriek tomu vyzer\u00e1 ve\u013emi prirodzene a atrakt\u00edvne a d\u00e1 sa \u013eahko integrova\u0165 do formik\u00e1ria.<\/p>\n<p><strong>Pozn\u00e1mka:<\/strong> Pred pou\u017eit\u00edm vy\u010distite pod te\u010d\u00facou vodou!<\/p>","protected":false},"excerpt":{"rendered":"<p>Rozmery: Materi\u00e1l: polym\u00e9rbet\u00f3n, hlina, plast Farba: Z\u00e1klad\u0148a: sivo-hned\u00e1 Rastlina: tmavo zelen\u00e1-svetlo zelen\u00e1 so siv\u00fdm okrajom Obsah: Obsah: 1 kus Popis: Zelen\u00e1 rastlina, zelen\u00e1 rastlina, zelen\u00e1 rastlina, zelen\u00e1 rastlina: Mal\u00e1 ag\u00e1va je vyroben\u00e1 z robustn\u00e9ho plastu a m\u00e1 z\u00e1klad\u0148u zo syntetickej \u017eivice so vzh\u013eadom kame\u0148a. V\u010faka tomu je mimoriadne odoln\u00e1 a nem\u00f4\u017eu ju po\u0161kodi\u0165 mravce.","protected":false},"featured_media":9659,"comment_status":"open","ping_status":"closed","template":"","meta":{"_acf_changed":false,"content-type":"","_monsterinsights_skip_tracking":false,"_monsterinsights_sitenote_active":false,"_monsterinsights_sitenote_note":"","_monsterinsights_sitenote_category":0},"product_brand":[],"product_cat":[98,99],"product_tag":[],"class_list":{"0":"post-9212","1":"product","2":"type-product","3":"status-publish","4":"has-post-thumbnail","6":"product_cat-decoration","7":"product_cat-desert","9":"first","10":"instock","11":"taxable","12":"shipping-taxable","13":"purchasable","14":"product-type-simple"},"acf":[],"aioseo_notices":[],"jetpack_sharing_enabled":true,"_links":{"self":[{"href":"https:\/\/antcube.shop\/sk\/wp-json\/wp\/v2\/product\/9212","targetHints":{"allow":["GET"]}}],"collection":[{"href":"https:\/\/antcube.shop\/sk\/wp-json\/wp\/v2\/product"}],"about":[{"href":"https:\/\/antcube.shop\/sk\/wp-json\/wp\/v2\/types\/product"}],"replies":[{"embeddable":true,"href":"https:\/\/antcube.shop\/sk\/wp-json\/wp\/v2\/comments?post=9212"}],"wp:featuredmedia":[{"embeddable":true,"href":"https:\/\/antcube.shop\/sk\/wp-json\/wp\/v2\/media\/9659"}],"wp:attachment":[{"href":"https:\/\/antcube.shop\/sk\/wp-json\/wp\/v2\/media?parent=9212"}],"wp:term":[{"taxonomy":"product_brand","embeddable":true,"href":"https:\/\/antcube.shop\/sk\/wp-json\/wp\/v2\/product_brand?post=9212"},{"taxonomy":"product_cat","embeddable":true,"href":"https:\/\/antcube.shop\/sk\/wp-json\/wp\/v2\/product_cat?post=9212"},{"taxonomy":"product_tag","embeddable":true,"href":"https:\/\/antcube.shop\/sk\/wp-json\/wp\/v2\/product_tag?post=9212"}],"curies":[{"name":"wp","href":"https:\/\/api.w.org\/{rel}","templated":true}]}}