{"id":9208,"date":"2024-09-17T14:19:38","date_gmt":"2024-09-17T12:19:38","guid":{"rendered":"https:\/\/antcube.shop\/en\/product\/kleines-fettblatt\/"},"modified":"2026-04-19T23:53:28","modified_gmt":"2026-04-19T21:53:28","slug":"kleines-fettblatt","status":"publish","type":"product","link":"https:\/\/antcube.shop\/sk\/produkt\/kleines-fettblatt\/","title":{"rendered":"Mal\u00e1 maslovka"},"content":{"rendered":"<p><strong>Rozmery:<\/strong> pribli\u017ene 70 x 40 x 100 mm<\/p>\n<p><strong>Materi\u00e1l:<\/strong> polym\u00e9rbet\u00f3n, hlina, plast<\/p>\n<p><strong>Farba:<\/strong><br \/>\nZ\u00e1klad: zelen\u00e1, svetlosiv\u00e1-tmavosiv\u00e1<br \/>\nRastlina: tmavozelen\u00e1<\/p>\n<p><strong>Obsah:<\/strong> 1 ks.<\/p>\n<p><strong>Popis: V s\u00fa\u010dasnosti je na trhu viac ako 10 000 zariaden\u00ed, ktor\u00e9 s\u00fa ur\u010den\u00e9 na predaj:<\/strong> Mal\u00fd mot\u00fdlik je vyroben\u00fd z robustn\u00e9ho plastu a m\u00e1 z\u00e1klad\u0148u zo syntetickej \u017eivice so vzh\u013eadom kame\u0148a. V\u010faka tomu je mimoriadne odoln\u00fd a nem\u00f4\u017eu ho po\u0161kodi\u0165 mravce. Napriek tomu vyzer\u00e1 ve\u013emi prirodzene a atrakt\u00edvne a mo\u017eno ho \u013eahko integrova\u0165 do formik\u00e1ria.<\/p>\n<p><strong>Pozn\u00e1mka:<\/strong> Pred pou\u017eit\u00edm vy\u010distite pod te\u010d\u00facou vodou!<\/p>","protected":false},"excerpt":{"rendered":"<p>Rozmery: pribli\u017ene 7 x 4 x 10 cm<\/p>","protected":false},"featured_media":9360,"comment_status":"open","ping_status":"closed","template":"","meta":{"_acf_changed":false,"content-type":"","_monsterinsights_skip_tracking":false,"_monsterinsights_sitenote_active":false,"_monsterinsights_sitenote_note":"","_monsterinsights_sitenote_category":0},"product_brand":[],"product_cat":[98,102,100],"product_tag":[],"class_list":{"0":"post-9208","1":"product","2":"type-product","3":"status-publish","4":"has-post-thumbnail","6":"product_cat-decoration","7":"product_cat-meadow","8":"product_cat-rainforest","10":"first","11":"outofstock","12":"taxable","13":"shipping-taxable","14":"purchasable","15":"product-type-simple"},"acf":[],"aioseo_notices":[],"jetpack_sharing_enabled":true,"_links":{"self":[{"href":"https:\/\/antcube.shop\/sk\/wp-json\/wp\/v2\/product\/9208","targetHints":{"allow":["GET"]}}],"collection":[{"href":"https:\/\/antcube.shop\/sk\/wp-json\/wp\/v2\/product"}],"about":[{"href":"https:\/\/antcube.shop\/sk\/wp-json\/wp\/v2\/types\/product"}],"replies":[{"embeddable":true,"href":"https:\/\/antcube.shop\/sk\/wp-json\/wp\/v2\/comments?post=9208"}],"wp:featuredmedia":[{"embeddable":true,"href":"https:\/\/antcube.shop\/sk\/wp-json\/wp\/v2\/media\/9360"}],"wp:attachment":[{"href":"https:\/\/antcube.shop\/sk\/wp-json\/wp\/v2\/media?parent=9208"}],"wp:term":[{"taxonomy":"product_brand","embeddable":true,"href":"https:\/\/antcube.shop\/sk\/wp-json\/wp\/v2\/product_brand?post=9208"},{"taxonomy":"product_cat","embeddable":true,"href":"https:\/\/antcube.shop\/sk\/wp-json\/wp\/v2\/product_cat?post=9208"},{"taxonomy":"product_tag","embeddable":true,"href":"https:\/\/antcube.shop\/sk\/wp-json\/wp\/v2\/product_tag?post=9208"}],"curies":[{"name":"wp","href":"https:\/\/api.w.org\/{rel}","templated":true}]}}